{"id":4313,"date":"2024-02-02T00:20:21","date_gmt":"2024-02-02T00:20:21","guid":{"rendered":"https:\/\/inco-rep.com\/?page_id=4313"},"modified":"2024-02-15T20:55:00","modified_gmt":"2024-02-15T20:55:00","slug":"nosotros","status":"publish","type":"page","link":"https:\/\/inco-rep.com\/en\/nosotros\/","title":{"rendered":"About Us"},"content":{"rendered":"<div data-elementor-type=\"wp-page\" data-elementor-id=\"4313\" class=\"elementor elementor-4313\">\n\t\t\t\t\t\t<section class=\"elementor-section elementor-top-section elementor-element elementor-element-3f20d93 elementor-section-boxed elementor-section-height-default elementor-section-height-default\" data-id=\"3f20d93\" data-element_type=\"section\">\n\t\t\t\t\t\t<div class=\"elementor-container elementor-column-gap-extended\">\n\t\t\t\t\t<div class=\"elementor-column elementor-col-50 elementor-top-column elementor-element elementor-element-6cc43bd\" data-id=\"6cc43bd\" data-element_type=\"column\">\n\t\t\t<div class=\"elementor-widget-wrap elementor-element-populated\">\n\t\t\t\t\t\t<div class=\"elementor-element elementor-element-f02449c elementor-widget elementor-widget-image\" data-id=\"f02449c\" data-element_type=\"widget\" data-widget_type=\"image.default\">\n\t\t\t\t<div class=\"elementor-widget-container\">\n\t\t\t<style>\/*! elementor - v3.23.0 - 05-08-2024 *\/\n.elementor-widget-image{text-align:center}.elementor-widget-image a{display:inline-block}.elementor-widget-image a img[src$=\".svg\"]{width:48px}.elementor-widget-image img{vertical-align:middle;display:inline-block}<\/style>\t\t\t\t\t\t\t\t\t\t<img fetchpriority=\"high\" decoding=\"async\" width=\"512\" height=\"512\" src=\"https:\/\/inco-rep.com\/wp-content\/uploads\/2024\/02\/cropped-ico.jpg\" class=\"attachment-full size-full wp-image-4354\" alt=\"\" srcset=\"https:\/\/inco-rep.com\/wp-content\/uploads\/2024\/02\/cropped-ico.jpg 512w, https:\/\/inco-rep.com\/wp-content\/uploads\/2024\/02\/cropped-ico-300x300.jpg 300w, https:\/\/inco-rep.com\/wp-content\/uploads\/2024\/02\/cropped-ico-150x150.jpg 150w, https:\/\/inco-rep.com\/wp-content\/uploads\/2024\/02\/cropped-ico-12x12.jpg 12w, https:\/\/inco-rep.com\/wp-content\/uploads\/2024\/02\/cropped-ico-450x450.jpg 450w, https:\/\/inco-rep.com\/wp-content\/uploads\/2024\/02\/cropped-ico-54x54.jpg 54w, https:\/\/inco-rep.com\/wp-content\/uploads\/2024\/02\/cropped-ico-96x96.jpg 96w, https:\/\/inco-rep.com\/wp-content\/uploads\/2024\/02\/cropped-ico-270x270.jpg 270w, https:\/\/inco-rep.com\/wp-content\/uploads\/2024\/02\/cropped-ico-192x192.jpg 192w, https:\/\/inco-rep.com\/wp-content\/uploads\/2024\/02\/cropped-ico-180x180.jpg 180w, https:\/\/inco-rep.com\/wp-content\/uploads\/2024\/02\/cropped-ico-32x32.jpg 32w\" sizes=\"(max-width: 512px) 100vw, 512px\" \/>\t\t\t\t\t\t\t\t\t\t\t\t\t<\/div>\n\t\t\t\t<\/div>\n\t\t\t\t\t<\/div>\n\t\t<\/div>\n\t\t\t\t<div class=\"elementor-column elementor-col-50 elementor-top-column elementor-element elementor-element-5e35166\" data-id=\"5e35166\" data-element_type=\"column\">\n\t\t\t<div class=\"elementor-widget-wrap elementor-element-populated\">\n\t\t\t\t\t\t<div class=\"elementor-element elementor-element-aa69fbe elementor-widget elementor-widget-heading\" data-id=\"aa69fbe\" data-element_type=\"widget\" data-widget_type=\"heading.default\">\n\t\t\t\t<div class=\"elementor-widget-container\">\n\t\t\t<style>\/*! elementor - v3.23.0 - 05-08-2024 *\/\n.elementor-heading-title{padding:0;margin:0;line-height:1}.elementor-widget-heading .elementor-heading-title[class*=elementor-size-]>a{color:inherit;font-size:inherit;line-height:inherit}.elementor-widget-heading .elementor-heading-title.elementor-size-small{font-size:15px}.elementor-widget-heading .elementor-heading-title.elementor-size-medium{font-size:19px}.elementor-widget-heading .elementor-heading-title.elementor-size-large{font-size:29px}.elementor-widget-heading .elementor-heading-title.elementor-size-xl{font-size:39px}.elementor-widget-heading .elementor-heading-title.elementor-size-xxl{font-size:59px}<\/style><span class=\"elementor-heading-title elementor-size-default\">Installation and Supply of Environmental products\n<\/span>\t\t<\/div>\n\t\t\t\t<\/div>\n\t\t\t\t<div class=\"elementor-element elementor-element-17c213c elementor-widget elementor-widget-heading\" data-id=\"17c213c\" data-element_type=\"widget\" data-widget_type=\"heading.default\">\n\t\t\t\t<div class=\"elementor-widget-container\">\n\t\t\t<h2 class=\"elementor-heading-title elementor-size-default\">Mission<\/h2>\t\t<\/div>\n\t\t\t\t<\/div>\n\t\t\t\t<div class=\"elementor-element elementor-element-3e68662 elementor-widget elementor-widget-text-editor\" data-id=\"3e68662\" data-element_type=\"widget\" data-widget_type=\"text-editor.default\">\n\t\t\t\t<div class=\"elementor-widget-container\">\n\t\t\t<style>\/*! elementor - v3.23.0 - 05-08-2024 *\/\n.elementor-widget-text-editor.elementor-drop-cap-view-stacked .elementor-drop-cap{background-color:#69727d;color:#fff}.elementor-widget-text-editor.elementor-drop-cap-view-framed .elementor-drop-cap{color:#69727d;border:3px solid;background-color:transparent}.elementor-widget-text-editor:not(.elementor-drop-cap-view-default) .elementor-drop-cap{margin-top:8px}.elementor-widget-text-editor:not(.elementor-drop-cap-view-default) .elementor-drop-cap-letter{width:1em;height:1em}.elementor-widget-text-editor .elementor-drop-cap{float:left;text-align:center;line-height:1;font-size:50px}.elementor-widget-text-editor .elementor-drop-cap-letter{display:inline-block}<\/style>\t\t\t\t<p>We are a company that supplies and installs products for environmental improvement and control. We focus on satisfying the needs of our clients, relying on technology, competent personnel and being socially responsible.<\/p>\t\t\t\t\t\t<\/div>\n\t\t\t\t<\/div>\n\t\t\t\t\t<\/div>\n\t\t<\/div>\n\t\t\t\t\t<\/div>\n\t\t<\/section>\n\t\t<div class=\"elementor-element elementor-element-d4adba5 e-flex e-con-boxed e-con e-parent\" data-id=\"d4adba5\" data-element_type=\"container\">\n\t\t\t\t\t<div class=\"e-con-inner\">\n\t\t\t\t<div class=\"elementor-element elementor-element-33a6c8a elementor-widget-divider--view-line elementor-widget elementor-widget-divider\" data-id=\"33a6c8a\" data-element_type=\"widget\" data-widget_type=\"divider.default\">\n\t\t\t\t<div class=\"elementor-widget-container\">\n\t\t\t<style>\/*! elementor - v3.23.0 - 05-08-2024 *\/\n.elementor-widget-divider{--divider-border-style:none;--divider-border-width:1px;--divider-color:#0c0d0e;--divider-icon-size:20px;--divider-element-spacing:10px;--divider-pattern-height:24px;--divider-pattern-size:20px;--divider-pattern-url:none;--divider-pattern-repeat:repeat-x}.elementor-widget-divider .elementor-divider{display:flex}.elementor-widget-divider .elementor-divider__text{font-size:15px;line-height:1;max-width:95%}.elementor-widget-divider .elementor-divider__element{margin:0 var(--divider-element-spacing);flex-shrink:0}.elementor-widget-divider .elementor-icon{font-size:var(--divider-icon-size)}.elementor-widget-divider .elementor-divider-separator{display:flex;margin:0;direction:ltr}.elementor-widget-divider--view-line_icon .elementor-divider-separator,.elementor-widget-divider--view-line_text .elementor-divider-separator{align-items:center}.elementor-widget-divider--view-line_icon .elementor-divider-separator:after,.elementor-widget-divider--view-line_icon .elementor-divider-separator:before,.elementor-widget-divider--view-line_text .elementor-divider-separator:after,.elementor-widget-divider--view-line_text .elementor-divider-separator:before{display:block;content:\"\";border-block-end:0;flex-grow:1;border-block-start:var(--divider-border-width) var(--divider-border-style) var(--divider-color)}.elementor-widget-divider--element-align-left .elementor-divider .elementor-divider-separator>.elementor-divider__svg:first-of-type{flex-grow:0;flex-shrink:100}.elementor-widget-divider--element-align-left .elementor-divider-separator:before{content:none}.elementor-widget-divider--element-align-left .elementor-divider__element{margin-left:0}.elementor-widget-divider--element-align-right .elementor-divider .elementor-divider-separator>.elementor-divider__svg:last-of-type{flex-grow:0;flex-shrink:100}.elementor-widget-divider--element-align-right .elementor-divider-separator:after{content:none}.elementor-widget-divider--element-align-right .elementor-divider__element{margin-right:0}.elementor-widget-divider--element-align-start .elementor-divider .elementor-divider-separator>.elementor-divider__svg:first-of-type{flex-grow:0;flex-shrink:100}.elementor-widget-divider--element-align-start .elementor-divider-separator:before{content:none}.elementor-widget-divider--element-align-start .elementor-divider__element{margin-inline-start:0}.elementor-widget-divider--element-align-end .elementor-divider .elementor-divider-separator>.elementor-divider__svg:last-of-type{flex-grow:0;flex-shrink:100}.elementor-widget-divider--element-align-end .elementor-divider-separator:after{content:none}.elementor-widget-divider--element-align-end .elementor-divider__element{margin-inline-end:0}.elementor-widget-divider:not(.elementor-widget-divider--view-line_text):not(.elementor-widget-divider--view-line_icon) .elementor-divider-separator{border-block-start:var(--divider-border-width) var(--divider-border-style) var(--divider-color)}.elementor-widget-divider--separator-type-pattern{--divider-border-style:none}.elementor-widget-divider--separator-type-pattern.elementor-widget-divider--view-line .elementor-divider-separator,.elementor-widget-divider--separator-type-pattern:not(.elementor-widget-divider--view-line) .elementor-divider-separator:after,.elementor-widget-divider--separator-type-pattern:not(.elementor-widget-divider--view-line) .elementor-divider-separator:before,.elementor-widget-divider--separator-type-pattern:not([class*=elementor-widget-divider--view]) .elementor-divider-separator{width:100%;min-height:var(--divider-pattern-height);-webkit-mask-size:var(--divider-pattern-size) 100%;mask-size:var(--divider-pattern-size) 100%;-webkit-mask-repeat:var(--divider-pattern-repeat);mask-repeat:var(--divider-pattern-repeat);background-color:var(--divider-color);-webkit-mask-image:var(--divider-pattern-url);mask-image:var(--divider-pattern-url)}.elementor-widget-divider--no-spacing{--divider-pattern-size:auto}.elementor-widget-divider--bg-round{--divider-pattern-repeat:round}.rtl .elementor-widget-divider .elementor-divider__text{direction:rtl}.e-con-inner>.elementor-widget-divider,.e-con>.elementor-widget-divider{width:var(--container-widget-width,100%);--flex-grow:var(--container-widget-flex-grow)}<\/style>\t\t<div class=\"elementor-divider\">\n\t\t\t<span class=\"elementor-divider-separator\">\n\t\t\t\t\t\t<\/span>\n\t\t<\/div>\n\t\t\t\t<\/div>\n\t\t\t\t<\/div>\n\t\t\t\t\t<\/div>\n\t\t\t\t<\/div>\n\t\t\t\t<section class=\"elementor-section elementor-top-section elementor-element elementor-element-3802806 elementor-section-boxed elementor-section-height-default elementor-section-height-default\" data-id=\"3802806\" data-element_type=\"section\">\n\t\t\t\t\t\t<div class=\"elementor-container elementor-column-gap-extended\">\n\t\t\t\t\t<div class=\"elementor-column elementor-col-50 elementor-top-column elementor-element elementor-element-4af9446\" data-id=\"4af9446\" data-element_type=\"column\">\n\t\t\t<div class=\"elementor-widget-wrap elementor-element-populated\">\n\t\t\t\t\t\t<div class=\"elementor-element elementor-element-b37d478 elementor-widget elementor-widget-heading\" data-id=\"b37d478\" data-element_type=\"widget\" data-widget_type=\"heading.default\">\n\t\t\t\t<div class=\"elementor-widget-container\">\n\t\t\t<span class=\"elementor-heading-title elementor-size-default\">Be Leaders in Sales, Distribution and Installation<\/span>\t\t<\/div>\n\t\t\t\t<\/div>\n\t\t\t\t<div class=\"elementor-element elementor-element-3237ef9 elementor-widget elementor-widget-heading\" data-id=\"3237ef9\" data-element_type=\"widget\" data-widget_type=\"heading.default\">\n\t\t\t\t<div class=\"elementor-widget-container\">\n\t\t\t<h2 class=\"elementor-heading-title elementor-size-default\">Vision<\/h2>\t\t<\/div>\n\t\t\t\t<\/div>\n\t\t\t\t<div class=\"elementor-element elementor-element-d873c8b elementor-widget elementor-widget-text-editor\" data-id=\"d873c8b\" data-element_type=\"widget\" data-widget_type=\"text-editor.default\">\n\t\t\t\t<div class=\"elementor-widget-container\">\n\t\t\t\t\t\t\t<p>To be a leading company in the sale, distribution and installation of products for environmental control. with constant and sustained growth.<\/p>\t\t\t\t\t\t<\/div>\n\t\t\t\t<\/div>\n\t\t\t\t\t<\/div>\n\t\t<\/div>\n\t\t\t\t<div class=\"elementor-column elementor-col-50 elementor-top-column elementor-element elementor-element-479b388\" data-id=\"479b388\" data-element_type=\"column\">\n\t\t\t<div class=\"elementor-widget-wrap elementor-element-populated\">\n\t\t\t\t\t\t<div class=\"elementor-element elementor-element-3df2be7 elementor-widget elementor-widget-image\" data-id=\"3df2be7\" data-element_type=\"widget\" data-widget_type=\"image.default\">\n\t\t\t\t<div class=\"elementor-widget-container\">\n\t\t\t\t\t\t\t\t\t\t\t\t\t<img decoding=\"async\" width=\"512\" height=\"512\" src=\"https:\/\/inco-rep.com\/wp-content\/uploads\/2024\/02\/cropped-ico.jpg\" class=\"attachment-large size-large wp-image-4354\" alt=\"\" srcset=\"https:\/\/inco-rep.com\/wp-content\/uploads\/2024\/02\/cropped-ico.jpg 512w, https:\/\/inco-rep.com\/wp-content\/uploads\/2024\/02\/cropped-ico-300x300.jpg 300w, https:\/\/inco-rep.com\/wp-content\/uploads\/2024\/02\/cropped-ico-150x150.jpg 150w, https:\/\/inco-rep.com\/wp-content\/uploads\/2024\/02\/cropped-ico-12x12.jpg 12w, https:\/\/inco-rep.com\/wp-content\/uploads\/2024\/02\/cropped-ico-450x450.jpg 450w, https:\/\/inco-rep.com\/wp-content\/uploads\/2024\/02\/cropped-ico-54x54.jpg 54w, https:\/\/inco-rep.com\/wp-content\/uploads\/2024\/02\/cropped-ico-96x96.jpg 96w, https:\/\/inco-rep.com\/wp-content\/uploads\/2024\/02\/cropped-ico-270x270.jpg 270w, https:\/\/inco-rep.com\/wp-content\/uploads\/2024\/02\/cropped-ico-192x192.jpg 192w, https:\/\/inco-rep.com\/wp-content\/uploads\/2024\/02\/cropped-ico-180x180.jpg 180w, https:\/\/inco-rep.com\/wp-content\/uploads\/2024\/02\/cropped-ico-32x32.jpg 32w\" sizes=\"(max-width: 512px) 100vw, 512px\" \/>\t\t\t\t\t\t\t\t\t\t\t\t\t<\/div>\n\t\t\t\t<\/div>\n\t\t\t\t\t<\/div>\n\t\t<\/div>\n\t\t\t\t\t<\/div>\n\t\t<\/section>\n\t\t\t\t<\/div>","protected":false},"excerpt":{"rendered":"<p>Instalaci\u00f3n y Suministro de productos Ambientales Misi\u00f3n Somos una empresa de suministro e instalaci\u00f3n de productos para mejora y control ambiental, nos enfocamos en satisfacer las necesidades de nuestros clientes, apoy\u00e1ndonos en tecnolog\u00eda, personal competente y siendo socialmente responsable. Ser L\u00edderes en Venta, Distribuci\u00f3n e Instalaci\u00f3n Visi\u00f3n Ser una empresa l\u00edder en la venta, distribuci\u00f3n<\/p>\n<div class=\"klb-readmore button\"><a class=\"btn link\" href=\"https:\/\/inco-rep.com\/en\/nosotros\/\">Read More <i class=\"klbth-icon-right-arrow\"><\/i><\/a><\/div>","protected":false},"author":1,"featured_media":0,"parent":0,"menu_order":0,"comment_status":"closed","ping_status":"closed","template":"","meta":{"footnotes":""},"class_list":["post-4313","page","type-page","status-publish","hentry"],"yoast_head":"<!-- This site is optimized with the Yoast SEO plugin v23.3 - https:\/\/yoast.com\/wordpress\/plugins\/seo\/ -->\n<title>Inco Suministros Ambientales | Nosotros<\/title>\n<meta name=\"description\" content=\"Inco Suministros Ambientales es una empresa mexicana dedicada a distribuir e instalar suministros de control y mejora del ambiente.\" \/>\n<meta name=\"robots\" content=\"index, follow, max-snippet:-1, max-image-preview:large, max-video-preview:-1\" \/>\n<link rel=\"canonical\" href=\"https:\/\/inco-rep.com\/en\/nosotros\/\" \/>\n<meta property=\"og:locale\" content=\"en_US\" \/>\n<meta property=\"og:type\" content=\"article\" \/>\n<meta property=\"og:title\" content=\"Inco Suministros Ambientales | Nosotros\" \/>\n<meta property=\"og:description\" content=\"Inco Suministros Ambientales es una empresa mexicana dedicada a distribuir e instalar suministros de control y mejora del ambiente.\" \/>\n<meta property=\"og:url\" content=\"https:\/\/inco-rep.com\/en\/nosotros\/\" \/>\n<meta property=\"og:site_name\" content=\"Inco Suministros Ambientales\" \/>\n<meta property=\"article:modified_time\" content=\"2024-02-15T20:55:00+00:00\" \/>\n<meta property=\"og:image\" content=\"http:\/\/inco-rep.com\/wp-content\/uploads\/2024\/02\/cropped-ico.jpg\" \/>\n<meta name=\"twitter:card\" content=\"summary_large_image\" \/>\n<meta name=\"twitter:label1\" content=\"Est. reading time\" \/>\n\t<meta name=\"twitter:data1\" content=\"1 minute\" \/>\n<script type=\"application\/ld+json\" class=\"yoast-schema-graph\">{\"@context\":\"https:\/\/schema.org\",\"@graph\":[{\"@type\":\"WebPage\",\"@id\":\"https:\/\/inco-rep.com\/nosotros\/\",\"url\":\"https:\/\/inco-rep.com\/nosotros\/\",\"name\":\"Inco Suministros Ambientales | Nosotros\",\"isPartOf\":{\"@id\":\"https:\/\/inco-rep.com\/#website\"},\"primaryImageOfPage\":{\"@id\":\"https:\/\/inco-rep.com\/nosotros\/#primaryimage\"},\"image\":{\"@id\":\"https:\/\/inco-rep.com\/nosotros\/#primaryimage\"},\"thumbnailUrl\":\"http:\/\/inco-rep.com\/wp-content\/uploads\/2024\/02\/cropped-ico.jpg\",\"datePublished\":\"2024-02-02T00:20:21+00:00\",\"dateModified\":\"2024-02-15T20:55:00+00:00\",\"description\":\"Inco Suministros Ambientales es una empresa mexicana dedicada a distribuir e instalar suministros de control y mejora del ambiente.\",\"breadcrumb\":{\"@id\":\"https:\/\/inco-rep.com\/nosotros\/#breadcrumb\"},\"inLanguage\":\"en-US\",\"potentialAction\":[{\"@type\":\"ReadAction\",\"target\":[\"https:\/\/inco-rep.com\/nosotros\/\"]}]},{\"@type\":\"ImageObject\",\"inLanguage\":\"en-US\",\"@id\":\"https:\/\/inco-rep.com\/nosotros\/#primaryimage\",\"url\":\"http:\/\/inco-rep.com\/wp-content\/uploads\/2024\/02\/cropped-ico.jpg\",\"contentUrl\":\"http:\/\/inco-rep.com\/wp-content\/uploads\/2024\/02\/cropped-ico.jpg\"},{\"@type\":\"BreadcrumbList\",\"@id\":\"https:\/\/inco-rep.com\/nosotros\/#breadcrumb\",\"itemListElement\":[{\"@type\":\"ListItem\",\"position\":1,\"name\":\"Inicio\",\"item\":\"https:\/\/inco-rep.com\/\"},{\"@type\":\"ListItem\",\"position\":2,\"name\":\"Nosotros\"}]},{\"@type\":\"WebSite\",\"@id\":\"https:\/\/inco-rep.com\/#website\",\"url\":\"https:\/\/inco-rep.com\/\",\"name\":\"Inco Suministros Ambientales\",\"description\":\"\",\"publisher\":{\"@id\":\"https:\/\/inco-rep.com\/#organization\"},\"potentialAction\":[{\"@type\":\"SearchAction\",\"target\":{\"@type\":\"EntryPoint\",\"urlTemplate\":\"https:\/\/inco-rep.com\/?s={search_term_string}\"},\"query-input\":\"required name=search_term_string\"}],\"inLanguage\":\"en-US\"},{\"@type\":\"Organization\",\"@id\":\"https:\/\/inco-rep.com\/#organization\",\"name\":\"Inco Suministros Ambientales\",\"url\":\"https:\/\/inco-rep.com\/\",\"logo\":{\"@type\":\"ImageObject\",\"inLanguage\":\"en-US\",\"@id\":\"https:\/\/inco-rep.com\/#\/schema\/logo\/image\/\",\"url\":\"https:\/\/inco-rep.com\/wp-content\/uploads\/2024\/02\/logo-2.png\",\"contentUrl\":\"https:\/\/inco-rep.com\/wp-content\/uploads\/2024\/02\/logo-2.png\",\"width\":180,\"height\":59,\"caption\":\"Inco Suministros Ambientales\"},\"image\":{\"@id\":\"https:\/\/inco-rep.com\/#\/schema\/logo\/image\/\"}}]}<\/script>\n<!-- \/ Yoast SEO plugin. -->","yoast_head_json":{"title":"Inco Suministros Ambientales | Nosotros","description":"Inco Suministros Ambientales es una empresa mexicana dedicada a distribuir e instalar suministros de control y mejora del ambiente.","robots":{"index":"index","follow":"follow","max-snippet":"max-snippet:-1","max-image-preview":"max-image-preview:large","max-video-preview":"max-video-preview:-1"},"canonical":"https:\/\/inco-rep.com\/en\/nosotros\/","og_locale":"en_US","og_type":"article","og_title":"Inco Suministros Ambientales | Nosotros","og_description":"Inco Suministros Ambientales es una empresa mexicana dedicada a distribuir e instalar suministros de control y mejora del ambiente.","og_url":"https:\/\/inco-rep.com\/en\/nosotros\/","og_site_name":"Inco Suministros Ambientales","article_modified_time":"2024-02-15T20:55:00+00:00","og_image":[{"url":"http:\/\/inco-rep.com\/wp-content\/uploads\/2024\/02\/cropped-ico.jpg"}],"twitter_card":"summary_large_image","twitter_misc":{"Est. reading time":"1 minute"},"schema":{"@context":"https:\/\/schema.org","@graph":[{"@type":"WebPage","@id":"https:\/\/inco-rep.com\/nosotros\/","url":"https:\/\/inco-rep.com\/nosotros\/","name":"Inco Suministros Ambientales | Nosotros","isPartOf":{"@id":"https:\/\/inco-rep.com\/#website"},"primaryImageOfPage":{"@id":"https:\/\/inco-rep.com\/nosotros\/#primaryimage"},"image":{"@id":"https:\/\/inco-rep.com\/nosotros\/#primaryimage"},"thumbnailUrl":"http:\/\/inco-rep.com\/wp-content\/uploads\/2024\/02\/cropped-ico.jpg","datePublished":"2024-02-02T00:20:21+00:00","dateModified":"2024-02-15T20:55:00+00:00","description":"Inco Suministros Ambientales es una empresa mexicana dedicada a distribuir e instalar suministros de control y mejora del ambiente.","breadcrumb":{"@id":"https:\/\/inco-rep.com\/nosotros\/#breadcrumb"},"inLanguage":"en-US","potentialAction":[{"@type":"ReadAction","target":["https:\/\/inco-rep.com\/nosotros\/"]}]},{"@type":"ImageObject","inLanguage":"en-US","@id":"https:\/\/inco-rep.com\/nosotros\/#primaryimage","url":"http:\/\/inco-rep.com\/wp-content\/uploads\/2024\/02\/cropped-ico.jpg","contentUrl":"http:\/\/inco-rep.com\/wp-content\/uploads\/2024\/02\/cropped-ico.jpg"},{"@type":"BreadcrumbList","@id":"https:\/\/inco-rep.com\/nosotros\/#breadcrumb","itemListElement":[{"@type":"ListItem","position":1,"name":"Inicio","item":"https:\/\/inco-rep.com\/"},{"@type":"ListItem","position":2,"name":"Nosotros"}]},{"@type":"WebSite","@id":"https:\/\/inco-rep.com\/#website","url":"https:\/\/inco-rep.com\/","name":"Inco Suministros Ambientales","description":"","publisher":{"@id":"https:\/\/inco-rep.com\/#organization"},"potentialAction":[{"@type":"SearchAction","target":{"@type":"EntryPoint","urlTemplate":"https:\/\/inco-rep.com\/?s={search_term_string}"},"query-input":"required name=search_term_string"}],"inLanguage":"en-US"},{"@type":"Organization","@id":"https:\/\/inco-rep.com\/#organization","name":"Inco Suministros Ambientales","url":"https:\/\/inco-rep.com\/","logo":{"@type":"ImageObject","inLanguage":"en-US","@id":"https:\/\/inco-rep.com\/#\/schema\/logo\/image\/","url":"https:\/\/inco-rep.com\/wp-content\/uploads\/2024\/02\/logo-2.png","contentUrl":"https:\/\/inco-rep.com\/wp-content\/uploads\/2024\/02\/logo-2.png","width":180,"height":59,"caption":"Inco Suministros Ambientales"},"image":{"@id":"https:\/\/inco-rep.com\/#\/schema\/logo\/image\/"}}]}},"_links":{"self":[{"href":"https:\/\/inco-rep.com\/en\/wp-json\/wp\/v2\/pages\/4313","targetHints":{"allow":["GET"]}}],"collection":[{"href":"https:\/\/inco-rep.com\/en\/wp-json\/wp\/v2\/pages"}],"about":[{"href":"https:\/\/inco-rep.com\/en\/wp-json\/wp\/v2\/types\/page"}],"author":[{"embeddable":true,"href":"https:\/\/inco-rep.com\/en\/wp-json\/wp\/v2\/users\/1"}],"replies":[{"embeddable":true,"href":"https:\/\/inco-rep.com\/en\/wp-json\/wp\/v2\/comments?post=4313"}],"version-history":[{"count":16,"href":"https:\/\/inco-rep.com\/en\/wp-json\/wp\/v2\/pages\/4313\/revisions"}],"predecessor-version":[{"id":4784,"href":"https:\/\/inco-rep.com\/en\/wp-json\/wp\/v2\/pages\/4313\/revisions\/4784"}],"wp:attachment":[{"href":"https:\/\/inco-rep.com\/en\/wp-json\/wp\/v2\/media?parent=4313"}],"curies":[{"name":"wp","href":"https:\/\/api.w.org\/{rel}","templated":true}]}}