{"id":4315,"date":"2024-02-02T00:20:32","date_gmt":"2024-02-02T00:20:32","guid":{"rendered":"https:\/\/inco-rep.com\/?page_id=4315"},"modified":"2024-02-15T20:57:23","modified_gmt":"2024-02-15T20:57:23","slug":"productos","status":"publish","type":"page","link":"https:\/\/inco-rep.com\/en\/productos\/","title":{"rendered":"Products"},"content":{"rendered":"<div data-elementor-type=\"wp-page\" data-elementor-id=\"4315\" class=\"elementor elementor-4315\">\n\t\t\t\t<div class=\"elementor-element elementor-element-3872292 e-flex e-con-boxed e-con e-parent\" data-id=\"3872292\" data-element_type=\"container\">\n\t\t\t\t\t<div class=\"e-con-inner\">\n\t\t\t\t<div class=\"elementor-element elementor-element-02cf5d6 elementor-widget elementor-widget-partdo-product-categories\" data-id=\"02cf5d6\" data-element_type=\"widget\" data-widget_type=\"partdo-product-categories.default\">\n\t\t\t\t<div class=\"elementor-widget-container\">\n\t\t\t<div class=\"row\"> <div class=\"klb-product-category col col-12 col-md-6 col-lg-4\"><div class=\"klbth-module klbth-module-categories style-2\"><div class=\"klbth-module-body\"><div class=\"categories list-style\"> <div class=\"category\"><div class=\"entry-media\"><a href=\"https:\/\/inco-rep.com\/en\/product-category\/filtro\/\"> <img decoding=\"async\" src=\"https:\/\/inco-rep.com\/wp-content\/uploads\/2024\/02\/filtro-pleat.jpg\" alt=\"Filtros\"\/><\/a><\/div><div class=\"entry-detail\"> <h4 class=\"category-name\">Filters<\/h4><div class=\"sub-categories\"> <ul><li><a href=\"https:\/\/inco-rep.com\/en\/product-category\/filtro\/paint-spray-booth\/\">Paint Spray Booth<\/a><\/li><li><a href=\"https:\/\/inco-rep.com\/en\/product-category\/filtro\/filtro-pleat\/\">Pleated Panel Filter<\/a><\/li><li><a href=\"https:\/\/inco-rep.com\/en\/product-category\/filtro\/filtro-de-bolsa\/\">Bag Filter<\/a><\/li><li><a href=\"https:\/\/inco-rep.com\/en\/product-category\/filtro\/filtro-desechable\/\">Disposable Filter<\/a><\/li><\/ul><\/div><a class=\"btn link\" href=\"https:\/\/inco-rep.com\/en\/product-category\/filtro\/\"> All Filtros <i class=\"klbth-icon-arrow-right-long\"><\/i><\/a><\/div><\/div><\/div><\/div><\/div><\/div><div class=\"klb-product-category col col-12 col-md-6 col-lg-4\"><div class=\"klbth-module klbth-module-categories style-2\"><div class=\"klbth-module-body\"><div class=\"categories list-style\"> <div class=\"category\"><div class=\"entry-media\"><a href=\"https:\/\/inco-rep.com\/en\/product-category\/cortinas\/\"> <img decoding=\"async\" src=\"https:\/\/inco-rep.com\/wp-content\/uploads\/2024\/02\/cortinas.jpg\" alt=\"Cortinas Hawaianas PVC\"\/><\/a><\/div><div class=\"entry-detail\"> <h4 class=\"category-name\">PVC Curtains<\/h4><div class=\"sub-categories\"> <ul><li><a href=\"https:\/\/inco-rep.com\/en\/product-category\/cortinas\/accesorios\/\">Accessories<\/a><\/li><li><a href=\"https:\/\/inco-rep.com\/en\/product-category\/cortinas\/cortinas-2\/\">Plastic<\/a><\/li><\/ul><\/div><a class=\"btn link\" href=\"https:\/\/inco-rep.com\/en\/product-category\/cortinas\/\"> All Cortinas Hawaianas PVC <i class=\"klbth-icon-arrow-right-long\"><\/i><\/a><\/div><\/div><\/div><\/div><\/div><\/div><div class=\"klb-product-category col col-12 col-md-6 col-lg-4\"><div class=\"klbth-module klbth-module-categories style-2\"><div class=\"klbth-module-body\"><div class=\"categories list-style\"> <div class=\"category\"><div class=\"entry-media\"><a href=\"https:\/\/inco-rep.com\/en\/product-category\/cortinas-de-aire\/\"> <img decoding=\"async\" src=\"https:\/\/inco-rep.com\/wp-content\/uploads\/2024\/02\/cortinas-aire.jpg\" alt=\"Cortinas de Aire\"\/><\/a><\/div><div class=\"entry-detail\"> <h4 class=\"category-name\">Air Curtains<\/h4><div class=\"sub-categories\"> <\/div><a class=\"btn link\" href=\"https:\/\/inco-rep.com\/en\/product-category\/cortinas-de-aire\/\"> All Cortinas de Aire <i class=\"klbth-icon-arrow-right-long\"><\/i><\/a><\/div><\/div><\/div><\/div><\/div><\/div><div class=\"klb-product-category col col-12 col-md-6 col-lg-4\"><div class=\"klbth-module klbth-module-categories style-2\"><div class=\"klbth-module-body\"><div class=\"categories list-style\"> <div class=\"category\"><div class=\"entry-media\"><a href=\"https:\/\/inco-rep.com\/en\/product-category\/equipo-para-anden\/\"> <img decoding=\"async\" src=\"https:\/\/inco-rep.com\/wp-content\/uploads\/2024\/02\/andenes.jpg\" alt=\"Equipo para And\u00e9n\"\/><\/a><\/div><div class=\"entry-detail\"> <h4 class=\"category-name\">Dock Equipment<\/h4><div class=\"sub-categories\"> <ul><li><a href=\"https:\/\/inco-rep.com\/en\/product-category\/equipo-para-anden\/sello-anden\/\">Dock Shelters<\/a><\/li><li><a href=\"https:\/\/inco-rep.com\/en\/product-category\/equipo-para-anden\/tope-anden\/\">Dock Bumpers<\/a><\/li><li><a href=\"https:\/\/inco-rep.com\/en\/product-category\/equipo-para-anden\/rampas-de-anden\/\">Dock Ramps<\/a><\/li><li><a href=\"https:\/\/inco-rep.com\/en\/product-category\/equipo-para-anden\/accesorios-equipo-para-anden\/\">Accessories<\/a><\/li><\/ul><\/div><a class=\"btn link\" href=\"https:\/\/inco-rep.com\/en\/product-category\/equipo-para-anden\/\"> All Equipo para And\u00e9n <i class=\"klbth-icon-arrow-right-long\"><\/i><\/a><\/div><\/div><\/div><\/div><\/div><\/div><div class=\"klb-product-category col col-12 col-md-6 col-lg-4\"><div class=\"klbth-module klbth-module-categories style-2\"><div class=\"klbth-module-body\"><div class=\"categories list-style\"> <div class=\"category\"><div class=\"entry-media\"><a href=\"https:\/\/inco-rep.com\/en\/product-category\/puertas-rapidas\/\"> <img decoding=\"async\" src=\"https:\/\/inco-rep.com\/wp-content\/uploads\/2024\/02\/puertas-rapidas.jpg\" alt=\"Puertas R\u00e1pidas\"\/><\/a><\/div><div class=\"entry-detail\"> <h4 class=\"category-name\">High Speed Doors<\/h4><div class=\"sub-categories\"> <\/div><a class=\"btn link\" href=\"https:\/\/inco-rep.com\/en\/product-category\/puertas-rapidas\/\"> All Puertas R\u00e1pidas <i class=\"klbth-icon-arrow-right-long\"><\/i><\/a><\/div><\/div><\/div><\/div><\/div><\/div><div class=\"klb-product-category col col-12 col-md-6 col-lg-4\"><div class=\"klbth-module klbth-module-categories style-2\"><div class=\"klbth-module-body\"><div class=\"categories list-style\"> <div class=\"category\"><div class=\"entry-media\"><a href=\"https:\/\/inco-rep.com\/en\/product-category\/puertas-seccionales\/\"> <img decoding=\"async\" src=\"https:\/\/inco-rep.com\/wp-content\/uploads\/2024\/02\/puerta-seccional.jpg\" alt=\"Puertas Seccionales\"\/><\/a><\/div><div class=\"entry-detail\"> <h4 class=\"category-name\">Sectional Doors<\/h4><div class=\"sub-categories\"> <\/div><a class=\"btn link\" href=\"https:\/\/inco-rep.com\/en\/product-category\/puertas-seccionales\/\"> All Puertas Seccionales <i class=\"klbth-icon-arrow-right-long\"><\/i><\/a><\/div><\/div><\/div><\/div><\/div><\/div><\/div>\t\t<\/div>\n\t\t\t\t<\/div>\n\t\t\t\t\t<\/div>\n\t\t\t\t<\/div>\n\t\t\t\t<\/div>","protected":false},"excerpt":{"rendered":"<p>Accesorios All Accesorios Cortinas All Cortinas Cortinas de Aire All Cortinas de Aire Equipo para And\u00e9n Sellos de And\u00e9n Topes para And\u00e9n Rampas de And\u00e9n Accesorios All Equipo para And\u00e9n Filtros Filtro Cuartos de Pintura All Filtros Puertas R\u00e1pidas All Puertas R\u00e1pidas Puertas Seccionales All Puertas Seccionales<\/p>","protected":false},"author":1,"featured_media":0,"parent":0,"menu_order":0,"comment_status":"closed","ping_status":"closed","template":"","meta":{"footnotes":""},"class_list":["post-4315","page","type-page","status-publish","hentry"],"yoast_head":"<!-- This site is optimized with the Yoast SEO plugin v23.3 - https:\/\/yoast.com\/wordpress\/plugins\/seo\/ -->\n<title>Productos | Inco Suministros Ambientales<\/title>\n<meta name=\"description\" content=\"Conoce nuestra variedad de productos para mejora y control ambiental. Desde filtros, equipo para and\u00e9n, puertas seccionales, etc.\" \/>\n<meta name=\"robots\" content=\"index, follow, max-snippet:-1, max-image-preview:large, max-video-preview:-1\" \/>\n<link rel=\"canonical\" href=\"https:\/\/inco-rep.com\/en\/productos\/\" \/>\n<meta property=\"og:locale\" content=\"en_US\" \/>\n<meta property=\"og:type\" content=\"article\" \/>\n<meta property=\"og:title\" content=\"Productos | Inco Suministros Ambientales\" \/>\n<meta property=\"og:description\" content=\"Conoce nuestra variedad de productos para mejora y control ambiental. Desde filtros, equipo para and\u00e9n, puertas seccionales, etc.\" \/>\n<meta property=\"og:url\" content=\"https:\/\/inco-rep.com\/en\/productos\/\" \/>\n<meta property=\"og:site_name\" content=\"Inco Suministros Ambientales\" \/>\n<meta property=\"article:modified_time\" content=\"2024-02-15T20:57:23+00:00\" \/>\n<meta property=\"og:image\" content=\"http:\/\/inco-rep.com\/wp-content\/uploads\/2024\/02\/accesorios.jpg\" \/>\n<meta name=\"twitter:card\" content=\"summary_large_image\" \/>\n<meta name=\"twitter:label1\" content=\"Est. reading time\" \/>\n\t<meta name=\"twitter:data1\" content=\"2 minutes\" \/>\n<script type=\"application\/ld+json\" class=\"yoast-schema-graph\">{\"@context\":\"https:\/\/schema.org\",\"@graph\":[{\"@type\":\"WebPage\",\"@id\":\"https:\/\/inco-rep.com\/productos\/\",\"url\":\"https:\/\/inco-rep.com\/productos\/\",\"name\":\"Productos | Inco Suministros Ambientales\",\"isPartOf\":{\"@id\":\"https:\/\/inco-rep.com\/#website\"},\"primaryImageOfPage\":{\"@id\":\"https:\/\/inco-rep.com\/productos\/#primaryimage\"},\"image\":{\"@id\":\"https:\/\/inco-rep.com\/productos\/#primaryimage\"},\"thumbnailUrl\":\"http:\/\/inco-rep.com\/wp-content\/uploads\/2024\/02\/accesorios.jpg\",\"datePublished\":\"2024-02-02T00:20:32+00:00\",\"dateModified\":\"2024-02-15T20:57:23+00:00\",\"description\":\"Conoce nuestra variedad de productos para mejora y control ambiental. Desde filtros, equipo para and\u00e9n, puertas seccionales, etc.\",\"breadcrumb\":{\"@id\":\"https:\/\/inco-rep.com\/productos\/#breadcrumb\"},\"inLanguage\":\"en-US\",\"potentialAction\":[{\"@type\":\"ReadAction\",\"target\":[\"https:\/\/inco-rep.com\/productos\/\"]}]},{\"@type\":\"ImageObject\",\"inLanguage\":\"en-US\",\"@id\":\"https:\/\/inco-rep.com\/productos\/#primaryimage\",\"url\":\"http:\/\/inco-rep.com\/wp-content\/uploads\/2024\/02\/accesorios.jpg\",\"contentUrl\":\"http:\/\/inco-rep.com\/wp-content\/uploads\/2024\/02\/accesorios.jpg\"},{\"@type\":\"BreadcrumbList\",\"@id\":\"https:\/\/inco-rep.com\/productos\/#breadcrumb\",\"itemListElement\":[{\"@type\":\"ListItem\",\"position\":1,\"name\":\"Inicio\",\"item\":\"https:\/\/inco-rep.com\/\"},{\"@type\":\"ListItem\",\"position\":2,\"name\":\"Productos\"}]},{\"@type\":\"WebSite\",\"@id\":\"https:\/\/inco-rep.com\/#website\",\"url\":\"https:\/\/inco-rep.com\/\",\"name\":\"Inco Suministros Ambientales\",\"description\":\"\",\"publisher\":{\"@id\":\"https:\/\/inco-rep.com\/#organization\"},\"potentialAction\":[{\"@type\":\"SearchAction\",\"target\":{\"@type\":\"EntryPoint\",\"urlTemplate\":\"https:\/\/inco-rep.com\/?s={search_term_string}\"},\"query-input\":\"required name=search_term_string\"}],\"inLanguage\":\"en-US\"},{\"@type\":\"Organization\",\"@id\":\"https:\/\/inco-rep.com\/#organization\",\"name\":\"Inco Suministros Ambientales\",\"url\":\"https:\/\/inco-rep.com\/\",\"logo\":{\"@type\":\"ImageObject\",\"inLanguage\":\"en-US\",\"@id\":\"https:\/\/inco-rep.com\/#\/schema\/logo\/image\/\",\"url\":\"https:\/\/inco-rep.com\/wp-content\/uploads\/2024\/02\/logo-2.png\",\"contentUrl\":\"https:\/\/inco-rep.com\/wp-content\/uploads\/2024\/02\/logo-2.png\",\"width\":180,\"height\":59,\"caption\":\"Inco Suministros Ambientales\"},\"image\":{\"@id\":\"https:\/\/inco-rep.com\/#\/schema\/logo\/image\/\"}}]}<\/script>\n<!-- \/ Yoast SEO plugin. -->","yoast_head_json":{"title":"Productos | Inco Suministros Ambientales","description":"Conoce nuestra variedad de productos para mejora y control ambiental. Desde filtros, equipo para and\u00e9n, puertas seccionales, etc.","robots":{"index":"index","follow":"follow","max-snippet":"max-snippet:-1","max-image-preview":"max-image-preview:large","max-video-preview":"max-video-preview:-1"},"canonical":"https:\/\/inco-rep.com\/en\/productos\/","og_locale":"en_US","og_type":"article","og_title":"Productos | Inco Suministros Ambientales","og_description":"Conoce nuestra variedad de productos para mejora y control ambiental. Desde filtros, equipo para and\u00e9n, puertas seccionales, etc.","og_url":"https:\/\/inco-rep.com\/en\/productos\/","og_site_name":"Inco Suministros Ambientales","article_modified_time":"2024-02-15T20:57:23+00:00","og_image":[{"url":"http:\/\/inco-rep.com\/wp-content\/uploads\/2024\/02\/accesorios.jpg"}],"twitter_card":"summary_large_image","twitter_misc":{"Est. reading time":"2 minutes"},"schema":{"@context":"https:\/\/schema.org","@graph":[{"@type":"WebPage","@id":"https:\/\/inco-rep.com\/productos\/","url":"https:\/\/inco-rep.com\/productos\/","name":"Productos | Inco Suministros Ambientales","isPartOf":{"@id":"https:\/\/inco-rep.com\/#website"},"primaryImageOfPage":{"@id":"https:\/\/inco-rep.com\/productos\/#primaryimage"},"image":{"@id":"https:\/\/inco-rep.com\/productos\/#primaryimage"},"thumbnailUrl":"http:\/\/inco-rep.com\/wp-content\/uploads\/2024\/02\/accesorios.jpg","datePublished":"2024-02-02T00:20:32+00:00","dateModified":"2024-02-15T20:57:23+00:00","description":"Conoce nuestra variedad de productos para mejora y control ambiental. Desde filtros, equipo para and\u00e9n, puertas seccionales, etc.","breadcrumb":{"@id":"https:\/\/inco-rep.com\/productos\/#breadcrumb"},"inLanguage":"en-US","potentialAction":[{"@type":"ReadAction","target":["https:\/\/inco-rep.com\/productos\/"]}]},{"@type":"ImageObject","inLanguage":"en-US","@id":"https:\/\/inco-rep.com\/productos\/#primaryimage","url":"http:\/\/inco-rep.com\/wp-content\/uploads\/2024\/02\/accesorios.jpg","contentUrl":"http:\/\/inco-rep.com\/wp-content\/uploads\/2024\/02\/accesorios.jpg"},{"@type":"BreadcrumbList","@id":"https:\/\/inco-rep.com\/productos\/#breadcrumb","itemListElement":[{"@type":"ListItem","position":1,"name":"Inicio","item":"https:\/\/inco-rep.com\/"},{"@type":"ListItem","position":2,"name":"Productos"}]},{"@type":"WebSite","@id":"https:\/\/inco-rep.com\/#website","url":"https:\/\/inco-rep.com\/","name":"Inco Suministros Ambientales","description":"","publisher":{"@id":"https:\/\/inco-rep.com\/#organization"},"potentialAction":[{"@type":"SearchAction","target":{"@type":"EntryPoint","urlTemplate":"https:\/\/inco-rep.com\/?s={search_term_string}"},"query-input":"required name=search_term_string"}],"inLanguage":"en-US"},{"@type":"Organization","@id":"https:\/\/inco-rep.com\/#organization","name":"Inco Suministros Ambientales","url":"https:\/\/inco-rep.com\/","logo":{"@type":"ImageObject","inLanguage":"en-US","@id":"https:\/\/inco-rep.com\/#\/schema\/logo\/image\/","url":"https:\/\/inco-rep.com\/wp-content\/uploads\/2024\/02\/logo-2.png","contentUrl":"https:\/\/inco-rep.com\/wp-content\/uploads\/2024\/02\/logo-2.png","width":180,"height":59,"caption":"Inco Suministros Ambientales"},"image":{"@id":"https:\/\/inco-rep.com\/#\/schema\/logo\/image\/"}}]}},"_links":{"self":[{"href":"https:\/\/inco-rep.com\/en\/wp-json\/wp\/v2\/pages\/4315","targetHints":{"allow":["GET"]}}],"collection":[{"href":"https:\/\/inco-rep.com\/en\/wp-json\/wp\/v2\/pages"}],"about":[{"href":"https:\/\/inco-rep.com\/en\/wp-json\/wp\/v2\/types\/page"}],"author":[{"embeddable":true,"href":"https:\/\/inco-rep.com\/en\/wp-json\/wp\/v2\/users\/1"}],"replies":[{"embeddable":true,"href":"https:\/\/inco-rep.com\/en\/wp-json\/wp\/v2\/comments?post=4315"}],"version-history":[{"count":4,"href":"https:\/\/inco-rep.com\/en\/wp-json\/wp\/v2\/pages\/4315\/revisions"}],"predecessor-version":[{"id":4709,"href":"https:\/\/inco-rep.com\/en\/wp-json\/wp\/v2\/pages\/4315\/revisions\/4709"}],"wp:attachment":[{"href":"https:\/\/inco-rep.com\/en\/wp-json\/wp\/v2\/media?parent=4315"}],"curies":[{"name":"wp","href":"https:\/\/api.w.org\/{rel}","templated":true}]}}