{"id":4544,"date":"2024-02-09T17:37:53","date_gmt":"2024-02-09T17:37:53","guid":{"rendered":"https:\/\/inco-rep.com\/?post_type=product&#038;p=4544"},"modified":"2024-04-29T17:29:43","modified_gmt":"2024-04-29T17:29:43","slug":"filtro-pleat","status":"publish","type":"product","link":"https:\/\/inco-rep.com\/en\/product\/filtro-pleat\/","title":{"rendered":"Pleated Panel Filter"},"content":{"rendered":"<p>Its unique pleat configuration ensures complete utilization of the filter media, maximizing dust retention, extending the useful life of the filter.<\/p>\n<p>They are excellent as primary filters or as pre-filters to extend the life of final filters. Ideal for use in scheduling filter service as preventive maintenance.<\/p>\n<p>High efficiency Pleated Filters for use in residential to industrial equipment. -100% non-woven synthetic media that does not absorb moisture.<\/p>\n<ul>\n<li>Medium Efficiency Extended Surface Filter<\/li>\n<li>MERV 7, 8, 11 and 13<\/li>\n<li>Low energy consumption due to low pressure drop<\/li>\n<li>Available in 1\u201d, 2\u201d and 4\u201d thickness<\/li>\n<li>Speeds of 300, 500, 625 fmp<\/li>\n<li>Models: economy, standard and high capacity<\/li>\n<\/ul>","protected":false},"excerpt":{"rendered":"<p>Pleated Filters, due to their perfect combination of efficiency and low pressure drop, are ideal for meeting particle filtration needs in residences, businesses and industry.<\/p>","protected":false},"featured_media":4545,"comment_status":"closed","ping_status":"closed","template":"","meta":[],"product_cat":[193,221],"product_tag":[198,199,203,200,201,202],"class_list":{"0":"post-4544","1":"product","2":"type-product","3":"status-publish","4":"has-post-thumbnail","6":"product_cat-filtro","7":"product_cat-filtro-pleat","8":"product_tag-carton","9":"product_tag-desechable","10":"product_tag-eliminacion-particulas","11":"product_tag-papel","12":"product_tag-pleat","13":"product_tag-plisados","15":"first","16":"instock","17":"shipping-taxable","18":"product-type-simple"},"yoast_head":"<!-- This site is optimized with the Yoast SEO plugin v23.3 - https:\/\/yoast.com\/wordpress\/plugins\/seo\/ -->\n<title>Filtro Pleat | Inco Suministros Ambientales<\/title>\n<meta name=\"robots\" content=\"index, follow, max-snippet:-1, max-image-preview:large, max-video-preview:-1\" \/>\n<link rel=\"canonical\" href=\"https:\/\/inco-rep.com\/en\/product\/filtro-pleat\/\" \/>\n<meta property=\"og:locale\" content=\"en_US\" \/>\n<meta property=\"og:type\" content=\"article\" \/>\n<meta property=\"og:title\" content=\"Filtro Pleat | Inco Suministros Ambientales\" \/>\n<meta property=\"og:description\" content=\"Filtros de Pliegues\/Pleated, por su combinaci\u00f3n perfecta entre eficiencia y baja ca\u00edda de presi\u00f3n son ideales para satisfacer necesidades de filtraci\u00f3n de part\u00edculas en residencias, comercios e industria.\" \/>\n<meta property=\"og:url\" content=\"https:\/\/inco-rep.com\/en\/product\/filtro-pleat\/\" \/>\n<meta property=\"og:site_name\" content=\"Inco Suministros Ambientales\" \/>\n<meta property=\"article:modified_time\" content=\"2024-04-29T17:29:43+00:00\" \/>\n<meta property=\"og:image\" content=\"http:\/\/inco-rep.com\/wp-content\/uploads\/2024\/02\/filtro-pleat.jpg\" \/>\n\t<meta property=\"og:image:width\" content=\"600\" \/>\n\t<meta property=\"og:image:height\" content=\"600\" \/>\n\t<meta property=\"og:image:type\" content=\"image\/jpeg\" \/>\n<meta name=\"twitter:card\" content=\"summary_large_image\" \/>\n<meta name=\"twitter:label1\" content=\"Est. reading time\" \/>\n\t<meta name=\"twitter:data1\" content=\"1 minute\" \/>\n<script type=\"application\/ld+json\" class=\"yoast-schema-graph\">{\"@context\":\"https:\/\/schema.org\",\"@graph\":[{\"@type\":\"WebPage\",\"@id\":\"https:\/\/inco-rep.com\/producto\/filtro-pleat\/\",\"url\":\"https:\/\/inco-rep.com\/producto\/filtro-pleat\/\",\"name\":\"Filtro Pleat | Inco Suministros Ambientales\",\"isPartOf\":{\"@id\":\"https:\/\/inco-rep.com\/#website\"},\"primaryImageOfPage\":{\"@id\":\"https:\/\/inco-rep.com\/producto\/filtro-pleat\/#primaryimage\"},\"image\":{\"@id\":\"https:\/\/inco-rep.com\/producto\/filtro-pleat\/#primaryimage\"},\"thumbnailUrl\":\"https:\/\/inco-rep.com\/wp-content\/uploads\/2024\/02\/filtro-pleat.jpg\",\"datePublished\":\"2024-02-09T17:37:53+00:00\",\"dateModified\":\"2024-04-29T17:29:43+00:00\",\"breadcrumb\":{\"@id\":\"https:\/\/inco-rep.com\/producto\/filtro-pleat\/#breadcrumb\"},\"inLanguage\":\"en-US\",\"potentialAction\":[{\"@type\":\"ReadAction\",\"target\":[\"https:\/\/inco-rep.com\/producto\/filtro-pleat\/\"]}]},{\"@type\":\"ImageObject\",\"inLanguage\":\"en-US\",\"@id\":\"https:\/\/inco-rep.com\/producto\/filtro-pleat\/#primaryimage\",\"url\":\"https:\/\/inco-rep.com\/wp-content\/uploads\/2024\/02\/filtro-pleat.jpg\",\"contentUrl\":\"https:\/\/inco-rep.com\/wp-content\/uploads\/2024\/02\/filtro-pleat.jpg\",\"width\":600,\"height\":600,\"caption\":\"filtro pleat\"},{\"@type\":\"BreadcrumbList\",\"@id\":\"https:\/\/inco-rep.com\/producto\/filtro-pleat\/#breadcrumb\",\"itemListElement\":[{\"@type\":\"ListItem\",\"position\":1,\"name\":\"Inicio\",\"item\":\"https:\/\/inco-rep.com\/\"},{\"@type\":\"ListItem\",\"position\":2,\"name\":\"Productos\",\"item\":\"https:\/\/inco-rep.com\/shop\/\"},{\"@type\":\"ListItem\",\"position\":3,\"name\":\"Filtro Pleat\"}]},{\"@type\":\"WebSite\",\"@id\":\"https:\/\/inco-rep.com\/#website\",\"url\":\"https:\/\/inco-rep.com\/\",\"name\":\"Inco Suministros Ambientales\",\"description\":\"\",\"publisher\":{\"@id\":\"https:\/\/inco-rep.com\/#organization\"},\"potentialAction\":[{\"@type\":\"SearchAction\",\"target\":{\"@type\":\"EntryPoint\",\"urlTemplate\":\"https:\/\/inco-rep.com\/?s={search_term_string}\"},\"query-input\":\"required name=search_term_string\"}],\"inLanguage\":\"en-US\"},{\"@type\":\"Organization\",\"@id\":\"https:\/\/inco-rep.com\/#organization\",\"name\":\"Inco Suministros Ambientales\",\"url\":\"https:\/\/inco-rep.com\/\",\"logo\":{\"@type\":\"ImageObject\",\"inLanguage\":\"en-US\",\"@id\":\"https:\/\/inco-rep.com\/#\/schema\/logo\/image\/\",\"url\":\"https:\/\/inco-rep.com\/wp-content\/uploads\/2024\/02\/logo-2.png\",\"contentUrl\":\"https:\/\/inco-rep.com\/wp-content\/uploads\/2024\/02\/logo-2.png\",\"width\":180,\"height\":59,\"caption\":\"Inco Suministros Ambientales\"},\"image\":{\"@id\":\"https:\/\/inco-rep.com\/#\/schema\/logo\/image\/\"}}]}<\/script>\n<!-- \/ Yoast SEO plugin. -->","yoast_head_json":{"title":"Filtro Pleat | Inco Suministros Ambientales","robots":{"index":"index","follow":"follow","max-snippet":"max-snippet:-1","max-image-preview":"max-image-preview:large","max-video-preview":"max-video-preview:-1"},"canonical":"https:\/\/inco-rep.com\/en\/product\/filtro-pleat\/","og_locale":"en_US","og_type":"article","og_title":"Filtro Pleat | Inco Suministros Ambientales","og_description":"Filtros de Pliegues\/Pleated, por su combinaci\u00f3n perfecta entre eficiencia y baja ca\u00edda de presi\u00f3n son ideales para satisfacer necesidades de filtraci\u00f3n de part\u00edculas en residencias, comercios e industria.","og_url":"https:\/\/inco-rep.com\/en\/product\/filtro-pleat\/","og_site_name":"Inco Suministros Ambientales","article_modified_time":"2024-04-29T17:29:43+00:00","og_image":[{"width":600,"height":600,"url":"http:\/\/inco-rep.com\/wp-content\/uploads\/2024\/02\/filtro-pleat.jpg","type":"image\/jpeg"}],"twitter_card":"summary_large_image","twitter_misc":{"Est. reading time":"1 minute"},"schema":{"@context":"https:\/\/schema.org","@graph":[{"@type":"WebPage","@id":"https:\/\/inco-rep.com\/producto\/filtro-pleat\/","url":"https:\/\/inco-rep.com\/producto\/filtro-pleat\/","name":"Filtro Pleat | Inco Suministros Ambientales","isPartOf":{"@id":"https:\/\/inco-rep.com\/#website"},"primaryImageOfPage":{"@id":"https:\/\/inco-rep.com\/producto\/filtro-pleat\/#primaryimage"},"image":{"@id":"https:\/\/inco-rep.com\/producto\/filtro-pleat\/#primaryimage"},"thumbnailUrl":"https:\/\/inco-rep.com\/wp-content\/uploads\/2024\/02\/filtro-pleat.jpg","datePublished":"2024-02-09T17:37:53+00:00","dateModified":"2024-04-29T17:29:43+00:00","breadcrumb":{"@id":"https:\/\/inco-rep.com\/producto\/filtro-pleat\/#breadcrumb"},"inLanguage":"en-US","potentialAction":[{"@type":"ReadAction","target":["https:\/\/inco-rep.com\/producto\/filtro-pleat\/"]}]},{"@type":"ImageObject","inLanguage":"en-US","@id":"https:\/\/inco-rep.com\/producto\/filtro-pleat\/#primaryimage","url":"https:\/\/inco-rep.com\/wp-content\/uploads\/2024\/02\/filtro-pleat.jpg","contentUrl":"https:\/\/inco-rep.com\/wp-content\/uploads\/2024\/02\/filtro-pleat.jpg","width":600,"height":600,"caption":"filtro pleat"},{"@type":"BreadcrumbList","@id":"https:\/\/inco-rep.com\/producto\/filtro-pleat\/#breadcrumb","itemListElement":[{"@type":"ListItem","position":1,"name":"Inicio","item":"https:\/\/inco-rep.com\/"},{"@type":"ListItem","position":2,"name":"Productos","item":"https:\/\/inco-rep.com\/shop\/"},{"@type":"ListItem","position":3,"name":"Filtro Pleat"}]},{"@type":"WebSite","@id":"https:\/\/inco-rep.com\/#website","url":"https:\/\/inco-rep.com\/","name":"Inco Suministros Ambientales","description":"","publisher":{"@id":"https:\/\/inco-rep.com\/#organization"},"potentialAction":[{"@type":"SearchAction","target":{"@type":"EntryPoint","urlTemplate":"https:\/\/inco-rep.com\/?s={search_term_string}"},"query-input":"required name=search_term_string"}],"inLanguage":"en-US"},{"@type":"Organization","@id":"https:\/\/inco-rep.com\/#organization","name":"Inco Suministros Ambientales","url":"https:\/\/inco-rep.com\/","logo":{"@type":"ImageObject","inLanguage":"en-US","@id":"https:\/\/inco-rep.com\/#\/schema\/logo\/image\/","url":"https:\/\/inco-rep.com\/wp-content\/uploads\/2024\/02\/logo-2.png","contentUrl":"https:\/\/inco-rep.com\/wp-content\/uploads\/2024\/02\/logo-2.png","width":180,"height":59,"caption":"Inco Suministros Ambientales"},"image":{"@id":"https:\/\/inco-rep.com\/#\/schema\/logo\/image\/"}}]}},"_links":{"self":[{"href":"https:\/\/inco-rep.com\/en\/wp-json\/wp\/v2\/product\/4544","targetHints":{"allow":["GET"]}}],"collection":[{"href":"https:\/\/inco-rep.com\/en\/wp-json\/wp\/v2\/product"}],"about":[{"href":"https:\/\/inco-rep.com\/en\/wp-json\/wp\/v2\/types\/product"}],"replies":[{"embeddable":true,"href":"https:\/\/inco-rep.com\/en\/wp-json\/wp\/v2\/comments?post=4544"}],"wp:featuredmedia":[{"embeddable":true,"href":"https:\/\/inco-rep.com\/en\/wp-json\/wp\/v2\/media\/4545"}],"wp:attachment":[{"href":"https:\/\/inco-rep.com\/en\/wp-json\/wp\/v2\/media?parent=4544"}],"wp:term":[{"taxonomy":"product_cat","embeddable":true,"href":"https:\/\/inco-rep.com\/en\/wp-json\/wp\/v2\/product_cat?post=4544"},{"taxonomy":"product_tag","embeddable":true,"href":"https:\/\/inco-rep.com\/en\/wp-json\/wp\/v2\/product_tag?post=4544"}],"curies":[{"name":"wp","href":"https:\/\/api.w.org\/{rel}","templated":true}]}}