{"id":4613,"date":"2024-02-09T20:09:20","date_gmt":"2024-02-09T20:09:20","guid":{"rendered":"https:\/\/inco-rep.com\/?post_type=product&#038;p=4613"},"modified":"2024-04-29T18:51:52","modified_gmt":"2024-04-29T18:51:52","slug":"filtro-desechable","status":"publish","type":"product","link":"https:\/\/inco-rep.com\/en\/product\/filtro-desechable\/","title":{"rendered":"Disposable Filter"},"content":{"rendered":"<ul>\n<li>Durable construction for all types of industrial and commercial applications.<\/li>\n<li>\u00a0Progressive density polyethylene or glass filter media<\/li>\n<li>Heavy duty frame and corners for strength and durability.<\/li>\n<li>Environmental friendly<\/li>\n<li>Special sizes available<\/li>\n<li>Easy to install<\/li>\n<\/ul>\n<p>Fiberglass Media \u2013 C&amp;I standard disposables are made from high-quality, progressively dense fiberglass.<br \/>\nThe air inlet side is made up of thick open fibers, while the air outlet side is made up of tighter fibres.<br \/>\nThis dual density media configuration allows for proper depth loading and full utilization of the filter media.<br \/>\nEach fiber is coated with a non-shift adhesive to improve filter performance.<\/p>\n<p>Sturdy One-Piece Frame \u2013 The Koch C&amp;I Disposable uses a one-piece, moisture-resistant craft board frame for added strength and ease of installation. The Koch C&amp;I filter's interlocking miter corner provides additional strength and durability.<br \/>\nNo additional metal support is needed, making the filter more environmentally friendly.<\/p>","protected":false},"excerpt":{"rendered":"<p>Construcci\u00f3n duradera para todo tipo de aplicaciones industriales y comerciales. \u00a0Medios filtrantes de polietileno o vidrio de densidad progresiva Marco y esquinas resistentes para mayor resistencia y durabilidad. Amigable con el medio ambiente Tama\u00f1os especiales disponibles F\u00e1cil de instalar Medios de fibra de vidrio : los desechables est\u00e1ndar de C&amp;I est\u00e1n fabricados con fibras de<\/p>\n<div class=\"klb-readmore button\"><a class=\"btn link\" href=\"https:\/\/inco-rep.com\/en\/product\/filtro-desechable\/\">Read More <i class=\"klbth-icon-right-arrow\"><\/i><\/a><\/div>","protected":false},"featured_media":4906,"comment_status":"closed","ping_status":"closed","template":"","meta":[],"product_cat":[193,223],"product_tag":[],"class_list":{"0":"post-4613","1":"product","2":"type-product","3":"status-publish","4":"has-post-thumbnail","6":"product_cat-filtro","7":"product_cat-filtro-desechable","9":"first","10":"instock","11":"shipping-taxable","12":"product-type-simple"},"yoast_head":"<!-- This site is optimized with the Yoast SEO plugin v23.3 - https:\/\/yoast.com\/wordpress\/plugins\/seo\/ -->\n<title>Filtro Desechable | Inco Suministros Ambientales<\/title>\n<meta name=\"robots\" content=\"index, follow, max-snippet:-1, max-image-preview:large, max-video-preview:-1\" \/>\n<link rel=\"canonical\" href=\"https:\/\/inco-rep.com\/en\/product\/filtro-desechable\/\" \/>\n<meta property=\"og:locale\" content=\"en_US\" \/>\n<meta property=\"og:type\" content=\"article\" \/>\n<meta property=\"og:title\" content=\"Filtro Desechable | Inco Suministros Ambientales\" \/>\n<meta property=\"og:description\" content=\"Construcci\u00f3n duradera para todo tipo de aplicaciones industriales y comerciales. \u00a0Medios filtrantes de polietileno o vidrio de densidad progresiva Marco y esquinas resistentes para mayor resistencia y durabilidad. Amigable con el medio ambiente Tama\u00f1os especiales disponibles F\u00e1cil de instalar Medios de fibra de vidrio : los desechables est\u00e1ndar de C&amp;I est\u00e1n fabricados con fibras deRead More\" \/>\n<meta property=\"og:url\" content=\"https:\/\/inco-rep.com\/en\/product\/filtro-desechable\/\" \/>\n<meta property=\"og:site_name\" content=\"Inco Suministros Ambientales\" \/>\n<meta property=\"article:modified_time\" content=\"2024-04-29T18:51:52+00:00\" \/>\n<meta property=\"og:image\" content=\"http:\/\/inco-rep.com\/wp-content\/uploads\/2024\/02\/fibravidrio.jpg\" \/>\n\t<meta property=\"og:image:width\" content=\"600\" \/>\n\t<meta property=\"og:image:height\" content=\"600\" \/>\n\t<meta property=\"og:image:type\" content=\"image\/jpeg\" \/>\n<meta name=\"twitter:card\" content=\"summary_large_image\" \/>\n<meta name=\"twitter:label1\" content=\"Est. reading time\" \/>\n\t<meta name=\"twitter:data1\" content=\"1 minute\" \/>\n<script type=\"application\/ld+json\" class=\"yoast-schema-graph\">{\"@context\":\"https:\/\/schema.org\",\"@graph\":[{\"@type\":\"WebPage\",\"@id\":\"https:\/\/inco-rep.com\/producto\/filtro-desechable\/\",\"url\":\"https:\/\/inco-rep.com\/producto\/filtro-desechable\/\",\"name\":\"Filtro Desechable | Inco Suministros Ambientales\",\"isPartOf\":{\"@id\":\"https:\/\/inco-rep.com\/#website\"},\"primaryImageOfPage\":{\"@id\":\"https:\/\/inco-rep.com\/producto\/filtro-desechable\/#primaryimage\"},\"image\":{\"@id\":\"https:\/\/inco-rep.com\/producto\/filtro-desechable\/#primaryimage\"},\"thumbnailUrl\":\"https:\/\/inco-rep.com\/wp-content\/uploads\/2024\/02\/fibravidrio.jpg\",\"datePublished\":\"2024-02-09T20:09:20+00:00\",\"dateModified\":\"2024-04-29T18:51:52+00:00\",\"breadcrumb\":{\"@id\":\"https:\/\/inco-rep.com\/producto\/filtro-desechable\/#breadcrumb\"},\"inLanguage\":\"en-US\",\"potentialAction\":[{\"@type\":\"ReadAction\",\"target\":[\"https:\/\/inco-rep.com\/producto\/filtro-desechable\/\"]}]},{\"@type\":\"ImageObject\",\"inLanguage\":\"en-US\",\"@id\":\"https:\/\/inco-rep.com\/producto\/filtro-desechable\/#primaryimage\",\"url\":\"https:\/\/inco-rep.com\/wp-content\/uploads\/2024\/02\/fibravidrio.jpg\",\"contentUrl\":\"https:\/\/inco-rep.com\/wp-content\/uploads\/2024\/02\/fibravidrio.jpg\",\"width\":600,\"height\":600},{\"@type\":\"BreadcrumbList\",\"@id\":\"https:\/\/inco-rep.com\/producto\/filtro-desechable\/#breadcrumb\",\"itemListElement\":[{\"@type\":\"ListItem\",\"position\":1,\"name\":\"Inicio\",\"item\":\"https:\/\/inco-rep.com\/\"},{\"@type\":\"ListItem\",\"position\":2,\"name\":\"Productos\",\"item\":\"https:\/\/inco-rep.com\/shop\/\"},{\"@type\":\"ListItem\",\"position\":3,\"name\":\"Filtro Desechable\"}]},{\"@type\":\"WebSite\",\"@id\":\"https:\/\/inco-rep.com\/#website\",\"url\":\"https:\/\/inco-rep.com\/\",\"name\":\"Inco Suministros Ambientales\",\"description\":\"\",\"publisher\":{\"@id\":\"https:\/\/inco-rep.com\/#organization\"},\"potentialAction\":[{\"@type\":\"SearchAction\",\"target\":{\"@type\":\"EntryPoint\",\"urlTemplate\":\"https:\/\/inco-rep.com\/?s={search_term_string}\"},\"query-input\":\"required name=search_term_string\"}],\"inLanguage\":\"en-US\"},{\"@type\":\"Organization\",\"@id\":\"https:\/\/inco-rep.com\/#organization\",\"name\":\"Inco Suministros Ambientales\",\"url\":\"https:\/\/inco-rep.com\/\",\"logo\":{\"@type\":\"ImageObject\",\"inLanguage\":\"en-US\",\"@id\":\"https:\/\/inco-rep.com\/#\/schema\/logo\/image\/\",\"url\":\"https:\/\/inco-rep.com\/wp-content\/uploads\/2024\/02\/logo-2.png\",\"contentUrl\":\"https:\/\/inco-rep.com\/wp-content\/uploads\/2024\/02\/logo-2.png\",\"width\":180,\"height\":59,\"caption\":\"Inco Suministros Ambientales\"},\"image\":{\"@id\":\"https:\/\/inco-rep.com\/#\/schema\/logo\/image\/\"}}]}<\/script>\n<!-- \/ Yoast SEO plugin. -->","yoast_head_json":{"title":"Filtro Desechable | Inco Suministros Ambientales","robots":{"index":"index","follow":"follow","max-snippet":"max-snippet:-1","max-image-preview":"max-image-preview:large","max-video-preview":"max-video-preview:-1"},"canonical":"https:\/\/inco-rep.com\/en\/product\/filtro-desechable\/","og_locale":"en_US","og_type":"article","og_title":"Filtro Desechable | Inco Suministros Ambientales","og_description":"Construcci\u00f3n duradera para todo tipo de aplicaciones industriales y comerciales. \u00a0Medios filtrantes de polietileno o vidrio de densidad progresiva Marco y esquinas resistentes para mayor resistencia y durabilidad. Amigable con el medio ambiente Tama\u00f1os especiales disponibles F\u00e1cil de instalar Medios de fibra de vidrio : los desechables est\u00e1ndar de C&amp;I est\u00e1n fabricados con fibras deRead More","og_url":"https:\/\/inco-rep.com\/en\/product\/filtro-desechable\/","og_site_name":"Inco Suministros Ambientales","article_modified_time":"2024-04-29T18:51:52+00:00","og_image":[{"width":600,"height":600,"url":"http:\/\/inco-rep.com\/wp-content\/uploads\/2024\/02\/fibravidrio.jpg","type":"image\/jpeg"}],"twitter_card":"summary_large_image","twitter_misc":{"Est. reading time":"1 minute"},"schema":{"@context":"https:\/\/schema.org","@graph":[{"@type":"WebPage","@id":"https:\/\/inco-rep.com\/producto\/filtro-desechable\/","url":"https:\/\/inco-rep.com\/producto\/filtro-desechable\/","name":"Filtro Desechable | Inco Suministros Ambientales","isPartOf":{"@id":"https:\/\/inco-rep.com\/#website"},"primaryImageOfPage":{"@id":"https:\/\/inco-rep.com\/producto\/filtro-desechable\/#primaryimage"},"image":{"@id":"https:\/\/inco-rep.com\/producto\/filtro-desechable\/#primaryimage"},"thumbnailUrl":"https:\/\/inco-rep.com\/wp-content\/uploads\/2024\/02\/fibravidrio.jpg","datePublished":"2024-02-09T20:09:20+00:00","dateModified":"2024-04-29T18:51:52+00:00","breadcrumb":{"@id":"https:\/\/inco-rep.com\/producto\/filtro-desechable\/#breadcrumb"},"inLanguage":"en-US","potentialAction":[{"@type":"ReadAction","target":["https:\/\/inco-rep.com\/producto\/filtro-desechable\/"]}]},{"@type":"ImageObject","inLanguage":"en-US","@id":"https:\/\/inco-rep.com\/producto\/filtro-desechable\/#primaryimage","url":"https:\/\/inco-rep.com\/wp-content\/uploads\/2024\/02\/fibravidrio.jpg","contentUrl":"https:\/\/inco-rep.com\/wp-content\/uploads\/2024\/02\/fibravidrio.jpg","width":600,"height":600},{"@type":"BreadcrumbList","@id":"https:\/\/inco-rep.com\/producto\/filtro-desechable\/#breadcrumb","itemListElement":[{"@type":"ListItem","position":1,"name":"Inicio","item":"https:\/\/inco-rep.com\/"},{"@type":"ListItem","position":2,"name":"Productos","item":"https:\/\/inco-rep.com\/shop\/"},{"@type":"ListItem","position":3,"name":"Filtro Desechable"}]},{"@type":"WebSite","@id":"https:\/\/inco-rep.com\/#website","url":"https:\/\/inco-rep.com\/","name":"Inco Suministros Ambientales","description":"","publisher":{"@id":"https:\/\/inco-rep.com\/#organization"},"potentialAction":[{"@type":"SearchAction","target":{"@type":"EntryPoint","urlTemplate":"https:\/\/inco-rep.com\/?s={search_term_string}"},"query-input":"required name=search_term_string"}],"inLanguage":"en-US"},{"@type":"Organization","@id":"https:\/\/inco-rep.com\/#organization","name":"Inco Suministros Ambientales","url":"https:\/\/inco-rep.com\/","logo":{"@type":"ImageObject","inLanguage":"en-US","@id":"https:\/\/inco-rep.com\/#\/schema\/logo\/image\/","url":"https:\/\/inco-rep.com\/wp-content\/uploads\/2024\/02\/logo-2.png","contentUrl":"https:\/\/inco-rep.com\/wp-content\/uploads\/2024\/02\/logo-2.png","width":180,"height":59,"caption":"Inco Suministros Ambientales"},"image":{"@id":"https:\/\/inco-rep.com\/#\/schema\/logo\/image\/"}}]}},"_links":{"self":[{"href":"https:\/\/inco-rep.com\/en\/wp-json\/wp\/v2\/product\/4613","targetHints":{"allow":["GET"]}}],"collection":[{"href":"https:\/\/inco-rep.com\/en\/wp-json\/wp\/v2\/product"}],"about":[{"href":"https:\/\/inco-rep.com\/en\/wp-json\/wp\/v2\/types\/product"}],"replies":[{"embeddable":true,"href":"https:\/\/inco-rep.com\/en\/wp-json\/wp\/v2\/comments?post=4613"}],"wp:featuredmedia":[{"embeddable":true,"href":"https:\/\/inco-rep.com\/en\/wp-json\/wp\/v2\/media\/4906"}],"wp:attachment":[{"href":"https:\/\/inco-rep.com\/en\/wp-json\/wp\/v2\/media?parent=4613"}],"wp:term":[{"taxonomy":"product_cat","embeddable":true,"href":"https:\/\/inco-rep.com\/en\/wp-json\/wp\/v2\/product_cat?post=4613"},{"taxonomy":"product_tag","embeddable":true,"href":"https:\/\/inco-rep.com\/en\/wp-json\/wp\/v2\/product_tag?post=4613"}],"curies":[{"name":"wp","href":"https:\/\/api.w.org\/{rel}","templated":true}]}}