{"id":4616,"date":"2024-02-09T20:15:51","date_gmt":"2024-02-09T20:15:51","guid":{"rendered":"https:\/\/inco-rep.com\/?post_type=product&#038;p=4616"},"modified":"2024-04-29T17:29:08","modified_gmt":"2024-04-29T17:29:08","slug":"filtro-rigido","status":"publish","type":"product","link":"https:\/\/inco-rep.com\/en\/product\/filtro-rigido\/","title":{"rendered":"Rigid Cell Filter"},"content":{"rendered":"<p>Due to their design, they are ideal for use in variable volume systems and high humidity applications. Its configuration has the advantage of saving online space compared to other designs of similar capacity. They are offered in standard and special sizes at no additional cost and in various frame configurations.<\/p>\n<ul>\n<li>Rigid Filter, MERV 11 to 15<\/li>\n<li>High efficiency 65% \u200b\u200bto 95%<\/li>\n<li>Moisture resistant filter media<\/li>\n<li>Wooden or metal frame (box type, one or two flanges)<\/li>\n<li>Available in 6\u201d and 12\u201d depth<\/li>\n<li>Long useful life<\/li>\n<li>Optional with protective mesh at the air outlet<\/li>\n<\/ul>","protected":false},"excerpt":{"rendered":"<p>Medium and high efficiency extended surface cell type rigid filters designed for commercial and industrial applications.<\/p>","protected":false},"featured_media":4617,"comment_status":"closed","ping_status":"closed","template":"","meta":[],"product_cat":[193,225],"product_tag":[203],"class_list":{"0":"post-4616","1":"product","2":"type-product","3":"status-publish","4":"has-post-thumbnail","6":"product_cat-filtro","7":"product_cat-filtro-rigido","8":"product_tag-eliminacion-particulas","10":"first","11":"instock","12":"shipping-taxable","13":"product-type-simple"},"yoast_head":"<!-- This site is optimized with the Yoast SEO plugin v23.3 - https:\/\/yoast.com\/wordpress\/plugins\/seo\/ -->\n<title>Filtro R\u00edgido | Inco Suministros Ambientales<\/title>\n<meta name=\"robots\" content=\"index, follow, max-snippet:-1, max-image-preview:large, max-video-preview:-1\" \/>\n<link rel=\"canonical\" href=\"https:\/\/inco-rep.com\/en\/product\/filtro-rigido\/\" \/>\n<meta property=\"og:locale\" content=\"en_US\" \/>\n<meta property=\"og:type\" content=\"article\" \/>\n<meta property=\"og:title\" content=\"Filtro R\u00edgido | Inco Suministros Ambientales\" \/>\n<meta property=\"og:description\" content=\"Filtros r\u00edgidos tipo celda de superficie extendida de mediana y alta eficiencia dise\u00f1ados para aplicaciones comerciales e industriales.\" \/>\n<meta property=\"og:url\" content=\"https:\/\/inco-rep.com\/en\/product\/filtro-rigido\/\" \/>\n<meta property=\"og:site_name\" content=\"Inco Suministros Ambientales\" \/>\n<meta property=\"article:modified_time\" content=\"2024-04-29T17:29:08+00:00\" \/>\n<meta property=\"og:image\" content=\"http:\/\/inco-rep.com\/wp-content\/uploads\/2024\/02\/filtro-rigido.jpg\" \/>\n\t<meta property=\"og:image:width\" content=\"600\" \/>\n\t<meta property=\"og:image:height\" content=\"600\" \/>\n\t<meta property=\"og:image:type\" content=\"image\/jpeg\" \/>\n<meta name=\"twitter:card\" content=\"summary_large_image\" \/>\n<script type=\"application\/ld+json\" class=\"yoast-schema-graph\">{\"@context\":\"https:\/\/schema.org\",\"@graph\":[{\"@type\":\"WebPage\",\"@id\":\"https:\/\/inco-rep.com\/producto\/filtro-rigido\/\",\"url\":\"https:\/\/inco-rep.com\/producto\/filtro-rigido\/\",\"name\":\"Filtro R\u00edgido | Inco Suministros Ambientales\",\"isPartOf\":{\"@id\":\"https:\/\/inco-rep.com\/#website\"},\"primaryImageOfPage\":{\"@id\":\"https:\/\/inco-rep.com\/producto\/filtro-rigido\/#primaryimage\"},\"image\":{\"@id\":\"https:\/\/inco-rep.com\/producto\/filtro-rigido\/#primaryimage\"},\"thumbnailUrl\":\"https:\/\/inco-rep.com\/wp-content\/uploads\/2024\/02\/filtro-rigido.jpg\",\"datePublished\":\"2024-02-09T20:15:51+00:00\",\"dateModified\":\"2024-04-29T17:29:08+00:00\",\"breadcrumb\":{\"@id\":\"https:\/\/inco-rep.com\/producto\/filtro-rigido\/#breadcrumb\"},\"inLanguage\":\"en-US\",\"potentialAction\":[{\"@type\":\"ReadAction\",\"target\":[\"https:\/\/inco-rep.com\/producto\/filtro-rigido\/\"]}]},{\"@type\":\"ImageObject\",\"inLanguage\":\"en-US\",\"@id\":\"https:\/\/inco-rep.com\/producto\/filtro-rigido\/#primaryimage\",\"url\":\"https:\/\/inco-rep.com\/wp-content\/uploads\/2024\/02\/filtro-rigido.jpg\",\"contentUrl\":\"https:\/\/inco-rep.com\/wp-content\/uploads\/2024\/02\/filtro-rigido.jpg\",\"width\":600,\"height\":600,\"caption\":\"filtro rigido\"},{\"@type\":\"BreadcrumbList\",\"@id\":\"https:\/\/inco-rep.com\/producto\/filtro-rigido\/#breadcrumb\",\"itemListElement\":[{\"@type\":\"ListItem\",\"position\":1,\"name\":\"Inicio\",\"item\":\"https:\/\/inco-rep.com\/\"},{\"@type\":\"ListItem\",\"position\":2,\"name\":\"Productos\",\"item\":\"https:\/\/inco-rep.com\/shop\/\"},{\"@type\":\"ListItem\",\"position\":3,\"name\":\"Filtro R\u00edgido\"}]},{\"@type\":\"WebSite\",\"@id\":\"https:\/\/inco-rep.com\/#website\",\"url\":\"https:\/\/inco-rep.com\/\",\"name\":\"Inco Suministros Ambientales\",\"description\":\"\",\"publisher\":{\"@id\":\"https:\/\/inco-rep.com\/#organization\"},\"potentialAction\":[{\"@type\":\"SearchAction\",\"target\":{\"@type\":\"EntryPoint\",\"urlTemplate\":\"https:\/\/inco-rep.com\/?s={search_term_string}\"},\"query-input\":\"required name=search_term_string\"}],\"inLanguage\":\"en-US\"},{\"@type\":\"Organization\",\"@id\":\"https:\/\/inco-rep.com\/#organization\",\"name\":\"Inco Suministros Ambientales\",\"url\":\"https:\/\/inco-rep.com\/\",\"logo\":{\"@type\":\"ImageObject\",\"inLanguage\":\"en-US\",\"@id\":\"https:\/\/inco-rep.com\/#\/schema\/logo\/image\/\",\"url\":\"https:\/\/inco-rep.com\/wp-content\/uploads\/2024\/02\/logo-2.png\",\"contentUrl\":\"https:\/\/inco-rep.com\/wp-content\/uploads\/2024\/02\/logo-2.png\",\"width\":180,\"height\":59,\"caption\":\"Inco Suministros Ambientales\"},\"image\":{\"@id\":\"https:\/\/inco-rep.com\/#\/schema\/logo\/image\/\"}}]}<\/script>\n<!-- \/ Yoast SEO plugin. -->","yoast_head_json":{"title":"Filtro R\u00edgido | Inco Suministros Ambientales","robots":{"index":"index","follow":"follow","max-snippet":"max-snippet:-1","max-image-preview":"max-image-preview:large","max-video-preview":"max-video-preview:-1"},"canonical":"https:\/\/inco-rep.com\/en\/product\/filtro-rigido\/","og_locale":"en_US","og_type":"article","og_title":"Filtro R\u00edgido | Inco Suministros Ambientales","og_description":"Filtros r\u00edgidos tipo celda de superficie extendida de mediana y alta eficiencia dise\u00f1ados para aplicaciones comerciales e industriales.","og_url":"https:\/\/inco-rep.com\/en\/product\/filtro-rigido\/","og_site_name":"Inco Suministros Ambientales","article_modified_time":"2024-04-29T17:29:08+00:00","og_image":[{"width":600,"height":600,"url":"http:\/\/inco-rep.com\/wp-content\/uploads\/2024\/02\/filtro-rigido.jpg","type":"image\/jpeg"}],"twitter_card":"summary_large_image","schema":{"@context":"https:\/\/schema.org","@graph":[{"@type":"WebPage","@id":"https:\/\/inco-rep.com\/producto\/filtro-rigido\/","url":"https:\/\/inco-rep.com\/producto\/filtro-rigido\/","name":"Filtro R\u00edgido | Inco Suministros Ambientales","isPartOf":{"@id":"https:\/\/inco-rep.com\/#website"},"primaryImageOfPage":{"@id":"https:\/\/inco-rep.com\/producto\/filtro-rigido\/#primaryimage"},"image":{"@id":"https:\/\/inco-rep.com\/producto\/filtro-rigido\/#primaryimage"},"thumbnailUrl":"https:\/\/inco-rep.com\/wp-content\/uploads\/2024\/02\/filtro-rigido.jpg","datePublished":"2024-02-09T20:15:51+00:00","dateModified":"2024-04-29T17:29:08+00:00","breadcrumb":{"@id":"https:\/\/inco-rep.com\/producto\/filtro-rigido\/#breadcrumb"},"inLanguage":"en-US","potentialAction":[{"@type":"ReadAction","target":["https:\/\/inco-rep.com\/producto\/filtro-rigido\/"]}]},{"@type":"ImageObject","inLanguage":"en-US","@id":"https:\/\/inco-rep.com\/producto\/filtro-rigido\/#primaryimage","url":"https:\/\/inco-rep.com\/wp-content\/uploads\/2024\/02\/filtro-rigido.jpg","contentUrl":"https:\/\/inco-rep.com\/wp-content\/uploads\/2024\/02\/filtro-rigido.jpg","width":600,"height":600,"caption":"filtro rigido"},{"@type":"BreadcrumbList","@id":"https:\/\/inco-rep.com\/producto\/filtro-rigido\/#breadcrumb","itemListElement":[{"@type":"ListItem","position":1,"name":"Inicio","item":"https:\/\/inco-rep.com\/"},{"@type":"ListItem","position":2,"name":"Productos","item":"https:\/\/inco-rep.com\/shop\/"},{"@type":"ListItem","position":3,"name":"Filtro R\u00edgido"}]},{"@type":"WebSite","@id":"https:\/\/inco-rep.com\/#website","url":"https:\/\/inco-rep.com\/","name":"Inco Suministros Ambientales","description":"","publisher":{"@id":"https:\/\/inco-rep.com\/#organization"},"potentialAction":[{"@type":"SearchAction","target":{"@type":"EntryPoint","urlTemplate":"https:\/\/inco-rep.com\/?s={search_term_string}"},"query-input":"required name=search_term_string"}],"inLanguage":"en-US"},{"@type":"Organization","@id":"https:\/\/inco-rep.com\/#organization","name":"Inco Suministros Ambientales","url":"https:\/\/inco-rep.com\/","logo":{"@type":"ImageObject","inLanguage":"en-US","@id":"https:\/\/inco-rep.com\/#\/schema\/logo\/image\/","url":"https:\/\/inco-rep.com\/wp-content\/uploads\/2024\/02\/logo-2.png","contentUrl":"https:\/\/inco-rep.com\/wp-content\/uploads\/2024\/02\/logo-2.png","width":180,"height":59,"caption":"Inco Suministros Ambientales"},"image":{"@id":"https:\/\/inco-rep.com\/#\/schema\/logo\/image\/"}}]}},"_links":{"self":[{"href":"https:\/\/inco-rep.com\/en\/wp-json\/wp\/v2\/product\/4616","targetHints":{"allow":["GET"]}}],"collection":[{"href":"https:\/\/inco-rep.com\/en\/wp-json\/wp\/v2\/product"}],"about":[{"href":"https:\/\/inco-rep.com\/en\/wp-json\/wp\/v2\/types\/product"}],"replies":[{"embeddable":true,"href":"https:\/\/inco-rep.com\/en\/wp-json\/wp\/v2\/comments?post=4616"}],"wp:featuredmedia":[{"embeddable":true,"href":"https:\/\/inco-rep.com\/en\/wp-json\/wp\/v2\/media\/4617"}],"wp:attachment":[{"href":"https:\/\/inco-rep.com\/en\/wp-json\/wp\/v2\/media?parent=4616"}],"wp:term":[{"taxonomy":"product_cat","embeddable":true,"href":"https:\/\/inco-rep.com\/en\/wp-json\/wp\/v2\/product_cat?post=4616"},{"taxonomy":"product_tag","embeddable":true,"href":"https:\/\/inco-rep.com\/en\/wp-json\/wp\/v2\/product_tag?post=4616"}],"curies":[{"name":"wp","href":"https:\/\/api.w.org\/{rel}","templated":true}]}}