{"id":4650,"date":"2024-02-14T02:57:41","date_gmt":"2024-02-14T02:57:41","guid":{"rendered":"https:\/\/inco-rep.com\/?post_type=product&#038;p=4650"},"modified":"2024-04-29T18:53:11","modified_gmt":"2024-04-29T18:53:11","slug":"filtro-fibra-de-vidrio","status":"publish","type":"product","link":"https:\/\/inco-rep.com\/en\/product\/filtro-fibra-de-vidrio\/","title":{"rendered":"Fiberglass Filter"},"content":{"rendered":"<p>The media is approximately 2\u2033 thick and is constructed of thousands of continuous filament glass fibers formed into a progressively dense blanket or pad. This graduated density forces the paint particles to permeate the entire filter pad from back to front.<br \/>\nFull depth charging provides longer life and less downtime.<\/p>\n<p>The FG Fiberglass Filter is an excellent paint suppressor for all types of paints and coatings.<br \/>\nThis medium effectively removes solids from overspray lacquers, air-dried glazes and baked glazes.<\/p>\n<p>SprayStop FG uses a unique thermosetting adhesive resin that provides superior compressive strength.<br \/>\nThis specialized component allows each pad to return to its full thickness when removed from the box.<br \/>\nSuperior resilience means product can be packaged in bulk, resulting in lower storage space requirements and better coatings collection performance.<\/p>\n<p>Product performance data:<\/p>\n<ul>\n<li>Initial pressure drop at 150 FPM = 0.02\u2033 w.g.<\/li>\n<li>Paint holding capacity = 1260 grams<\/li>\n<li>Average removal efficiency = 98.7%<\/li>\n<\/ul>\n<p>\u200bFG is an excellent paint suppressant for all types of paints and coatings.<br \/>\nThis medium effectively removes solids from overspray lacquers, air-dried glazes and baked glazes.<\/p>\n<p>Filter FG uses a unique thermosetting adhesive resin that provides superior compressive strength.<br \/>\nThis specialized component allows each pad to return to its full thickness when removed from the box.<br \/>\nSuperior resilience means product can be packaged in bulk, resulting in lower storage space requirements and better coatings collection performance.<\/p>\n<p>&nbsp;<\/p>","protected":false},"excerpt":{"rendered":"<p>FG Fiberglass Filter is designed specifically for the economical collection of excess paint.<\/p>","protected":false},"featured_media":4937,"comment_status":"closed","ping_status":"closed","template":"","meta":[],"product_cat":[193,209],"product_tag":[203],"class_list":{"0":"post-4650","1":"product","2":"type-product","3":"status-publish","4":"has-post-thumbnail","6":"product_cat-filtro","7":"product_cat-paint-spray-booth","8":"product_tag-eliminacion-particulas","10":"first","11":"instock","12":"shipping-taxable","13":"product-type-simple"},"yoast_head":"<!-- This site is optimized with the Yoast SEO plugin v23.3 - https:\/\/yoast.com\/wordpress\/plugins\/seo\/ -->\n<title>Filtro Fibra de Vidrio | Inco Suministros Ambientales<\/title>\n<meta name=\"robots\" content=\"index, follow, max-snippet:-1, max-image-preview:large, max-video-preview:-1\" \/>\n<link rel=\"canonical\" href=\"https:\/\/inco-rep.com\/en\/product\/filtro-fibra-de-vidrio\/\" \/>\n<meta property=\"og:locale\" content=\"en_US\" \/>\n<meta property=\"og:type\" content=\"article\" \/>\n<meta property=\"og:title\" content=\"Filtro Fibra de Vidrio | Inco Suministros Ambientales\" \/>\n<meta property=\"og:description\" content=\"Filtro Fibra de Vidrio FG est\u00e1 dise\u00f1ado espec\u00edficamente para la recolecci\u00f3n econ\u00f3mica de exceso de pintura.\" \/>\n<meta property=\"og:url\" content=\"https:\/\/inco-rep.com\/en\/product\/filtro-fibra-de-vidrio\/\" \/>\n<meta property=\"og:site_name\" content=\"Inco Suministros Ambientales\" \/>\n<meta property=\"article:modified_time\" content=\"2024-04-29T18:53:11+00:00\" \/>\n<meta property=\"og:image\" content=\"http:\/\/inco-rep.com\/wp-content\/uploads\/2024\/02\/fibra-vidrio.jpg\" \/>\n\t<meta property=\"og:image:width\" content=\"600\" \/>\n\t<meta property=\"og:image:height\" content=\"600\" \/>\n\t<meta property=\"og:image:type\" content=\"image\/jpeg\" \/>\n<meta name=\"twitter:card\" content=\"summary_large_image\" \/>\n<meta name=\"twitter:label1\" content=\"Est. reading time\" \/>\n\t<meta name=\"twitter:data1\" content=\"2 minutes\" \/>\n<script type=\"application\/ld+json\" class=\"yoast-schema-graph\">{\"@context\":\"https:\/\/schema.org\",\"@graph\":[{\"@type\":\"WebPage\",\"@id\":\"https:\/\/inco-rep.com\/producto\/filtro-fibra-de-vidrio\/\",\"url\":\"https:\/\/inco-rep.com\/producto\/filtro-fibra-de-vidrio\/\",\"name\":\"Filtro Fibra de Vidrio | Inco Suministros Ambientales\",\"isPartOf\":{\"@id\":\"https:\/\/inco-rep.com\/#website\"},\"primaryImageOfPage\":{\"@id\":\"https:\/\/inco-rep.com\/producto\/filtro-fibra-de-vidrio\/#primaryimage\"},\"image\":{\"@id\":\"https:\/\/inco-rep.com\/producto\/filtro-fibra-de-vidrio\/#primaryimage\"},\"thumbnailUrl\":\"https:\/\/inco-rep.com\/wp-content\/uploads\/2024\/02\/fibra-vidrio.jpg\",\"datePublished\":\"2024-02-14T02:57:41+00:00\",\"dateModified\":\"2024-04-29T18:53:11+00:00\",\"breadcrumb\":{\"@id\":\"https:\/\/inco-rep.com\/producto\/filtro-fibra-de-vidrio\/#breadcrumb\"},\"inLanguage\":\"en-US\",\"potentialAction\":[{\"@type\":\"ReadAction\",\"target\":[\"https:\/\/inco-rep.com\/producto\/filtro-fibra-de-vidrio\/\"]}]},{\"@type\":\"ImageObject\",\"inLanguage\":\"en-US\",\"@id\":\"https:\/\/inco-rep.com\/producto\/filtro-fibra-de-vidrio\/#primaryimage\",\"url\":\"https:\/\/inco-rep.com\/wp-content\/uploads\/2024\/02\/fibra-vidrio.jpg\",\"contentUrl\":\"https:\/\/inco-rep.com\/wp-content\/uploads\/2024\/02\/fibra-vidrio.jpg\",\"width\":600,\"height\":600},{\"@type\":\"BreadcrumbList\",\"@id\":\"https:\/\/inco-rep.com\/producto\/filtro-fibra-de-vidrio\/#breadcrumb\",\"itemListElement\":[{\"@type\":\"ListItem\",\"position\":1,\"name\":\"Inicio\",\"item\":\"https:\/\/inco-rep.com\/\"},{\"@type\":\"ListItem\",\"position\":2,\"name\":\"Productos\",\"item\":\"https:\/\/inco-rep.com\/shop\/\"},{\"@type\":\"ListItem\",\"position\":3,\"name\":\"Filtro Fibra de Vidrio\"}]},{\"@type\":\"WebSite\",\"@id\":\"https:\/\/inco-rep.com\/#website\",\"url\":\"https:\/\/inco-rep.com\/\",\"name\":\"Inco Suministros Ambientales\",\"description\":\"\",\"publisher\":{\"@id\":\"https:\/\/inco-rep.com\/#organization\"},\"potentialAction\":[{\"@type\":\"SearchAction\",\"target\":{\"@type\":\"EntryPoint\",\"urlTemplate\":\"https:\/\/inco-rep.com\/?s={search_term_string}\"},\"query-input\":\"required name=search_term_string\"}],\"inLanguage\":\"en-US\"},{\"@type\":\"Organization\",\"@id\":\"https:\/\/inco-rep.com\/#organization\",\"name\":\"Inco Suministros Ambientales\",\"url\":\"https:\/\/inco-rep.com\/\",\"logo\":{\"@type\":\"ImageObject\",\"inLanguage\":\"en-US\",\"@id\":\"https:\/\/inco-rep.com\/#\/schema\/logo\/image\/\",\"url\":\"https:\/\/inco-rep.com\/wp-content\/uploads\/2024\/02\/logo-2.png\",\"contentUrl\":\"https:\/\/inco-rep.com\/wp-content\/uploads\/2024\/02\/logo-2.png\",\"width\":180,\"height\":59,\"caption\":\"Inco Suministros Ambientales\"},\"image\":{\"@id\":\"https:\/\/inco-rep.com\/#\/schema\/logo\/image\/\"}}]}<\/script>\n<!-- \/ Yoast SEO plugin. -->","yoast_head_json":{"title":"Filtro Fibra de Vidrio | Inco Suministros Ambientales","robots":{"index":"index","follow":"follow","max-snippet":"max-snippet:-1","max-image-preview":"max-image-preview:large","max-video-preview":"max-video-preview:-1"},"canonical":"https:\/\/inco-rep.com\/en\/product\/filtro-fibra-de-vidrio\/","og_locale":"en_US","og_type":"article","og_title":"Filtro Fibra de Vidrio | Inco Suministros Ambientales","og_description":"Filtro Fibra de Vidrio FG est\u00e1 dise\u00f1ado espec\u00edficamente para la recolecci\u00f3n econ\u00f3mica de exceso de pintura.","og_url":"https:\/\/inco-rep.com\/en\/product\/filtro-fibra-de-vidrio\/","og_site_name":"Inco Suministros Ambientales","article_modified_time":"2024-04-29T18:53:11+00:00","og_image":[{"width":600,"height":600,"url":"http:\/\/inco-rep.com\/wp-content\/uploads\/2024\/02\/fibra-vidrio.jpg","type":"image\/jpeg"}],"twitter_card":"summary_large_image","twitter_misc":{"Est. reading time":"2 minutes"},"schema":{"@context":"https:\/\/schema.org","@graph":[{"@type":"WebPage","@id":"https:\/\/inco-rep.com\/producto\/filtro-fibra-de-vidrio\/","url":"https:\/\/inco-rep.com\/producto\/filtro-fibra-de-vidrio\/","name":"Filtro Fibra de Vidrio | Inco Suministros Ambientales","isPartOf":{"@id":"https:\/\/inco-rep.com\/#website"},"primaryImageOfPage":{"@id":"https:\/\/inco-rep.com\/producto\/filtro-fibra-de-vidrio\/#primaryimage"},"image":{"@id":"https:\/\/inco-rep.com\/producto\/filtro-fibra-de-vidrio\/#primaryimage"},"thumbnailUrl":"https:\/\/inco-rep.com\/wp-content\/uploads\/2024\/02\/fibra-vidrio.jpg","datePublished":"2024-02-14T02:57:41+00:00","dateModified":"2024-04-29T18:53:11+00:00","breadcrumb":{"@id":"https:\/\/inco-rep.com\/producto\/filtro-fibra-de-vidrio\/#breadcrumb"},"inLanguage":"en-US","potentialAction":[{"@type":"ReadAction","target":["https:\/\/inco-rep.com\/producto\/filtro-fibra-de-vidrio\/"]}]},{"@type":"ImageObject","inLanguage":"en-US","@id":"https:\/\/inco-rep.com\/producto\/filtro-fibra-de-vidrio\/#primaryimage","url":"https:\/\/inco-rep.com\/wp-content\/uploads\/2024\/02\/fibra-vidrio.jpg","contentUrl":"https:\/\/inco-rep.com\/wp-content\/uploads\/2024\/02\/fibra-vidrio.jpg","width":600,"height":600},{"@type":"BreadcrumbList","@id":"https:\/\/inco-rep.com\/producto\/filtro-fibra-de-vidrio\/#breadcrumb","itemListElement":[{"@type":"ListItem","position":1,"name":"Inicio","item":"https:\/\/inco-rep.com\/"},{"@type":"ListItem","position":2,"name":"Productos","item":"https:\/\/inco-rep.com\/shop\/"},{"@type":"ListItem","position":3,"name":"Filtro Fibra de Vidrio"}]},{"@type":"WebSite","@id":"https:\/\/inco-rep.com\/#website","url":"https:\/\/inco-rep.com\/","name":"Inco Suministros Ambientales","description":"","publisher":{"@id":"https:\/\/inco-rep.com\/#organization"},"potentialAction":[{"@type":"SearchAction","target":{"@type":"EntryPoint","urlTemplate":"https:\/\/inco-rep.com\/?s={search_term_string}"},"query-input":"required name=search_term_string"}],"inLanguage":"en-US"},{"@type":"Organization","@id":"https:\/\/inco-rep.com\/#organization","name":"Inco Suministros Ambientales","url":"https:\/\/inco-rep.com\/","logo":{"@type":"ImageObject","inLanguage":"en-US","@id":"https:\/\/inco-rep.com\/#\/schema\/logo\/image\/","url":"https:\/\/inco-rep.com\/wp-content\/uploads\/2024\/02\/logo-2.png","contentUrl":"https:\/\/inco-rep.com\/wp-content\/uploads\/2024\/02\/logo-2.png","width":180,"height":59,"caption":"Inco Suministros Ambientales"},"image":{"@id":"https:\/\/inco-rep.com\/#\/schema\/logo\/image\/"}}]}},"_links":{"self":[{"href":"https:\/\/inco-rep.com\/en\/wp-json\/wp\/v2\/product\/4650","targetHints":{"allow":["GET"]}}],"collection":[{"href":"https:\/\/inco-rep.com\/en\/wp-json\/wp\/v2\/product"}],"about":[{"href":"https:\/\/inco-rep.com\/en\/wp-json\/wp\/v2\/types\/product"}],"replies":[{"embeddable":true,"href":"https:\/\/inco-rep.com\/en\/wp-json\/wp\/v2\/comments?post=4650"}],"wp:featuredmedia":[{"embeddable":true,"href":"https:\/\/inco-rep.com\/en\/wp-json\/wp\/v2\/media\/4937"}],"wp:attachment":[{"href":"https:\/\/inco-rep.com\/en\/wp-json\/wp\/v2\/media?parent=4650"}],"wp:term":[{"taxonomy":"product_cat","embeddable":true,"href":"https:\/\/inco-rep.com\/en\/wp-json\/wp\/v2\/product_cat?post=4650"},{"taxonomy":"product_tag","embeddable":true,"href":"https:\/\/inco-rep.com\/en\/wp-json\/wp\/v2\/product_tag?post=4650"}],"curies":[{"name":"wp","href":"https:\/\/api.w.org\/{rel}","templated":true}]}}