{"id":4652,"date":"2024-02-14T09:14:46","date_gmt":"2024-02-14T09:14:46","guid":{"rendered":"https:\/\/inco-rep.com\/?post_type=product&#038;p=4652"},"modified":"2024-04-29T18:24:39","modified_gmt":"2024-04-29T18:24:39","slug":"rollo-de-pvc-polar-nylon","status":"publish","type":"product","link":"https:\/\/inco-rep.com\/en\/product\/rollo-de-pvc-polar-nylon\/","title":{"rendered":"Low Temp Smooth PVC"},"content":{"rendered":"<p>POLAR PVC Plastic for Low Temperatures is used in environments with negative temperatures due to its insulating power: it reduces energy loss and thus saves costs. Use temperature: -30 to +40\u00b0C.<\/p>\n<p>Strips and panels are flexible, resistant to breaking and cracking for either interior or exterior applications with temperatures between -30\u00b0C to +40\u00b0C.<\/p>\n<p>POLAR PVC Plastic is recommended for many applications, but especially for doors and partitions in cold rooms, refrigerated warehouses in restaurants, refrigerated trucks, etc. It allows people, vehicles and goods to pass easily and effectively prevents air loss, saves energy and reduces costs. No noise during work, improves cooling and reduces refrigerator running time, saving energy. PVC Strip is non-porous, which creates an extremely slippery surface. This is ideal as it helps prevent the build-up of bacteria.<\/p>\n<p>Free-flowing air in a temperature-controlled room is the number one tariff for most food processing facilities and retail establishments. Swing-down freezer doors eliminate this unnecessary cost and are one of the quickest solutions to install. With an exceptional return on investment and potential to fit almost any opening, these clear food-safe strips are found in almost all facilities with refrigerators and freezers, such as refrigerated vehicles, appliances, walk-in coolers, walk-in coolers, etc.<\/p>\n<p>&nbsp;<\/p>\n<table border=\"0\" frame=\"VOID\" rules=\"NONE\" cellspacing=\"0\">\n<colgroup>\n<col width=\"144\" \/>\n<col width=\"90\" \/>\n<col width=\"71\" \/><\/colgroup>\n<tbody>\n<tr>\n<td rowspan=\"2\" align=\"CENTER\" valign=\"MIDDLE\" width=\"144\" height=\"37\"><b><span style=\"color: #000000; font-family: Calibri;\">Roll Width <\/span><\/b><\/td>\n<td rowspan=\"2\" align=\"CENTER\" valign=\"TOP\" width=\"90\"><b><span style=\"color: #000000; font-family: Calibri;\">Gauge<\/span><\/b><\/td>\n<td rowspan=\"2\" align=\"CENTER\" valign=\"TOP\" width=\"71\"><b><span style=\"color: #000000; font-family: Calibri;\">Linear Ft<\/span><\/b><\/td>\n<\/tr>\n<\/tbody>\n<\/table>\n<table border=\"0\" frame=\"VOID\" rules=\"NONE\" cellspacing=\"0\">\n<colgroup>\n<col width=\"144\" \/>\n<col width=\"90\" \/>\n<col width=\"71\" \/><\/colgroup>\n<tbody>\n<tr>\n<td align=\"LEFT\" valign=\"BOTTOM\" width=\"144\" height=\"19\"><span style=\"color: #000000; font-family: Calibri;\">8 in. LT Reinf<\/span><\/td>\n<td align=\"RIGHT\" valign=\"BOTTOM\" width=\"90\"><span style=\"color: #000000; font-family: Calibri;\">0.080<\/span><\/td>\n<td align=\"RIGHT\" valign=\"BOTTOM\" width=\"71\"><span style=\"color: #000000; font-family: Calibri;\">300<\/span><\/td>\n<\/tr>\n<tr>\n<td align=\"LEFT\" valign=\"BOTTOM\" height=\"19\"><span style=\"color: #000000; font-family: Calibri;\">8 in. LT Reinf<\/span><\/td>\n<td align=\"RIGHT\" valign=\"BOTTOM\"><span style=\"color: #000000; font-family: Calibri;\">0.080<\/span><\/td>\n<td align=\"RIGHT\" valign=\"BOTTOM\"><span style=\"color: #000000; font-family: Calibri;\">150<\/span><\/td>\n<\/tr>\n<tr>\n<td align=\"LEFT\" valign=\"BOTTOM\" height=\"19\"><span style=\"color: #000000; font-family: Calibri;\">8 in. LT Reinf<\/span><\/td>\n<td align=\"RIGHT\" valign=\"BOTTOM\"><span style=\"color: #000000; font-family: Calibri;\">0.080<\/span><\/td>\n<td align=\"RIGHT\" valign=\"BOTTOM\"><span style=\"color: #000000; font-family: Calibri;\">100<\/span><\/td>\n<\/tr>\n<tr>\n<td align=\"LEFT\" valign=\"BOTTOM\" height=\"19\"><span style=\"color: #000000; font-family: Calibri;\">12 in. LT Reinf<\/span><\/td>\n<td align=\"RIGHT\" valign=\"BOTTOM\"><span style=\"color: #000000; font-family: Calibri;\">0.120<\/span><\/td>\n<td align=\"RIGHT\" valign=\"BOTTOM\"><span style=\"color: #000000; font-family: Calibri;\">200<\/span><\/td>\n<\/tr>\n<tr>\n<td align=\"LEFT\" valign=\"BOTTOM\" height=\"19\"><span style=\"color: #000000; font-family: Calibri;\">12 in. LT Reinf<\/span><\/td>\n<td align=\"RIGHT\" valign=\"BOTTOM\"><span style=\"color: #000000; font-family: Calibri;\">0.120<\/span><\/td>\n<td align=\"RIGHT\" valign=\"BOTTOM\"><span style=\"color: #000000; font-family: Calibri;\">100<\/span><\/td>\n<\/tr>\n<\/tbody>\n<\/table>","protected":false},"excerpt":{"rendered":"<p>Freezing Chambers<\/p>\n<p>The additional feature is a Nylon rope to prevent elongation and contraction in Fluctuating Temperature conditions.<\/p>\n<p>Temperature range from -40\u00b0 to 140\u00b0 F<\/p>","protected":false},"featured_media":4840,"comment_status":"closed","ping_status":"closed","template":"","meta":[],"product_cat":[231,191],"product_tag":[219,210],"class_list":{"0":"post-4652","1":"product","2":"type-product","3":"status-publish","4":"has-post-thumbnail","6":"product_cat-cortinas-2","7":"product_cat-cortinas","8":"product_tag-polar","9":"product_tag-pvc","11":"first","12":"instock","13":"shipping-taxable","14":"product-type-simple"},"yoast_head":"<!-- This site is optimized with the Yoast SEO plugin v23.3 - https:\/\/yoast.com\/wordpress\/plugins\/seo\/ -->\n<title>Pl\u00e1stico Pvc Liso Baja Temperatura | Inco Suministros Ambientales<\/title>\n<meta name=\"robots\" content=\"index, follow, max-snippet:-1, max-image-preview:large, max-video-preview:-1\" \/>\n<link rel=\"canonical\" href=\"https:\/\/inco-rep.com\/en\/product\/rollo-de-pvc-polar-nylon\/\" \/>\n<meta property=\"og:locale\" content=\"en_US\" \/>\n<meta property=\"og:type\" content=\"article\" \/>\n<meta property=\"og:title\" content=\"Pl\u00e1stico Pvc Liso Baja Temperatura | Inco Suministros Ambientales\" \/>\n<meta property=\"og:description\" content=\"C\u00e1maras de Congelaci\u00f3n  La caracter\u00edstica adicional es una cuerda de Nylon para evitar el alargamiento y contracci\u00f3n en condiciones de Temperatura Fluctuante.  Rango de Temperatura desde -40\u00b0 a 140\u00b0 F\" \/>\n<meta property=\"og:url\" content=\"https:\/\/inco-rep.com\/en\/product\/rollo-de-pvc-polar-nylon\/\" \/>\n<meta property=\"og:site_name\" content=\"Inco Suministros Ambientales\" \/>\n<meta property=\"article:modified_time\" content=\"2024-04-29T18:24:39+00:00\" \/>\n<meta property=\"og:image\" content=\"http:\/\/inco-rep.com\/wp-content\/uploads\/2024\/02\/polarnylon.jpg\" \/>\n\t<meta property=\"og:image:width\" content=\"600\" \/>\n\t<meta property=\"og:image:height\" content=\"600\" \/>\n\t<meta property=\"og:image:type\" content=\"image\/jpeg\" \/>\n<meta name=\"twitter:card\" content=\"summary_large_image\" \/>\n<meta name=\"twitter:label1\" content=\"Est. reading time\" \/>\n\t<meta name=\"twitter:data1\" content=\"2 minutes\" \/>\n<script type=\"application\/ld+json\" class=\"yoast-schema-graph\">{\"@context\":\"https:\/\/schema.org\",\"@graph\":[{\"@type\":\"WebPage\",\"@id\":\"https:\/\/inco-rep.com\/producto\/rollo-de-pvc-polar-nylon\/\",\"url\":\"https:\/\/inco-rep.com\/producto\/rollo-de-pvc-polar-nylon\/\",\"name\":\"Pl\u00e1stico Pvc Liso Baja Temperatura | Inco Suministros Ambientales\",\"isPartOf\":{\"@id\":\"https:\/\/inco-rep.com\/#website\"},\"primaryImageOfPage\":{\"@id\":\"https:\/\/inco-rep.com\/producto\/rollo-de-pvc-polar-nylon\/#primaryimage\"},\"image\":{\"@id\":\"https:\/\/inco-rep.com\/producto\/rollo-de-pvc-polar-nylon\/#primaryimage\"},\"thumbnailUrl\":\"https:\/\/inco-rep.com\/wp-content\/uploads\/2024\/02\/polarnylon.jpg\",\"datePublished\":\"2024-02-14T09:14:46+00:00\",\"dateModified\":\"2024-04-29T18:24:39+00:00\",\"breadcrumb\":{\"@id\":\"https:\/\/inco-rep.com\/producto\/rollo-de-pvc-polar-nylon\/#breadcrumb\"},\"inLanguage\":\"en-US\",\"potentialAction\":[{\"@type\":\"ReadAction\",\"target\":[\"https:\/\/inco-rep.com\/producto\/rollo-de-pvc-polar-nylon\/\"]}]},{\"@type\":\"ImageObject\",\"inLanguage\":\"en-US\",\"@id\":\"https:\/\/inco-rep.com\/producto\/rollo-de-pvc-polar-nylon\/#primaryimage\",\"url\":\"https:\/\/inco-rep.com\/wp-content\/uploads\/2024\/02\/polarnylon.jpg\",\"contentUrl\":\"https:\/\/inco-rep.com\/wp-content\/uploads\/2024\/02\/polarnylon.jpg\",\"width\":600,\"height\":600,\"caption\":\"Polar Nylon\"},{\"@type\":\"BreadcrumbList\",\"@id\":\"https:\/\/inco-rep.com\/producto\/rollo-de-pvc-polar-nylon\/#breadcrumb\",\"itemListElement\":[{\"@type\":\"ListItem\",\"position\":1,\"name\":\"Inicio\",\"item\":\"https:\/\/inco-rep.com\/\"},{\"@type\":\"ListItem\",\"position\":2,\"name\":\"Productos\",\"item\":\"https:\/\/inco-rep.com\/shop\/\"},{\"@type\":\"ListItem\",\"position\":3,\"name\":\"Pl\u00e1stico Pvc Liso Baja Temperatura\"}]},{\"@type\":\"WebSite\",\"@id\":\"https:\/\/inco-rep.com\/#website\",\"url\":\"https:\/\/inco-rep.com\/\",\"name\":\"Inco Suministros Ambientales\",\"description\":\"\",\"publisher\":{\"@id\":\"https:\/\/inco-rep.com\/#organization\"},\"potentialAction\":[{\"@type\":\"SearchAction\",\"target\":{\"@type\":\"EntryPoint\",\"urlTemplate\":\"https:\/\/inco-rep.com\/?s={search_term_string}\"},\"query-input\":\"required name=search_term_string\"}],\"inLanguage\":\"en-US\"},{\"@type\":\"Organization\",\"@id\":\"https:\/\/inco-rep.com\/#organization\",\"name\":\"Inco Suministros Ambientales\",\"url\":\"https:\/\/inco-rep.com\/\",\"logo\":{\"@type\":\"ImageObject\",\"inLanguage\":\"en-US\",\"@id\":\"https:\/\/inco-rep.com\/#\/schema\/logo\/image\/\",\"url\":\"https:\/\/inco-rep.com\/wp-content\/uploads\/2024\/02\/logo-2.png\",\"contentUrl\":\"https:\/\/inco-rep.com\/wp-content\/uploads\/2024\/02\/logo-2.png\",\"width\":180,\"height\":59,\"caption\":\"Inco Suministros Ambientales\"},\"image\":{\"@id\":\"https:\/\/inco-rep.com\/#\/schema\/logo\/image\/\"}}]}<\/script>\n<!-- \/ Yoast SEO plugin. -->","yoast_head_json":{"title":"Pl\u00e1stico Pvc Liso Baja Temperatura | Inco Suministros Ambientales","robots":{"index":"index","follow":"follow","max-snippet":"max-snippet:-1","max-image-preview":"max-image-preview:large","max-video-preview":"max-video-preview:-1"},"canonical":"https:\/\/inco-rep.com\/en\/product\/rollo-de-pvc-polar-nylon\/","og_locale":"en_US","og_type":"article","og_title":"Pl\u00e1stico Pvc Liso Baja Temperatura | Inco Suministros Ambientales","og_description":"C\u00e1maras de Congelaci\u00f3n  La caracter\u00edstica adicional es una cuerda de Nylon para evitar el alargamiento y contracci\u00f3n en condiciones de Temperatura Fluctuante.  Rango de Temperatura desde -40\u00b0 a 140\u00b0 F","og_url":"https:\/\/inco-rep.com\/en\/product\/rollo-de-pvc-polar-nylon\/","og_site_name":"Inco Suministros Ambientales","article_modified_time":"2024-04-29T18:24:39+00:00","og_image":[{"width":600,"height":600,"url":"http:\/\/inco-rep.com\/wp-content\/uploads\/2024\/02\/polarnylon.jpg","type":"image\/jpeg"}],"twitter_card":"summary_large_image","twitter_misc":{"Est. reading time":"2 minutes"},"schema":{"@context":"https:\/\/schema.org","@graph":[{"@type":"WebPage","@id":"https:\/\/inco-rep.com\/producto\/rollo-de-pvc-polar-nylon\/","url":"https:\/\/inco-rep.com\/producto\/rollo-de-pvc-polar-nylon\/","name":"Pl\u00e1stico Pvc Liso Baja Temperatura | Inco Suministros Ambientales","isPartOf":{"@id":"https:\/\/inco-rep.com\/#website"},"primaryImageOfPage":{"@id":"https:\/\/inco-rep.com\/producto\/rollo-de-pvc-polar-nylon\/#primaryimage"},"image":{"@id":"https:\/\/inco-rep.com\/producto\/rollo-de-pvc-polar-nylon\/#primaryimage"},"thumbnailUrl":"https:\/\/inco-rep.com\/wp-content\/uploads\/2024\/02\/polarnylon.jpg","datePublished":"2024-02-14T09:14:46+00:00","dateModified":"2024-04-29T18:24:39+00:00","breadcrumb":{"@id":"https:\/\/inco-rep.com\/producto\/rollo-de-pvc-polar-nylon\/#breadcrumb"},"inLanguage":"en-US","potentialAction":[{"@type":"ReadAction","target":["https:\/\/inco-rep.com\/producto\/rollo-de-pvc-polar-nylon\/"]}]},{"@type":"ImageObject","inLanguage":"en-US","@id":"https:\/\/inco-rep.com\/producto\/rollo-de-pvc-polar-nylon\/#primaryimage","url":"https:\/\/inco-rep.com\/wp-content\/uploads\/2024\/02\/polarnylon.jpg","contentUrl":"https:\/\/inco-rep.com\/wp-content\/uploads\/2024\/02\/polarnylon.jpg","width":600,"height":600,"caption":"Polar Nylon"},{"@type":"BreadcrumbList","@id":"https:\/\/inco-rep.com\/producto\/rollo-de-pvc-polar-nylon\/#breadcrumb","itemListElement":[{"@type":"ListItem","position":1,"name":"Inicio","item":"https:\/\/inco-rep.com\/"},{"@type":"ListItem","position":2,"name":"Productos","item":"https:\/\/inco-rep.com\/shop\/"},{"@type":"ListItem","position":3,"name":"Pl\u00e1stico Pvc Liso Baja Temperatura"}]},{"@type":"WebSite","@id":"https:\/\/inco-rep.com\/#website","url":"https:\/\/inco-rep.com\/","name":"Inco Suministros Ambientales","description":"","publisher":{"@id":"https:\/\/inco-rep.com\/#organization"},"potentialAction":[{"@type":"SearchAction","target":{"@type":"EntryPoint","urlTemplate":"https:\/\/inco-rep.com\/?s={search_term_string}"},"query-input":"required name=search_term_string"}],"inLanguage":"en-US"},{"@type":"Organization","@id":"https:\/\/inco-rep.com\/#organization","name":"Inco Suministros Ambientales","url":"https:\/\/inco-rep.com\/","logo":{"@type":"ImageObject","inLanguage":"en-US","@id":"https:\/\/inco-rep.com\/#\/schema\/logo\/image\/","url":"https:\/\/inco-rep.com\/wp-content\/uploads\/2024\/02\/logo-2.png","contentUrl":"https:\/\/inco-rep.com\/wp-content\/uploads\/2024\/02\/logo-2.png","width":180,"height":59,"caption":"Inco Suministros Ambientales"},"image":{"@id":"https:\/\/inco-rep.com\/#\/schema\/logo\/image\/"}}]}},"_links":{"self":[{"href":"https:\/\/inco-rep.com\/en\/wp-json\/wp\/v2\/product\/4652","targetHints":{"allow":["GET"]}}],"collection":[{"href":"https:\/\/inco-rep.com\/en\/wp-json\/wp\/v2\/product"}],"about":[{"href":"https:\/\/inco-rep.com\/en\/wp-json\/wp\/v2\/types\/product"}],"replies":[{"embeddable":true,"href":"https:\/\/inco-rep.com\/en\/wp-json\/wp\/v2\/comments?post=4652"}],"wp:featuredmedia":[{"embeddable":true,"href":"https:\/\/inco-rep.com\/en\/wp-json\/wp\/v2\/media\/4840"}],"wp:attachment":[{"href":"https:\/\/inco-rep.com\/en\/wp-json\/wp\/v2\/media?parent=4652"}],"wp:term":[{"taxonomy":"product_cat","embeddable":true,"href":"https:\/\/inco-rep.com\/en\/wp-json\/wp\/v2\/product_cat?post=4652"},{"taxonomy":"product_tag","embeddable":true,"href":"https:\/\/inco-rep.com\/en\/wp-json\/wp\/v2\/product_tag?post=4652"}],"curies":[{"name":"wp","href":"https:\/\/api.w.org\/{rel}","templated":true}]}}