{"id":4654,"date":"2024-02-14T08:20:51","date_gmt":"2024-02-14T08:20:51","guid":{"rendered":"https:\/\/inco-rep.com\/?post_type=product&#038;p=4654"},"modified":"2024-04-29T18:25:29","modified_gmt":"2024-04-29T18:25:29","slug":"rollo-pvc-costilla-standard","status":"publish","type":"product","link":"https:\/\/inco-rep.com\/en\/product\/rollo-pvc-costilla-standard\/","title":{"rendered":"Standard Ribbed PVC"},"content":{"rendered":"<p>Blued PVC Plastic provides clarity, shine, durability, flexibility and strong impact resistance.<\/p>\n<p>It is mainly recommended for the manufacture of strip doors and partitions for industrial and commercial buildings. We offer a wide range of polyvinyl plastic either for pedestrian crossing or motorized vehicle traffic such as forklifts.<\/p>\n<p>Easy to clean, easy to replace, Blued PVC (Polyvinyl) Plastic strips or panels are an economical solution.<\/p>\n<p>DETAILS<\/p>\n<ul>\n<li>Transparency\/clear<\/li>\n<li>Flexibility<\/li>\n<li>Thermal isolation<\/li>\n<li>Acoustic isolation<\/li>\n<li>Long duration<\/li>\n<li>Scratch and impact resistant<\/li>\n<li>Chemical resistance<\/li>\n<li>Environmentally friendly and recyclable<\/li>\n<\/ul>\n<p>&nbsp;<\/p>\n<p>FORMAT<\/p>\n<ul>\n<li>Strips and panels, reinforced film, rounded edges.<\/li>\n<\/ul>\n<table border=\"0\" frame=\"VOID\" rules=\"NONE\" cellspacing=\"0\">\n<colgroup>\n<col width=\"151\" \/>\n<col width=\"87\" \/>\n<col width=\"86\" \/><\/colgroup>\n<tbody>\n<tr>\n<td rowspan=\"2\" align=\"CENTER\" valign=\"MIDDLE\" width=\"151\" height=\"37\"><b><span style=\"color: #000000; font-family: Calibri;\">Roll Width <\/span><\/b><\/td>\n<td rowspan=\"2\" align=\"CENTER\" valign=\"TOP\" width=\"87\"><b><span style=\"color: #000000; font-family: Calibri;\">Gauge<\/span><\/b><\/td>\n<td rowspan=\"2\" align=\"CENTER\" valign=\"TOP\" width=\"86\"><b><span style=\"color: #000000; font-family: Calibri;\">Linear Ft<\/span><\/b><\/td>\n<\/tr>\n<\/tbody>\n<\/table>\n<table border=\"0\" frame=\"VOID\" rules=\"NONE\" cellspacing=\"0\">\n<colgroup>\n<col width=\"151\" \/>\n<col width=\"87\" \/>\n<col width=\"86\" \/><\/colgroup>\n<tbody>\n<tr>\n<td align=\"LEFT\" valign=\"BOTTOM\" width=\"151\" height=\"19\"><span style=\"color: #000000; font-family: Calibri;\">8 in. Std Ribbed<\/span><\/td>\n<td align=\"RIGHT\" valign=\"BOTTOM\" width=\"87\"><span style=\"color: #000000; font-family: Calibri;\">0.072<\/span><\/td>\n<td align=\"RIGHT\" valign=\"BOTTOM\" width=\"86\"><span style=\"color: #000000; font-family: Calibri;\">150<\/span><\/td>\n<\/tr>\n<tr>\n<td align=\"LEFT\" valign=\"BOTTOM\" height=\"19\"><span style=\"color: #000000; font-family: Calibri;\">8 in. Std Ribbed<\/span><\/td>\n<td align=\"RIGHT\" valign=\"BOTTOM\"><span style=\"color: #000000; font-family: Calibri;\">0.072<\/span><\/td>\n<td align=\"RIGHT\" valign=\"BOTTOM\"><span style=\"color: #000000; font-family: Calibri;\">75<\/span><\/td>\n<\/tr>\n<tr>\n<td align=\"LEFT\" valign=\"BOTTOM\" height=\"19\"><span style=\"color: #000000; font-family: Calibri;\">12 in. Std Ribbed<\/span><\/td>\n<td align=\"RIGHT\" valign=\"BOTTOM\"><span style=\"color: #000000; font-family: Calibri;\">0.110<\/span><\/td>\n<td align=\"RIGHT\" valign=\"BOTTOM\"><span style=\"color: #000000; font-family: Calibri;\">150<\/span><\/td>\n<\/tr>\n<tr>\n<td align=\"LEFT\" valign=\"BOTTOM\" height=\"19\"><span style=\"color: #000000; font-family: Calibri;\">12 in. Std Ribbed<\/span><\/td>\n<td align=\"RIGHT\" valign=\"BOTTOM\"><span style=\"color: #000000; font-family: Calibri;\">0.110<\/span><\/td>\n<td align=\"RIGHT\" valign=\"BOTTOM\"><span style=\"color: #000000; font-family: Calibri;\">75<\/span><\/td>\n<\/tr>\n<tr>\n<td align=\"LEFT\" valign=\"BOTTOM\" height=\"19\"><span style=\"color: #000000; font-family: Calibri;\">16 in. Std Ribbed<\/span><\/td>\n<td align=\"RIGHT\" valign=\"BOTTOM\"><span style=\"color: #000000; font-family: Calibri;\">0.144<\/span><\/td>\n<td align=\"RIGHT\" valign=\"BOTTOM\"><span style=\"color: #000000; font-family: Calibri;\">100<\/span><\/td>\n<\/tr>\n<tr>\n<td align=\"LEFT\" valign=\"BOTTOM\" height=\"19\"><span style=\"color: #000000; font-family: Calibri;\">16 in. Std Ribbed<\/span><\/td>\n<td align=\"RIGHT\" valign=\"BOTTOM\"><span style=\"color: #000000; font-family: Calibri;\">0.144<\/span><\/td>\n<td align=\"RIGHT\" valign=\"BOTTOM\"><span style=\"color: #000000; font-family: Calibri;\">50<\/span><\/td>\n<\/tr>\n<\/tbody>\n<\/table>","protected":false},"excerpt":{"rendered":"<p>Indoor\/Outdoor<\/p>\n<p>Made with a bumper that runs vertically on 2\u2033 centers. It acts as a shock absorber and extends the life of the strip, it does not scratch as quickly.<\/p>\n<p>Temperature range from -10\u00b0 to 150\u00b0 F<\/p>","protected":false},"featured_media":4838,"comment_status":"closed","ping_status":"closed","template":"","meta":[],"product_cat":[231,191],"product_tag":[210,220],"class_list":{"0":"post-4654","1":"product","2":"type-product","3":"status-publish","4":"has-post-thumbnail","6":"product_cat-cortinas-2","7":"product_cat-cortinas","8":"product_tag-pvc","9":"product_tag-standard","11":"first","12":"instock","13":"shipping-taxable","14":"product-type-simple"},"yoast_head":"<!-- This site is optimized with the Yoast SEO plugin v23.3 - https:\/\/yoast.com\/wordpress\/plugins\/seo\/ -->\n<title>Pl\u00e1stico Pvc Costilla Standard | Inco Suministros Ambientales<\/title>\n<meta name=\"robots\" content=\"index, follow, max-snippet:-1, max-image-preview:large, max-video-preview:-1\" \/>\n<link rel=\"canonical\" href=\"https:\/\/inco-rep.com\/en\/product\/rollo-pvc-costilla-standard\/\" \/>\n<meta property=\"og:locale\" content=\"en_US\" \/>\n<meta property=\"og:type\" content=\"article\" \/>\n<meta property=\"og:title\" content=\"Pl\u00e1stico Pvc Costilla Standard | Inco Suministros Ambientales\" \/>\n<meta property=\"og:description\" content=\"Interior\/Exterior  Fabricado con un parachoques que corre verticalmente en centros de 2&quot;. Act\u00faa como un amortiguador y prolonga la vida \u00fatil de la tira, no se raya tan r\u00e1pido.  Rango de Temperatura desde -10\u00b0 a 150\u00b0 F\" \/>\n<meta property=\"og:url\" content=\"https:\/\/inco-rep.com\/en\/product\/rollo-pvc-costilla-standard\/\" \/>\n<meta property=\"og:site_name\" content=\"Inco Suministros Ambientales\" \/>\n<meta property=\"article:modified_time\" content=\"2024-04-29T18:25:29+00:00\" \/>\n<meta property=\"og:image\" content=\"http:\/\/inco-rep.com\/wp-content\/uploads\/2024\/02\/ribbed-std.jpg\" \/>\n\t<meta property=\"og:image:width\" content=\"600\" \/>\n\t<meta property=\"og:image:height\" content=\"600\" \/>\n\t<meta property=\"og:image:type\" content=\"image\/jpeg\" \/>\n<meta name=\"twitter:card\" content=\"summary_large_image\" \/>\n<meta name=\"twitter:label1\" content=\"Est. reading time\" \/>\n\t<meta name=\"twitter:data1\" content=\"1 minute\" \/>\n<script type=\"application\/ld+json\" class=\"yoast-schema-graph\">{\"@context\":\"https:\/\/schema.org\",\"@graph\":[{\"@type\":\"WebPage\",\"@id\":\"https:\/\/inco-rep.com\/producto\/rollo-pvc-costilla-standard\/\",\"url\":\"https:\/\/inco-rep.com\/producto\/rollo-pvc-costilla-standard\/\",\"name\":\"Pl\u00e1stico Pvc Costilla Standard | Inco Suministros Ambientales\",\"isPartOf\":{\"@id\":\"https:\/\/inco-rep.com\/#website\"},\"primaryImageOfPage\":{\"@id\":\"https:\/\/inco-rep.com\/producto\/rollo-pvc-costilla-standard\/#primaryimage\"},\"image\":{\"@id\":\"https:\/\/inco-rep.com\/producto\/rollo-pvc-costilla-standard\/#primaryimage\"},\"thumbnailUrl\":\"https:\/\/inco-rep.com\/wp-content\/uploads\/2024\/02\/ribbed-std.jpg\",\"datePublished\":\"2024-02-14T08:20:51+00:00\",\"dateModified\":\"2024-04-29T18:25:29+00:00\",\"breadcrumb\":{\"@id\":\"https:\/\/inco-rep.com\/producto\/rollo-pvc-costilla-standard\/#breadcrumb\"},\"inLanguage\":\"en-US\",\"potentialAction\":[{\"@type\":\"ReadAction\",\"target\":[\"https:\/\/inco-rep.com\/producto\/rollo-pvc-costilla-standard\/\"]}]},{\"@type\":\"ImageObject\",\"inLanguage\":\"en-US\",\"@id\":\"https:\/\/inco-rep.com\/producto\/rollo-pvc-costilla-standard\/#primaryimage\",\"url\":\"https:\/\/inco-rep.com\/wp-content\/uploads\/2024\/02\/ribbed-std.jpg\",\"contentUrl\":\"https:\/\/inco-rep.com\/wp-content\/uploads\/2024\/02\/ribbed-std.jpg\",\"width\":600,\"height\":600,\"caption\":\"PVC Costilla\"},{\"@type\":\"BreadcrumbList\",\"@id\":\"https:\/\/inco-rep.com\/producto\/rollo-pvc-costilla-standard\/#breadcrumb\",\"itemListElement\":[{\"@type\":\"ListItem\",\"position\":1,\"name\":\"Inicio\",\"item\":\"https:\/\/inco-rep.com\/\"},{\"@type\":\"ListItem\",\"position\":2,\"name\":\"Productos\",\"item\":\"https:\/\/inco-rep.com\/shop\/\"},{\"@type\":\"ListItem\",\"position\":3,\"name\":\"Pl\u00e1stico Pvc Costilla Standard\"}]},{\"@type\":\"WebSite\",\"@id\":\"https:\/\/inco-rep.com\/#website\",\"url\":\"https:\/\/inco-rep.com\/\",\"name\":\"Inco Suministros Ambientales\",\"description\":\"\",\"publisher\":{\"@id\":\"https:\/\/inco-rep.com\/#organization\"},\"potentialAction\":[{\"@type\":\"SearchAction\",\"target\":{\"@type\":\"EntryPoint\",\"urlTemplate\":\"https:\/\/inco-rep.com\/?s={search_term_string}\"},\"query-input\":\"required name=search_term_string\"}],\"inLanguage\":\"en-US\"},{\"@type\":\"Organization\",\"@id\":\"https:\/\/inco-rep.com\/#organization\",\"name\":\"Inco Suministros Ambientales\",\"url\":\"https:\/\/inco-rep.com\/\",\"logo\":{\"@type\":\"ImageObject\",\"inLanguage\":\"en-US\",\"@id\":\"https:\/\/inco-rep.com\/#\/schema\/logo\/image\/\",\"url\":\"https:\/\/inco-rep.com\/wp-content\/uploads\/2024\/02\/logo-2.png\",\"contentUrl\":\"https:\/\/inco-rep.com\/wp-content\/uploads\/2024\/02\/logo-2.png\",\"width\":180,\"height\":59,\"caption\":\"Inco Suministros Ambientales\"},\"image\":{\"@id\":\"https:\/\/inco-rep.com\/#\/schema\/logo\/image\/\"}}]}<\/script>\n<!-- \/ Yoast SEO plugin. -->","yoast_head_json":{"title":"Pl\u00e1stico Pvc Costilla Standard | Inco Suministros Ambientales","robots":{"index":"index","follow":"follow","max-snippet":"max-snippet:-1","max-image-preview":"max-image-preview:large","max-video-preview":"max-video-preview:-1"},"canonical":"https:\/\/inco-rep.com\/en\/product\/rollo-pvc-costilla-standard\/","og_locale":"en_US","og_type":"article","og_title":"Pl\u00e1stico Pvc Costilla Standard | Inco Suministros Ambientales","og_description":"Interior\/Exterior  Fabricado con un parachoques que corre verticalmente en centros de 2\". Act\u00faa como un amortiguador y prolonga la vida \u00fatil de la tira, no se raya tan r\u00e1pido.  Rango de Temperatura desde -10\u00b0 a 150\u00b0 F","og_url":"https:\/\/inco-rep.com\/en\/product\/rollo-pvc-costilla-standard\/","og_site_name":"Inco Suministros Ambientales","article_modified_time":"2024-04-29T18:25:29+00:00","og_image":[{"width":600,"height":600,"url":"http:\/\/inco-rep.com\/wp-content\/uploads\/2024\/02\/ribbed-std.jpg","type":"image\/jpeg"}],"twitter_card":"summary_large_image","twitter_misc":{"Est. reading time":"1 minute"},"schema":{"@context":"https:\/\/schema.org","@graph":[{"@type":"WebPage","@id":"https:\/\/inco-rep.com\/producto\/rollo-pvc-costilla-standard\/","url":"https:\/\/inco-rep.com\/producto\/rollo-pvc-costilla-standard\/","name":"Pl\u00e1stico Pvc Costilla Standard | Inco Suministros Ambientales","isPartOf":{"@id":"https:\/\/inco-rep.com\/#website"},"primaryImageOfPage":{"@id":"https:\/\/inco-rep.com\/producto\/rollo-pvc-costilla-standard\/#primaryimage"},"image":{"@id":"https:\/\/inco-rep.com\/producto\/rollo-pvc-costilla-standard\/#primaryimage"},"thumbnailUrl":"https:\/\/inco-rep.com\/wp-content\/uploads\/2024\/02\/ribbed-std.jpg","datePublished":"2024-02-14T08:20:51+00:00","dateModified":"2024-04-29T18:25:29+00:00","breadcrumb":{"@id":"https:\/\/inco-rep.com\/producto\/rollo-pvc-costilla-standard\/#breadcrumb"},"inLanguage":"en-US","potentialAction":[{"@type":"ReadAction","target":["https:\/\/inco-rep.com\/producto\/rollo-pvc-costilla-standard\/"]}]},{"@type":"ImageObject","inLanguage":"en-US","@id":"https:\/\/inco-rep.com\/producto\/rollo-pvc-costilla-standard\/#primaryimage","url":"https:\/\/inco-rep.com\/wp-content\/uploads\/2024\/02\/ribbed-std.jpg","contentUrl":"https:\/\/inco-rep.com\/wp-content\/uploads\/2024\/02\/ribbed-std.jpg","width":600,"height":600,"caption":"PVC Costilla"},{"@type":"BreadcrumbList","@id":"https:\/\/inco-rep.com\/producto\/rollo-pvc-costilla-standard\/#breadcrumb","itemListElement":[{"@type":"ListItem","position":1,"name":"Inicio","item":"https:\/\/inco-rep.com\/"},{"@type":"ListItem","position":2,"name":"Productos","item":"https:\/\/inco-rep.com\/shop\/"},{"@type":"ListItem","position":3,"name":"Pl\u00e1stico Pvc Costilla Standard"}]},{"@type":"WebSite","@id":"https:\/\/inco-rep.com\/#website","url":"https:\/\/inco-rep.com\/","name":"Inco Suministros Ambientales","description":"","publisher":{"@id":"https:\/\/inco-rep.com\/#organization"},"potentialAction":[{"@type":"SearchAction","target":{"@type":"EntryPoint","urlTemplate":"https:\/\/inco-rep.com\/?s={search_term_string}"},"query-input":"required name=search_term_string"}],"inLanguage":"en-US"},{"@type":"Organization","@id":"https:\/\/inco-rep.com\/#organization","name":"Inco Suministros Ambientales","url":"https:\/\/inco-rep.com\/","logo":{"@type":"ImageObject","inLanguage":"en-US","@id":"https:\/\/inco-rep.com\/#\/schema\/logo\/image\/","url":"https:\/\/inco-rep.com\/wp-content\/uploads\/2024\/02\/logo-2.png","contentUrl":"https:\/\/inco-rep.com\/wp-content\/uploads\/2024\/02\/logo-2.png","width":180,"height":59,"caption":"Inco Suministros Ambientales"},"image":{"@id":"https:\/\/inco-rep.com\/#\/schema\/logo\/image\/"}}]}},"_links":{"self":[{"href":"https:\/\/inco-rep.com\/en\/wp-json\/wp\/v2\/product\/4654","targetHints":{"allow":["GET"]}}],"collection":[{"href":"https:\/\/inco-rep.com\/en\/wp-json\/wp\/v2\/product"}],"about":[{"href":"https:\/\/inco-rep.com\/en\/wp-json\/wp\/v2\/types\/product"}],"replies":[{"embeddable":true,"href":"https:\/\/inco-rep.com\/en\/wp-json\/wp\/v2\/comments?post=4654"}],"wp:featuredmedia":[{"embeddable":true,"href":"https:\/\/inco-rep.com\/en\/wp-json\/wp\/v2\/media\/4838"}],"wp:attachment":[{"href":"https:\/\/inco-rep.com\/en\/wp-json\/wp\/v2\/media?parent=4654"}],"wp:term":[{"taxonomy":"product_cat","embeddable":true,"href":"https:\/\/inco-rep.com\/en\/wp-json\/wp\/v2\/product_cat?post=4654"},{"taxonomy":"product_tag","embeddable":true,"href":"https:\/\/inco-rep.com\/en\/wp-json\/wp\/v2\/product_tag?post=4654"}],"curies":[{"name":"wp","href":"https:\/\/api.w.org\/{rel}","templated":true}]}}