{"id":4664,"date":"2024-02-14T09:10:23","date_gmt":"2024-02-14T09:10:23","guid":{"rendered":"https:\/\/inco-rep.com\/?post_type=product&#038;p=4664"},"modified":"2024-04-29T18:25:05","modified_gmt":"2024-04-29T18:25:05","slug":"rollo-pvc-anti-estatico","status":"publish","type":"product","link":"https:\/\/inco-rep.com\/en\/product\/rollo-pvc-anti-estatico\/","title":{"rendered":"Anti Static PVC"},"content":{"rendered":"<p>Antistatic PVC Plastic is a charge dissipating (antistatic) material. Avoid sparks or any other damage resulting from static electrical charges.<\/p>\n<p>The strips and partitions with Antistatic PVC Plastic can be used in various applications such as explosive atmospheres (mines, chemical plants, laboratories, etc...) or in areas sensitive to static electricity (data centers, electronic parts plants, etc...)<\/p>\n<p>FEATURES Antistatic vinyl<\/p>\n<ul>\n<li>Flexibility<\/li>\n<li>Thermal isolation<\/li>\n<li>Acoustic isolation<\/li>\n<li>Long duration<\/li>\n<li>Scratch and impact resistant<\/li>\n<li>Chemical resistance<\/li>\n<li>Environmentally friendly and recyclable<\/li>\n<\/ul>\n<table border=\"0\" frame=\"VOID\" rules=\"NONE\" cellspacing=\"0\">\n<colgroup>\n<col width=\"144\" \/>\n<col width=\"90\" \/>\n<col width=\"71\" \/><\/colgroup>\n<tbody>\n<tr>\n<td rowspan=\"2\" align=\"CENTER\" valign=\"MIDDLE\" width=\"144\" height=\"37\"><b><span style=\"color: #000000; font-family: Calibri;\">Roll Width <\/span><\/b><\/td>\n<td rowspan=\"2\" align=\"CENTER\" valign=\"TOP\" width=\"90\"><b><span style=\"color: #000000; font-family: Calibri;\">Gauge<\/span><\/b><\/td>\n<td rowspan=\"2\" align=\"CENTER\" valign=\"TOP\" width=\"71\"><b><span style=\"color: #000000; font-family: Calibri;\">Linear Ft<\/span><\/b><\/td>\n<\/tr>\n<\/tbody>\n<\/table>\n<table border=\"0\" frame=\"VOID\" rules=\"NONE\" cellspacing=\"0\">\n<colgroup>\n<col width=\"144\" \/>\n<col width=\"90\" \/>\n<col width=\"71\" \/><\/colgroup>\n<tbody>\n<tr>\n<td align=\"LEFT\" valign=\"BOTTOM\" width=\"144\" height=\"19\"><span style=\"color: #000000; font-family: Calibri;\">6 in Standard<\/span><\/td>\n<td align=\"RIGHT\" valign=\"BOTTOM\" width=\"90\"><span style=\"color: #000000; font-family: Calibri;\">0.060<\/span><\/td>\n<td align=\"RIGHT\" valign=\"BOTTOM\" width=\"71\"><span style=\"color: #000000; font-family: Calibri;\">300<\/span><\/td>\n<\/tr>\n<tr>\n<td align=\"LEFT\" valign=\"BOTTOM\" height=\"19\"><span style=\"color: #000000; font-family: Calibri;\">8 in Standard<\/span><\/td>\n<td align=\"RIGHT\" valign=\"BOTTOM\"><span style=\"color: #000000; font-family: Calibri;\">0.080<\/span><\/td>\n<td align=\"RIGHT\" valign=\"BOTTOM\"><span style=\"color: #000000; font-family: Calibri;\">300<\/span><\/td>\n<\/tr>\n<tr>\n<td align=\"LEFT\" valign=\"BOTTOM\" height=\"19\"><span style=\"color: #000000; font-family: Calibri;\">8 in Standard<\/span><\/td>\n<td align=\"RIGHT\" valign=\"BOTTOM\"><span style=\"color: #000000; font-family: Calibri;\">0.120<\/span><\/td>\n<td align=\"RIGHT\" valign=\"BOTTOM\"><span style=\"color: #000000; font-family: Calibri;\">200<\/span><\/td>\n<\/tr>\n<tr>\n<td align=\"LEFT\" valign=\"BOTTOM\" height=\"19\"><span style=\"color: #000000; font-family: Calibri;\">12 in Standard<\/span><\/td>\n<td align=\"RIGHT\" valign=\"BOTTOM\"><span style=\"color: #000000; font-family: Calibri;\">0.080<\/span><\/td>\n<td align=\"RIGHT\" valign=\"BOTTOM\"><span style=\"color: #000000; font-family: Calibri;\">300<\/span><\/td>\n<\/tr>\n<tr>\n<td align=\"LEFT\" valign=\"BOTTOM\" height=\"19\"><span style=\"color: #000000; font-family: Calibri;\">12 in Standard<\/span><\/td>\n<td align=\"RIGHT\" valign=\"BOTTOM\"><span style=\"color: #000000; font-family: Calibri;\">0.120<\/span><\/td>\n<td align=\"RIGHT\" valign=\"BOTTOM\"><span style=\"color: #000000; font-family: Calibri;\">200<\/span><\/td>\n<\/tr>\n<\/tbody>\n<\/table>","protected":false},"excerpt":{"rendered":"<p>For areas sensitive to static electricity<\/p>\n<p>It is a charge dissipating material (Antistatic). Avoid sparks or any other damage resulting from static charges.<\/p>\n<p>Temperature range from -10\u00b0 to 150\u00b0 F<\/p>","protected":false},"featured_media":4853,"comment_status":"closed","ping_status":"closed","template":"","meta":[],"product_cat":[231,191],"product_tag":[210],"class_list":{"0":"post-4664","1":"product","2":"type-product","3":"status-publish","4":"has-post-thumbnail","6":"product_cat-cortinas-2","7":"product_cat-cortinas","8":"product_tag-pvc","10":"first","11":"instock","12":"shipping-taxable","13":"product-type-simple"},"yoast_head":"<!-- This site is optimized with the Yoast SEO plugin v23.3 - https:\/\/yoast.com\/wordpress\/plugins\/seo\/ -->\n<title>Pl\u00e1stico PVC Anti-est\u00e1tico | Inco Suministros Ambientales<\/title>\n<meta name=\"robots\" content=\"index, follow, max-snippet:-1, max-image-preview:large, max-video-preview:-1\" \/>\n<link rel=\"canonical\" href=\"https:\/\/inco-rep.com\/en\/product\/rollo-pvc-anti-estatico\/\" \/>\n<meta property=\"og:locale\" content=\"en_US\" \/>\n<meta property=\"og:type\" content=\"article\" \/>\n<meta property=\"og:title\" content=\"Pl\u00e1stico PVC Anti-est\u00e1tico | Inco Suministros Ambientales\" \/>\n<meta property=\"og:description\" content=\"Para \u00e1reas Sensibles a la Electricidad Est\u00e1tica  Es un material disipador de carga (Antiest\u00e1tico). Evita chispas o cualquier otro da\u00f1o resultante de cargas est\u00e1ticas.  Rango de Temperatura desde -10\u00b0 a 150\u00b0 F\" \/>\n<meta property=\"og:url\" content=\"https:\/\/inco-rep.com\/en\/product\/rollo-pvc-anti-estatico\/\" \/>\n<meta property=\"og:site_name\" content=\"Inco Suministros Ambientales\" \/>\n<meta property=\"article:modified_time\" content=\"2024-04-29T18:25:05+00:00\" \/>\n<meta property=\"og:image\" content=\"http:\/\/inco-rep.com\/wp-content\/uploads\/2024\/02\/anti-estatico-1.jpg\" \/>\n\t<meta property=\"og:image:width\" content=\"600\" \/>\n\t<meta property=\"og:image:height\" content=\"600\" \/>\n\t<meta property=\"og:image:type\" content=\"image\/jpeg\" \/>\n<meta name=\"twitter:card\" content=\"summary_large_image\" \/>\n<meta name=\"twitter:label1\" content=\"Est. reading time\" \/>\n\t<meta name=\"twitter:data1\" content=\"1 minute\" \/>\n<script type=\"application\/ld+json\" class=\"yoast-schema-graph\">{\"@context\":\"https:\/\/schema.org\",\"@graph\":[{\"@type\":\"WebPage\",\"@id\":\"https:\/\/inco-rep.com\/producto\/rollo-pvc-anti-estatico\/\",\"url\":\"https:\/\/inco-rep.com\/producto\/rollo-pvc-anti-estatico\/\",\"name\":\"Pl\u00e1stico PVC Anti-est\u00e1tico | Inco Suministros Ambientales\",\"isPartOf\":{\"@id\":\"https:\/\/inco-rep.com\/#website\"},\"primaryImageOfPage\":{\"@id\":\"https:\/\/inco-rep.com\/producto\/rollo-pvc-anti-estatico\/#primaryimage\"},\"image\":{\"@id\":\"https:\/\/inco-rep.com\/producto\/rollo-pvc-anti-estatico\/#primaryimage\"},\"thumbnailUrl\":\"https:\/\/inco-rep.com\/wp-content\/uploads\/2024\/02\/anti-estatico-1.jpg\",\"datePublished\":\"2024-02-14T09:10:23+00:00\",\"dateModified\":\"2024-04-29T18:25:05+00:00\",\"breadcrumb\":{\"@id\":\"https:\/\/inco-rep.com\/producto\/rollo-pvc-anti-estatico\/#breadcrumb\"},\"inLanguage\":\"en-US\",\"potentialAction\":[{\"@type\":\"ReadAction\",\"target\":[\"https:\/\/inco-rep.com\/producto\/rollo-pvc-anti-estatico\/\"]}]},{\"@type\":\"ImageObject\",\"inLanguage\":\"en-US\",\"@id\":\"https:\/\/inco-rep.com\/producto\/rollo-pvc-anti-estatico\/#primaryimage\",\"url\":\"https:\/\/inco-rep.com\/wp-content\/uploads\/2024\/02\/anti-estatico-1.jpg\",\"contentUrl\":\"https:\/\/inco-rep.com\/wp-content\/uploads\/2024\/02\/anti-estatico-1.jpg\",\"width\":600,\"height\":600,\"caption\":\"antiest\u00e1tico\"},{\"@type\":\"BreadcrumbList\",\"@id\":\"https:\/\/inco-rep.com\/producto\/rollo-pvc-anti-estatico\/#breadcrumb\",\"itemListElement\":[{\"@type\":\"ListItem\",\"position\":1,\"name\":\"Inicio\",\"item\":\"https:\/\/inco-rep.com\/\"},{\"@type\":\"ListItem\",\"position\":2,\"name\":\"Productos\",\"item\":\"https:\/\/inco-rep.com\/shop\/\"},{\"@type\":\"ListItem\",\"position\":3,\"name\":\"Pl\u00e1stico PVC Anti-est\u00e1tico\"}]},{\"@type\":\"WebSite\",\"@id\":\"https:\/\/inco-rep.com\/#website\",\"url\":\"https:\/\/inco-rep.com\/\",\"name\":\"Inco Suministros Ambientales\",\"description\":\"\",\"publisher\":{\"@id\":\"https:\/\/inco-rep.com\/#organization\"},\"potentialAction\":[{\"@type\":\"SearchAction\",\"target\":{\"@type\":\"EntryPoint\",\"urlTemplate\":\"https:\/\/inco-rep.com\/?s={search_term_string}\"},\"query-input\":\"required name=search_term_string\"}],\"inLanguage\":\"en-US\"},{\"@type\":\"Organization\",\"@id\":\"https:\/\/inco-rep.com\/#organization\",\"name\":\"Inco Suministros Ambientales\",\"url\":\"https:\/\/inco-rep.com\/\",\"logo\":{\"@type\":\"ImageObject\",\"inLanguage\":\"en-US\",\"@id\":\"https:\/\/inco-rep.com\/#\/schema\/logo\/image\/\",\"url\":\"https:\/\/inco-rep.com\/wp-content\/uploads\/2024\/02\/logo-2.png\",\"contentUrl\":\"https:\/\/inco-rep.com\/wp-content\/uploads\/2024\/02\/logo-2.png\",\"width\":180,\"height\":59,\"caption\":\"Inco Suministros Ambientales\"},\"image\":{\"@id\":\"https:\/\/inco-rep.com\/#\/schema\/logo\/image\/\"}}]}<\/script>\n<!-- \/ Yoast SEO plugin. -->","yoast_head_json":{"title":"Pl\u00e1stico PVC Anti-est\u00e1tico | Inco Suministros Ambientales","robots":{"index":"index","follow":"follow","max-snippet":"max-snippet:-1","max-image-preview":"max-image-preview:large","max-video-preview":"max-video-preview:-1"},"canonical":"https:\/\/inco-rep.com\/en\/product\/rollo-pvc-anti-estatico\/","og_locale":"en_US","og_type":"article","og_title":"Pl\u00e1stico PVC Anti-est\u00e1tico | Inco Suministros Ambientales","og_description":"Para \u00e1reas Sensibles a la Electricidad Est\u00e1tica  Es un material disipador de carga (Antiest\u00e1tico). Evita chispas o cualquier otro da\u00f1o resultante de cargas est\u00e1ticas.  Rango de Temperatura desde -10\u00b0 a 150\u00b0 F","og_url":"https:\/\/inco-rep.com\/en\/product\/rollo-pvc-anti-estatico\/","og_site_name":"Inco Suministros Ambientales","article_modified_time":"2024-04-29T18:25:05+00:00","og_image":[{"width":600,"height":600,"url":"http:\/\/inco-rep.com\/wp-content\/uploads\/2024\/02\/anti-estatico-1.jpg","type":"image\/jpeg"}],"twitter_card":"summary_large_image","twitter_misc":{"Est. reading time":"1 minute"},"schema":{"@context":"https:\/\/schema.org","@graph":[{"@type":"WebPage","@id":"https:\/\/inco-rep.com\/producto\/rollo-pvc-anti-estatico\/","url":"https:\/\/inco-rep.com\/producto\/rollo-pvc-anti-estatico\/","name":"Pl\u00e1stico PVC Anti-est\u00e1tico | Inco Suministros Ambientales","isPartOf":{"@id":"https:\/\/inco-rep.com\/#website"},"primaryImageOfPage":{"@id":"https:\/\/inco-rep.com\/producto\/rollo-pvc-anti-estatico\/#primaryimage"},"image":{"@id":"https:\/\/inco-rep.com\/producto\/rollo-pvc-anti-estatico\/#primaryimage"},"thumbnailUrl":"https:\/\/inco-rep.com\/wp-content\/uploads\/2024\/02\/anti-estatico-1.jpg","datePublished":"2024-02-14T09:10:23+00:00","dateModified":"2024-04-29T18:25:05+00:00","breadcrumb":{"@id":"https:\/\/inco-rep.com\/producto\/rollo-pvc-anti-estatico\/#breadcrumb"},"inLanguage":"en-US","potentialAction":[{"@type":"ReadAction","target":["https:\/\/inco-rep.com\/producto\/rollo-pvc-anti-estatico\/"]}]},{"@type":"ImageObject","inLanguage":"en-US","@id":"https:\/\/inco-rep.com\/producto\/rollo-pvc-anti-estatico\/#primaryimage","url":"https:\/\/inco-rep.com\/wp-content\/uploads\/2024\/02\/anti-estatico-1.jpg","contentUrl":"https:\/\/inco-rep.com\/wp-content\/uploads\/2024\/02\/anti-estatico-1.jpg","width":600,"height":600,"caption":"antiest\u00e1tico"},{"@type":"BreadcrumbList","@id":"https:\/\/inco-rep.com\/producto\/rollo-pvc-anti-estatico\/#breadcrumb","itemListElement":[{"@type":"ListItem","position":1,"name":"Inicio","item":"https:\/\/inco-rep.com\/"},{"@type":"ListItem","position":2,"name":"Productos","item":"https:\/\/inco-rep.com\/shop\/"},{"@type":"ListItem","position":3,"name":"Pl\u00e1stico PVC Anti-est\u00e1tico"}]},{"@type":"WebSite","@id":"https:\/\/inco-rep.com\/#website","url":"https:\/\/inco-rep.com\/","name":"Inco Suministros Ambientales","description":"","publisher":{"@id":"https:\/\/inco-rep.com\/#organization"},"potentialAction":[{"@type":"SearchAction","target":{"@type":"EntryPoint","urlTemplate":"https:\/\/inco-rep.com\/?s={search_term_string}"},"query-input":"required name=search_term_string"}],"inLanguage":"en-US"},{"@type":"Organization","@id":"https:\/\/inco-rep.com\/#organization","name":"Inco Suministros Ambientales","url":"https:\/\/inco-rep.com\/","logo":{"@type":"ImageObject","inLanguage":"en-US","@id":"https:\/\/inco-rep.com\/#\/schema\/logo\/image\/","url":"https:\/\/inco-rep.com\/wp-content\/uploads\/2024\/02\/logo-2.png","contentUrl":"https:\/\/inco-rep.com\/wp-content\/uploads\/2024\/02\/logo-2.png","width":180,"height":59,"caption":"Inco Suministros Ambientales"},"image":{"@id":"https:\/\/inco-rep.com\/#\/schema\/logo\/image\/"}}]}},"_links":{"self":[{"href":"https:\/\/inco-rep.com\/en\/wp-json\/wp\/v2\/product\/4664","targetHints":{"allow":["GET"]}}],"collection":[{"href":"https:\/\/inco-rep.com\/en\/wp-json\/wp\/v2\/product"}],"about":[{"href":"https:\/\/inco-rep.com\/en\/wp-json\/wp\/v2\/types\/product"}],"replies":[{"embeddable":true,"href":"https:\/\/inco-rep.com\/en\/wp-json\/wp\/v2\/comments?post=4664"}],"wp:featuredmedia":[{"embeddable":true,"href":"https:\/\/inco-rep.com\/en\/wp-json\/wp\/v2\/media\/4853"}],"wp:attachment":[{"href":"https:\/\/inco-rep.com\/en\/wp-json\/wp\/v2\/media?parent=4664"}],"wp:term":[{"taxonomy":"product_cat","embeddable":true,"href":"https:\/\/inco-rep.com\/en\/wp-json\/wp\/v2\/product_cat?post=4664"},{"taxonomy":"product_tag","embeddable":true,"href":"https:\/\/inco-rep.com\/en\/wp-json\/wp\/v2\/product_tag?post=4664"}],"curies":[{"name":"wp","href":"https:\/\/api.w.org\/{rel}","templated":true}]}}