{"id":4670,"date":"2024-01-15T17:35:11","date_gmt":"2024-01-15T17:35:11","guid":{"rendered":"https:\/\/inco-rep.com\/?post_type=product&#038;p=4670"},"modified":"2024-05-01T15:43:13","modified_gmt":"2024-05-01T15:43:13","slug":"soporte-sliding-accordion","status":"publish","type":"product","link":"https:\/\/inco-rep.com\/en\/product\/soporte-sliding-accordion\/","title":{"rendered":"Accordion Retracting Hardware Galvanized"},"content":{"rendered":"<table style=\"height: 53px;\" border=\"0\" width=\"628\" frame=\"VOID\" rules=\"NONE\" cellspacing=\"0\">\n<colgroup>\n<col width=\"144\" \/>\n<col width=\"215\" \/>\n<col width=\"71\" \/>\n<col width=\"81\" \/><\/colgroup>\n<tbody>\n<tr>\n<td colspan=\"2\" rowspan=\"2\" align=\"CENTER\" valign=\"MIDDLE\" width=\"359\" height=\"46\"><b><span style=\"color: #000000; font-family: Calibri;\">PRODUCT DESCRIPTION (STRIP DOOR \/CURTAIN MOUNTING)<\/span><\/b><\/td>\n<td rowspan=\"2\" align=\"CENTER\" valign=\"MIDDLE\" width=\"71\"><b><span style=\"color: #000000; font-family: Calibri;\">Strip <\/span><\/b><\/td>\n<td rowspan=\"2\" align=\"CENTER\" valign=\"MIDDLE\" width=\"81\"><b><span style=\"color: #000000; font-family: Calibri;\">PART NUMBER<\/span><\/b><\/td>\n<\/tr>\n<\/tbody>\n<\/table>\n<table style=\"height: 84px;\" border=\"0\" width=\"638\" frame=\"VOID\" rules=\"NONE\" cellspacing=\"0\">\n<colgroup>\n<col width=\"144\" \/>\n<col width=\"215\" \/>\n<col width=\"71\" \/>\n<col width=\"81\" \/><\/colgroup>\n<tbody>\n<tr>\n<td colspan=\"2\" align=\"LEFT\" valign=\"BOTTOM\" width=\"359\" height=\"19\"><span style=\"color: #000000; font-family: Calibri;\">Sliding Accordion Retracting Mount Hardware 2.5m Section<\/span><\/td>\n<td align=\"CENTER\" valign=\"BOTTOM\" width=\"71\"><span style=\"color: #000000; font-family: Calibri;\">8&#8243; (20cm)<\/span><\/td>\n<td align=\"LEFT\" valign=\"BOTTOM\" width=\"81\"><span style=\"color: #000000; font-family: Calibri;\">SAR25008GW<\/span><\/td>\n<\/tr>\n<tr>\n<td colspan=\"2\" align=\"LEFT\" valign=\"BOTTOM\" bgcolor=\"#EDEDED\" height=\"19\"><span style=\"color: #000000; font-family: Calibri;\">Sliding Accordion Retracting Mount Hardware 2.0m Section<\/span><\/td>\n<td align=\"CENTER\" valign=\"BOTTOM\" bgcolor=\"#EDEDED\"><span style=\"color: #000000; font-family: Calibri;\">12&#8243; (30cm)<\/span><\/td>\n<td align=\"LEFT\" valign=\"BOTTOM\" bgcolor=\"#EDEDED\"><span style=\"color: #000000; font-family: Calibri;\">SAR20012GW<\/span><\/td>\n<\/tr>\n<\/tbody>\n<\/table>","protected":false},"excerpt":{"rendered":"<p>Accordion hardware allows overlapping strips to retract and slide toward the sides of a door. The curtains can be single sliding (in one direction) or two-way. Includes Track. Option of front mount or jamb mount.<\/p>","protected":false},"featured_media":4671,"comment_status":"closed","ping_status":"closed","template":"","meta":[],"product_cat":[197],"product_tag":[211],"class_list":{"0":"post-4670","1":"product","2":"type-product","3":"status-publish","4":"has-post-thumbnail","6":"product_cat-accesorios","7":"product_tag-soporte","9":"first","10":"instock","11":"shipping-taxable","12":"product-type-simple"},"yoast_head":"<!-- This site is optimized with the Yoast SEO plugin v23.3 - https:\/\/yoast.com\/wordpress\/plugins\/seo\/ -->\n<title>Soporte Acorde\u00f3n Retr\u00e1ctil Galvanizado | Inco Suministros Ambientales<\/title>\n<meta name=\"robots\" content=\"index, follow, max-snippet:-1, max-image-preview:large, max-video-preview:-1\" \/>\n<link rel=\"canonical\" href=\"https:\/\/inco-rep.com\/en\/product\/soporte-sliding-accordion\/\" \/>\n<meta property=\"og:locale\" content=\"en_US\" \/>\n<meta property=\"og:type\" content=\"article\" \/>\n<meta property=\"og:title\" content=\"Soporte Acorde\u00f3n Retr\u00e1ctil Galvanizado | Inco Suministros Ambientales\" \/>\n<meta property=\"og:description\" content=\"Los herrajes en acorde\u00f3n permiten que las tiras superpuestas se retraigan y se deslicen hacia los lados de una puerta. Las cortinas pueden ser corredizas simples (en un sentido) o bipartidas. Incluye Pista. Opci\u00f3n de montaje frontal o montaje en jamba.\" \/>\n<meta property=\"og:url\" content=\"https:\/\/inco-rep.com\/en\/product\/soporte-sliding-accordion\/\" \/>\n<meta property=\"og:site_name\" content=\"Inco Suministros Ambientales\" \/>\n<meta property=\"article:modified_time\" content=\"2024-05-01T15:43:13+00:00\" \/>\n<meta property=\"og:image\" content=\"http:\/\/inco-rep.com\/wp-content\/uploads\/2024\/02\/sliding-accordion.jpg\" \/>\n\t<meta property=\"og:image:width\" content=\"600\" \/>\n\t<meta property=\"og:image:height\" content=\"600\" \/>\n\t<meta property=\"og:image:type\" content=\"image\/jpeg\" \/>\n<meta name=\"twitter:card\" content=\"summary_large_image\" \/>\n<meta name=\"twitter:label1\" content=\"Est. reading time\" \/>\n\t<meta name=\"twitter:data1\" content=\"1 minute\" \/>\n<script type=\"application\/ld+json\" class=\"yoast-schema-graph\">{\"@context\":\"https:\/\/schema.org\",\"@graph\":[{\"@type\":\"WebPage\",\"@id\":\"https:\/\/inco-rep.com\/producto\/soporte-sliding-accordion\/\",\"url\":\"https:\/\/inco-rep.com\/producto\/soporte-sliding-accordion\/\",\"name\":\"Soporte Acorde\u00f3n Retr\u00e1ctil Galvanizado | Inco Suministros Ambientales\",\"isPartOf\":{\"@id\":\"https:\/\/inco-rep.com\/#website\"},\"primaryImageOfPage\":{\"@id\":\"https:\/\/inco-rep.com\/producto\/soporte-sliding-accordion\/#primaryimage\"},\"image\":{\"@id\":\"https:\/\/inco-rep.com\/producto\/soporte-sliding-accordion\/#primaryimage\"},\"thumbnailUrl\":\"https:\/\/inco-rep.com\/wp-content\/uploads\/2024\/02\/sliding-accordion.jpg\",\"datePublished\":\"2024-01-15T17:35:11+00:00\",\"dateModified\":\"2024-05-01T15:43:13+00:00\",\"breadcrumb\":{\"@id\":\"https:\/\/inco-rep.com\/producto\/soporte-sliding-accordion\/#breadcrumb\"},\"inLanguage\":\"en-US\",\"potentialAction\":[{\"@type\":\"ReadAction\",\"target\":[\"https:\/\/inco-rep.com\/producto\/soporte-sliding-accordion\/\"]}]},{\"@type\":\"ImageObject\",\"inLanguage\":\"en-US\",\"@id\":\"https:\/\/inco-rep.com\/producto\/soporte-sliding-accordion\/#primaryimage\",\"url\":\"https:\/\/inco-rep.com\/wp-content\/uploads\/2024\/02\/sliding-accordion.jpg\",\"contentUrl\":\"https:\/\/inco-rep.com\/wp-content\/uploads\/2024\/02\/sliding-accordion.jpg\",\"width\":600,\"height\":600,\"caption\":\"sliding accordion\"},{\"@type\":\"BreadcrumbList\",\"@id\":\"https:\/\/inco-rep.com\/producto\/soporte-sliding-accordion\/#breadcrumb\",\"itemListElement\":[{\"@type\":\"ListItem\",\"position\":1,\"name\":\"Inicio\",\"item\":\"https:\/\/inco-rep.com\/\"},{\"@type\":\"ListItem\",\"position\":2,\"name\":\"Productos\",\"item\":\"https:\/\/inco-rep.com\/shop\/\"},{\"@type\":\"ListItem\",\"position\":3,\"name\":\"Soporte Acorde\u00f3n Retr\u00e1ctil Galvanizado\"}]},{\"@type\":\"WebSite\",\"@id\":\"https:\/\/inco-rep.com\/#website\",\"url\":\"https:\/\/inco-rep.com\/\",\"name\":\"Inco Suministros Ambientales\",\"description\":\"\",\"publisher\":{\"@id\":\"https:\/\/inco-rep.com\/#organization\"},\"potentialAction\":[{\"@type\":\"SearchAction\",\"target\":{\"@type\":\"EntryPoint\",\"urlTemplate\":\"https:\/\/inco-rep.com\/?s={search_term_string}\"},\"query-input\":\"required name=search_term_string\"}],\"inLanguage\":\"en-US\"},{\"@type\":\"Organization\",\"@id\":\"https:\/\/inco-rep.com\/#organization\",\"name\":\"Inco Suministros Ambientales\",\"url\":\"https:\/\/inco-rep.com\/\",\"logo\":{\"@type\":\"ImageObject\",\"inLanguage\":\"en-US\",\"@id\":\"https:\/\/inco-rep.com\/#\/schema\/logo\/image\/\",\"url\":\"https:\/\/inco-rep.com\/wp-content\/uploads\/2024\/02\/logo-2.png\",\"contentUrl\":\"https:\/\/inco-rep.com\/wp-content\/uploads\/2024\/02\/logo-2.png\",\"width\":180,\"height\":59,\"caption\":\"Inco Suministros Ambientales\"},\"image\":{\"@id\":\"https:\/\/inco-rep.com\/#\/schema\/logo\/image\/\"}}]}<\/script>\n<!-- \/ Yoast SEO plugin. -->","yoast_head_json":{"title":"Soporte Acorde\u00f3n Retr\u00e1ctil Galvanizado | Inco Suministros Ambientales","robots":{"index":"index","follow":"follow","max-snippet":"max-snippet:-1","max-image-preview":"max-image-preview:large","max-video-preview":"max-video-preview:-1"},"canonical":"https:\/\/inco-rep.com\/en\/product\/soporte-sliding-accordion\/","og_locale":"en_US","og_type":"article","og_title":"Soporte Acorde\u00f3n Retr\u00e1ctil Galvanizado | Inco Suministros Ambientales","og_description":"Los herrajes en acorde\u00f3n permiten que las tiras superpuestas se retraigan y se deslicen hacia los lados de una puerta. Las cortinas pueden ser corredizas simples (en un sentido) o bipartidas. Incluye Pista. Opci\u00f3n de montaje frontal o montaje en jamba.","og_url":"https:\/\/inco-rep.com\/en\/product\/soporte-sliding-accordion\/","og_site_name":"Inco Suministros Ambientales","article_modified_time":"2024-05-01T15:43:13+00:00","og_image":[{"width":600,"height":600,"url":"http:\/\/inco-rep.com\/wp-content\/uploads\/2024\/02\/sliding-accordion.jpg","type":"image\/jpeg"}],"twitter_card":"summary_large_image","twitter_misc":{"Est. reading time":"1 minute"},"schema":{"@context":"https:\/\/schema.org","@graph":[{"@type":"WebPage","@id":"https:\/\/inco-rep.com\/producto\/soporte-sliding-accordion\/","url":"https:\/\/inco-rep.com\/producto\/soporte-sliding-accordion\/","name":"Soporte Acorde\u00f3n Retr\u00e1ctil Galvanizado | Inco Suministros Ambientales","isPartOf":{"@id":"https:\/\/inco-rep.com\/#website"},"primaryImageOfPage":{"@id":"https:\/\/inco-rep.com\/producto\/soporte-sliding-accordion\/#primaryimage"},"image":{"@id":"https:\/\/inco-rep.com\/producto\/soporte-sliding-accordion\/#primaryimage"},"thumbnailUrl":"https:\/\/inco-rep.com\/wp-content\/uploads\/2024\/02\/sliding-accordion.jpg","datePublished":"2024-01-15T17:35:11+00:00","dateModified":"2024-05-01T15:43:13+00:00","breadcrumb":{"@id":"https:\/\/inco-rep.com\/producto\/soporte-sliding-accordion\/#breadcrumb"},"inLanguage":"en-US","potentialAction":[{"@type":"ReadAction","target":["https:\/\/inco-rep.com\/producto\/soporte-sliding-accordion\/"]}]},{"@type":"ImageObject","inLanguage":"en-US","@id":"https:\/\/inco-rep.com\/producto\/soporte-sliding-accordion\/#primaryimage","url":"https:\/\/inco-rep.com\/wp-content\/uploads\/2024\/02\/sliding-accordion.jpg","contentUrl":"https:\/\/inco-rep.com\/wp-content\/uploads\/2024\/02\/sliding-accordion.jpg","width":600,"height":600,"caption":"sliding accordion"},{"@type":"BreadcrumbList","@id":"https:\/\/inco-rep.com\/producto\/soporte-sliding-accordion\/#breadcrumb","itemListElement":[{"@type":"ListItem","position":1,"name":"Inicio","item":"https:\/\/inco-rep.com\/"},{"@type":"ListItem","position":2,"name":"Productos","item":"https:\/\/inco-rep.com\/shop\/"},{"@type":"ListItem","position":3,"name":"Soporte Acorde\u00f3n Retr\u00e1ctil Galvanizado"}]},{"@type":"WebSite","@id":"https:\/\/inco-rep.com\/#website","url":"https:\/\/inco-rep.com\/","name":"Inco Suministros Ambientales","description":"","publisher":{"@id":"https:\/\/inco-rep.com\/#organization"},"potentialAction":[{"@type":"SearchAction","target":{"@type":"EntryPoint","urlTemplate":"https:\/\/inco-rep.com\/?s={search_term_string}"},"query-input":"required name=search_term_string"}],"inLanguage":"en-US"},{"@type":"Organization","@id":"https:\/\/inco-rep.com\/#organization","name":"Inco Suministros Ambientales","url":"https:\/\/inco-rep.com\/","logo":{"@type":"ImageObject","inLanguage":"en-US","@id":"https:\/\/inco-rep.com\/#\/schema\/logo\/image\/","url":"https:\/\/inco-rep.com\/wp-content\/uploads\/2024\/02\/logo-2.png","contentUrl":"https:\/\/inco-rep.com\/wp-content\/uploads\/2024\/02\/logo-2.png","width":180,"height":59,"caption":"Inco Suministros Ambientales"},"image":{"@id":"https:\/\/inco-rep.com\/#\/schema\/logo\/image\/"}}]}},"_links":{"self":[{"href":"https:\/\/inco-rep.com\/en\/wp-json\/wp\/v2\/product\/4670","targetHints":{"allow":["GET"]}}],"collection":[{"href":"https:\/\/inco-rep.com\/en\/wp-json\/wp\/v2\/product"}],"about":[{"href":"https:\/\/inco-rep.com\/en\/wp-json\/wp\/v2\/types\/product"}],"replies":[{"embeddable":true,"href":"https:\/\/inco-rep.com\/en\/wp-json\/wp\/v2\/comments?post=4670"}],"wp:featuredmedia":[{"embeddable":true,"href":"https:\/\/inco-rep.com\/en\/wp-json\/wp\/v2\/media\/4671"}],"wp:attachment":[{"href":"https:\/\/inco-rep.com\/en\/wp-json\/wp\/v2\/media?parent=4670"}],"wp:term":[{"taxonomy":"product_cat","embeddable":true,"href":"https:\/\/inco-rep.com\/en\/wp-json\/wp\/v2\/product_cat?post=4670"},{"taxonomy":"product_tag","embeddable":true,"href":"https:\/\/inco-rep.com\/en\/wp-json\/wp\/v2\/product_tag?post=4670"}],"curies":[{"name":"wp","href":"https:\/\/api.w.org\/{rel}","templated":true}]}}