{"id":4672,"date":"2024-01-15T17:37:37","date_gmt":"2024-01-15T17:37:37","guid":{"rendered":"https:\/\/inco-rep.com\/?post_type=product&#038;p=4672"},"modified":"2024-06-11T01:26:51","modified_gmt":"2024-06-11T01:26:51","slug":"soporte-universal-bullet","status":"publish","type":"product","link":"https:\/\/inco-rep.com\/en\/product\/soporte-universal-bullet\/","title":{"rendered":"Quick Snap Plastic Hardware"},"content":{"rendered":"<p>&nbsp;<\/p>\n<table style=\"height: 44px;\" border=\"0\" width=\"631\" frame=\"VOID\" rules=\"NONE\" cellspacing=\"0\">\n<colgroup>\n<col width=\"65\" \/>\n<col width=\"272\" \/>\n<col width=\"87\" \/>\n<col width=\"88\" \/><\/colgroup>\n<tbody>\n<tr>\n<td colspan=\"2\" rowspan=\"2\" align=\"CENTER\" valign=\"MIDDLE\" width=\"337\" height=\"40\"><b><span style=\"color: #000000; font-family: Calibri;\">PRODUCT DESCRIPTION (STRIP DOOR \/CURTAIN MOUNTING)<\/span><\/b><\/td>\n<td rowspan=\"2\" align=\"CENTER\" valign=\"MIDDLE\" width=\"87\"><b><span style=\"color: #000000; font-family: Calibri;\">FT<\/span><\/b><\/td>\n<td rowspan=\"2\" align=\"CENTER\" valign=\"MIDDLE\" width=\"88\"><b><span style=\"color: #000000; font-family: Calibri;\">PART NUMBER<\/span><\/b><\/td>\n<\/tr>\n<\/tbody>\n<\/table>\n<table style=\"height: 30px;\" border=\"0\" width=\"630\" frame=\"VOID\" rules=\"NONE\" cellspacing=\"0\">\n<colgroup>\n<col width=\"65\" \/>\n<col width=\"272\" \/>\n<col width=\"87\" \/>\n<col width=\"88\" \/><\/colgroup>\n<tbody>\n<tr>\n<td style=\"text-align: left;\" colspan=\"2\" align=\"CENTER\" valign=\"BOTTOM\" bgcolor=\"#EDEDED\" width=\"337\" height=\"19\"><span style=\"color: #000000; font-family: Calibri;\">Polymer Fast Snap Universal Mount &#8211; 2&#8242; Section<\/span><\/td>\n<td align=\"CENTER\" valign=\"BOTTOM\" bgcolor=\"#EDEDED\" width=\"87\"><span style=\"color: #000000; font-family: Calibri;\">2<\/span><\/td>\n<td align=\"LEFT\" valign=\"BOTTOM\" bgcolor=\"#EDEDED\" width=\"88\"><span style=\"color: #000000; font-family: Calibri;\">SCH60QSU<\/span><\/td>\n<\/tr>\n<\/tbody>\n<\/table>","protected":false},"excerpt":{"rendered":"<p>The Universal Quick Snap Plastic Bracket offers two installation modes, as front mounting or on the inside of the frame. It is the most practical on the market, it only requires perforated strips, it saves time in installing and replacing plastic strips, ideal for offices and the home.<\/p>","protected":false},"featured_media":5080,"comment_status":"closed","ping_status":"closed","template":"","meta":[],"product_cat":[197],"product_tag":[211],"class_list":{"0":"post-4672","1":"product","2":"type-product","3":"status-publish","4":"has-post-thumbnail","6":"product_cat-accesorios","7":"product_tag-soporte","9":"first","10":"instock","11":"shipping-taxable","12":"product-type-simple"},"yoast_head":"<!-- This site is optimized with the Yoast SEO plugin v23.3 - https:\/\/yoast.com\/wordpress\/plugins\/seo\/ -->\n<title>Soporte Pl\u00e1stico FS | Inco Suministros Ambientales<\/title>\n<meta name=\"robots\" content=\"index, follow, max-snippet:-1, max-image-preview:large, max-video-preview:-1\" \/>\n<link rel=\"canonical\" href=\"https:\/\/inco-rep.com\/en\/product\/soporte-universal-bullet\/\" \/>\n<meta property=\"og:locale\" content=\"en_US\" \/>\n<meta property=\"og:type\" content=\"article\" \/>\n<meta property=\"og:title\" content=\"Soporte Pl\u00e1stico FS | Inco Suministros Ambientales\" \/>\n<meta property=\"og:description\" content=\"El Soporte Pl\u00e1stico Quick Snap Universal Ofrece dos modos de instalaci\u00f3n, como montaje frontal o en la parte Interior del marco. Es lo mas Practico en el Mercado, Solo requiere tiras perforadas, Ahorra tiempo en instalaci\u00f3n y reemplazo de tiras de pl\u00e1stico, Ideal para Oficinas y para el hogar.\" \/>\n<meta property=\"og:url\" content=\"https:\/\/inco-rep.com\/en\/product\/soporte-universal-bullet\/\" \/>\n<meta property=\"og:site_name\" content=\"Inco Suministros Ambientales\" \/>\n<meta property=\"article:modified_time\" content=\"2024-06-11T01:26:51+00:00\" \/>\n<meta property=\"og:image\" content=\"http:\/\/inco-rep.com\/wp-content\/uploads\/2024\/01\/soporte-plastic.jpg\" \/>\n\t<meta property=\"og:image:width\" content=\"600\" \/>\n\t<meta property=\"og:image:height\" content=\"600\" \/>\n\t<meta property=\"og:image:type\" content=\"image\/jpeg\" \/>\n<meta name=\"twitter:card\" content=\"summary_large_image\" \/>\n<meta name=\"twitter:label1\" content=\"Est. reading time\" \/>\n\t<meta name=\"twitter:data1\" content=\"1 minute\" \/>\n<script type=\"application\/ld+json\" class=\"yoast-schema-graph\">{\"@context\":\"https:\/\/schema.org\",\"@graph\":[{\"@type\":\"WebPage\",\"@id\":\"https:\/\/inco-rep.com\/producto\/soporte-universal-bullet\/\",\"url\":\"https:\/\/inco-rep.com\/producto\/soporte-universal-bullet\/\",\"name\":\"Soporte Pl\u00e1stico FS | Inco Suministros Ambientales\",\"isPartOf\":{\"@id\":\"https:\/\/inco-rep.com\/#website\"},\"primaryImageOfPage\":{\"@id\":\"https:\/\/inco-rep.com\/producto\/soporte-universal-bullet\/#primaryimage\"},\"image\":{\"@id\":\"https:\/\/inco-rep.com\/producto\/soporte-universal-bullet\/#primaryimage\"},\"thumbnailUrl\":\"https:\/\/inco-rep.com\/wp-content\/uploads\/2024\/01\/soporte-plastic.jpg\",\"datePublished\":\"2024-01-15T17:37:37+00:00\",\"dateModified\":\"2024-06-11T01:26:51+00:00\",\"breadcrumb\":{\"@id\":\"https:\/\/inco-rep.com\/producto\/soporte-universal-bullet\/#breadcrumb\"},\"inLanguage\":\"en-US\",\"potentialAction\":[{\"@type\":\"ReadAction\",\"target\":[\"https:\/\/inco-rep.com\/producto\/soporte-universal-bullet\/\"]}]},{\"@type\":\"ImageObject\",\"inLanguage\":\"en-US\",\"@id\":\"https:\/\/inco-rep.com\/producto\/soporte-universal-bullet\/#primaryimage\",\"url\":\"https:\/\/inco-rep.com\/wp-content\/uploads\/2024\/01\/soporte-plastic.jpg\",\"contentUrl\":\"https:\/\/inco-rep.com\/wp-content\/uploads\/2024\/01\/soporte-plastic.jpg\",\"width\":600,\"height\":600},{\"@type\":\"BreadcrumbList\",\"@id\":\"https:\/\/inco-rep.com\/producto\/soporte-universal-bullet\/#breadcrumb\",\"itemListElement\":[{\"@type\":\"ListItem\",\"position\":1,\"name\":\"Inicio\",\"item\":\"https:\/\/inco-rep.com\/\"},{\"@type\":\"ListItem\",\"position\":2,\"name\":\"Productos\",\"item\":\"https:\/\/inco-rep.com\/shop\/\"},{\"@type\":\"ListItem\",\"position\":3,\"name\":\"Soporte Pl\u00e1stico FS\"}]},{\"@type\":\"WebSite\",\"@id\":\"https:\/\/inco-rep.com\/#website\",\"url\":\"https:\/\/inco-rep.com\/\",\"name\":\"Inco Suministros Ambientales\",\"description\":\"\",\"publisher\":{\"@id\":\"https:\/\/inco-rep.com\/#organization\"},\"potentialAction\":[{\"@type\":\"SearchAction\",\"target\":{\"@type\":\"EntryPoint\",\"urlTemplate\":\"https:\/\/inco-rep.com\/?s={search_term_string}\"},\"query-input\":\"required name=search_term_string\"}],\"inLanguage\":\"en-US\"},{\"@type\":\"Organization\",\"@id\":\"https:\/\/inco-rep.com\/#organization\",\"name\":\"Inco Suministros Ambientales\",\"url\":\"https:\/\/inco-rep.com\/\",\"logo\":{\"@type\":\"ImageObject\",\"inLanguage\":\"en-US\",\"@id\":\"https:\/\/inco-rep.com\/#\/schema\/logo\/image\/\",\"url\":\"https:\/\/inco-rep.com\/wp-content\/uploads\/2024\/02\/logo-2.png\",\"contentUrl\":\"https:\/\/inco-rep.com\/wp-content\/uploads\/2024\/02\/logo-2.png\",\"width\":180,\"height\":59,\"caption\":\"Inco Suministros Ambientales\"},\"image\":{\"@id\":\"https:\/\/inco-rep.com\/#\/schema\/logo\/image\/\"}}]}<\/script>\n<!-- \/ Yoast SEO plugin. -->","yoast_head_json":{"title":"Soporte Pl\u00e1stico FS | Inco Suministros Ambientales","robots":{"index":"index","follow":"follow","max-snippet":"max-snippet:-1","max-image-preview":"max-image-preview:large","max-video-preview":"max-video-preview:-1"},"canonical":"https:\/\/inco-rep.com\/en\/product\/soporte-universal-bullet\/","og_locale":"en_US","og_type":"article","og_title":"Soporte Pl\u00e1stico FS | Inco Suministros Ambientales","og_description":"El Soporte Pl\u00e1stico Quick Snap Universal Ofrece dos modos de instalaci\u00f3n, como montaje frontal o en la parte Interior del marco. Es lo mas Practico en el Mercado, Solo requiere tiras perforadas, Ahorra tiempo en instalaci\u00f3n y reemplazo de tiras de pl\u00e1stico, Ideal para Oficinas y para el hogar.","og_url":"https:\/\/inco-rep.com\/en\/product\/soporte-universal-bullet\/","og_site_name":"Inco Suministros Ambientales","article_modified_time":"2024-06-11T01:26:51+00:00","og_image":[{"width":600,"height":600,"url":"http:\/\/inco-rep.com\/wp-content\/uploads\/2024\/01\/soporte-plastic.jpg","type":"image\/jpeg"}],"twitter_card":"summary_large_image","twitter_misc":{"Est. reading time":"1 minute"},"schema":{"@context":"https:\/\/schema.org","@graph":[{"@type":"WebPage","@id":"https:\/\/inco-rep.com\/producto\/soporte-universal-bullet\/","url":"https:\/\/inco-rep.com\/producto\/soporte-universal-bullet\/","name":"Soporte Pl\u00e1stico FS | Inco Suministros Ambientales","isPartOf":{"@id":"https:\/\/inco-rep.com\/#website"},"primaryImageOfPage":{"@id":"https:\/\/inco-rep.com\/producto\/soporte-universal-bullet\/#primaryimage"},"image":{"@id":"https:\/\/inco-rep.com\/producto\/soporte-universal-bullet\/#primaryimage"},"thumbnailUrl":"https:\/\/inco-rep.com\/wp-content\/uploads\/2024\/01\/soporte-plastic.jpg","datePublished":"2024-01-15T17:37:37+00:00","dateModified":"2024-06-11T01:26:51+00:00","breadcrumb":{"@id":"https:\/\/inco-rep.com\/producto\/soporte-universal-bullet\/#breadcrumb"},"inLanguage":"en-US","potentialAction":[{"@type":"ReadAction","target":["https:\/\/inco-rep.com\/producto\/soporte-universal-bullet\/"]}]},{"@type":"ImageObject","inLanguage":"en-US","@id":"https:\/\/inco-rep.com\/producto\/soporte-universal-bullet\/#primaryimage","url":"https:\/\/inco-rep.com\/wp-content\/uploads\/2024\/01\/soporte-plastic.jpg","contentUrl":"https:\/\/inco-rep.com\/wp-content\/uploads\/2024\/01\/soporte-plastic.jpg","width":600,"height":600},{"@type":"BreadcrumbList","@id":"https:\/\/inco-rep.com\/producto\/soporte-universal-bullet\/#breadcrumb","itemListElement":[{"@type":"ListItem","position":1,"name":"Inicio","item":"https:\/\/inco-rep.com\/"},{"@type":"ListItem","position":2,"name":"Productos","item":"https:\/\/inco-rep.com\/shop\/"},{"@type":"ListItem","position":3,"name":"Soporte Pl\u00e1stico FS"}]},{"@type":"WebSite","@id":"https:\/\/inco-rep.com\/#website","url":"https:\/\/inco-rep.com\/","name":"Inco Suministros Ambientales","description":"","publisher":{"@id":"https:\/\/inco-rep.com\/#organization"},"potentialAction":[{"@type":"SearchAction","target":{"@type":"EntryPoint","urlTemplate":"https:\/\/inco-rep.com\/?s={search_term_string}"},"query-input":"required name=search_term_string"}],"inLanguage":"en-US"},{"@type":"Organization","@id":"https:\/\/inco-rep.com\/#organization","name":"Inco Suministros Ambientales","url":"https:\/\/inco-rep.com\/","logo":{"@type":"ImageObject","inLanguage":"en-US","@id":"https:\/\/inco-rep.com\/#\/schema\/logo\/image\/","url":"https:\/\/inco-rep.com\/wp-content\/uploads\/2024\/02\/logo-2.png","contentUrl":"https:\/\/inco-rep.com\/wp-content\/uploads\/2024\/02\/logo-2.png","width":180,"height":59,"caption":"Inco Suministros Ambientales"},"image":{"@id":"https:\/\/inco-rep.com\/#\/schema\/logo\/image\/"}}]}},"_links":{"self":[{"href":"https:\/\/inco-rep.com\/en\/wp-json\/wp\/v2\/product\/4672","targetHints":{"allow":["GET"]}}],"collection":[{"href":"https:\/\/inco-rep.com\/en\/wp-json\/wp\/v2\/product"}],"about":[{"href":"https:\/\/inco-rep.com\/en\/wp-json\/wp\/v2\/types\/product"}],"replies":[{"embeddable":true,"href":"https:\/\/inco-rep.com\/en\/wp-json\/wp\/v2\/comments?post=4672"}],"wp:featuredmedia":[{"embeddable":true,"href":"https:\/\/inco-rep.com\/en\/wp-json\/wp\/v2\/media\/5080"}],"wp:attachment":[{"href":"https:\/\/inco-rep.com\/en\/wp-json\/wp\/v2\/media?parent=4672"}],"wp:term":[{"taxonomy":"product_cat","embeddable":true,"href":"https:\/\/inco-rep.com\/en\/wp-json\/wp\/v2\/product_cat?post=4672"},{"taxonomy":"product_tag","embeddable":true,"href":"https:\/\/inco-rep.com\/en\/wp-json\/wp\/v2\/product_tag?post=4672"}],"curies":[{"name":"wp","href":"https:\/\/api.w.org\/{rel}","templated":true}]}}