{"id":4689,"date":"2024-02-15T18:11:27","date_gmt":"2024-02-15T18:11:27","guid":{"rendered":"https:\/\/inco-rep.com\/?post_type=product&#038;p=4689"},"modified":"2024-04-17T02:14:14","modified_gmt":"2024-04-17T02:14:14","slug":"sello-cabezal-solido","status":"publish","type":"product","link":"https:\/\/inco-rep.com\/en\/product\/sello-cabezal-solido\/","title":{"rendered":"Head Pad Dock Seal"},"content":{"rendered":"<p>The function of dock seals is to reduce the exchange of air between the ship and the outside, as well as provide security in loading and unloading operations by avoiding visual or direct contact by providing a tight seal between the truck and the dock or loading dock. This keeps temperatures constant and keeps bugs, moisture and other things out of your building.<\/p>\n<h2>Est\u00e1ndades<\/h2>\n<h3>Design<\/h3>\n<ul>\n<li>Solid fixed compressible head for maximum superior sealing.<\/li>\n<li>Trapezoidal section legs to increase the use of vehicle width as well as facilitate the alignment of the truck to the seal.<\/li>\n<li>Wear flaps as standard 12\u201d high spaced every 8\u201d and in 40 ounce canvas.<\/li>\n<li>Signage with yellow PVC tarpaulin to guide the truck.<\/li>\n<li>External side air vents on the legs to reduce compression stress.<\/li>\n<li>Eyelet at the bases of the legs to drain accumulated rainwater.<\/li>\n<li>Installation hardware in lime galvanized sheet. 14.<\/li>\n<li>Wedge-type leg base to prevent damage with platform stops and bottom sealing flap.<\/li>\n<\/ul>\n<h3>Materials<\/h3>\n<ul>\n<li>Base in 1\u00bd\u201d thick baked and treated structural pine wood.<\/li>\n<li>Polyurethane foam core, density 17, 35 kg. per mt\u00b3\u00a0of high resilience, compressible and uta-reformative.<\/li>\n<li>PVC canvas linings of 24 or 40 ounces per Yd\u00b2 with high resistance to breaking, tearing and abrasion with polyester fiber weaving.<\/li>\n<li>Wear flaps in 24 or 40 ounces per Yd\u00b2 canvas.<\/li>\n<\/ul>\n<h3>Applications<\/h3>\n<ul>\n<li>Refrigerated warehouses, temperature conservation is essential in the cold chain.<\/li>\n<li>\u00a0Openings with minimum heights of 9\u2032 (for higher openings other models are recommended)<\/li>\n<li>Vehicle fleet with similar heights.<\/li>\n<\/ul>\n<p>&nbsp;<\/p>","protected":false},"excerpt":{"rendered":"<p>CS series loading dock access seal (Head Pad Dock Seal) consisting of:<\/p>\n<ul>\n<li>2 side legs with solid base, high-density polyurethane foam core and lined with industrial PVC canvas.<\/li>\n<li>1 fixed head with solid base, high-density polyurethane foam core and lined with industrial PVC canvas.<\/li>\n<\/ul>\n<p>&nbsp;<\/p>\n<p>&nbsp;<\/p>","protected":false},"featured_media":4879,"comment_status":"closed","ping_status":"closed","template":"","meta":[],"product_cat":[195,212],"product_tag":[216],"class_list":{"0":"post-4689","1":"product","2":"type-product","3":"status-publish","4":"has-post-thumbnail","6":"product_cat-equipo-para-anden","7":"product_cat-sello-anden","8":"product_tag-sello-anden","10":"first","11":"instock","12":"shipping-taxable","13":"product-type-simple"},"yoast_head":"<!-- This site is optimized with the Yoast SEO plugin v23.3 - https:\/\/yoast.com\/wordpress\/plugins\/seo\/ -->\n<title>Sello Cabezal S\u00f3lido | Inco Suministros Ambientales<\/title>\n<meta name=\"robots\" content=\"index, follow, max-snippet:-1, max-image-preview:large, max-video-preview:-1\" \/>\n<link rel=\"canonical\" href=\"https:\/\/inco-rep.com\/en\/product\/sello-cabezal-solido\/\" \/>\n<meta property=\"og:locale\" content=\"en_US\" \/>\n<meta property=\"og:type\" content=\"article\" \/>\n<meta property=\"og:title\" content=\"Sello Cabezal S\u00f3lido | Inco Suministros Ambientales\" \/>\n<meta property=\"og:description\" content=\"Sello para acceso de and\u00e9n de carga series CS (Cabezal S\u00f3lido Fijo) que consta de:   2 piernas laterales con base s\u00f3lida, alma de espuma de poliuretano de alta densidad y forrado don lona de PVC industrial.  1 cabezal fijo con base s\u00f3lida, alma de espuma de poliuretano de alta densidad y forrado con lona de PVC industrial.  &nbsp;  &nbsp;\" \/>\n<meta property=\"og:url\" content=\"https:\/\/inco-rep.com\/en\/product\/sello-cabezal-solido\/\" \/>\n<meta property=\"og:site_name\" content=\"Inco Suministros Ambientales\" \/>\n<meta property=\"article:modified_time\" content=\"2024-04-17T02:14:14+00:00\" \/>\n<meta property=\"og:image\" content=\"http:\/\/inco-rep.com\/wp-content\/uploads\/2024\/02\/sello-cabezal-solido.jpg\" \/>\n\t<meta property=\"og:image:width\" content=\"600\" \/>\n\t<meta property=\"og:image:height\" content=\"600\" \/>\n\t<meta property=\"og:image:type\" content=\"image\/jpeg\" \/>\n<meta name=\"twitter:card\" content=\"summary_large_image\" \/>\n<meta name=\"twitter:label1\" content=\"Est. reading time\" \/>\n\t<meta name=\"twitter:data1\" content=\"2 minutes\" \/>\n<script type=\"application\/ld+json\" class=\"yoast-schema-graph\">{\"@context\":\"https:\/\/schema.org\",\"@graph\":[{\"@type\":\"WebPage\",\"@id\":\"https:\/\/inco-rep.com\/producto\/sello-cabezal-solido\/\",\"url\":\"https:\/\/inco-rep.com\/producto\/sello-cabezal-solido\/\",\"name\":\"Sello Cabezal S\u00f3lido | Inco Suministros Ambientales\",\"isPartOf\":{\"@id\":\"https:\/\/inco-rep.com\/#website\"},\"primaryImageOfPage\":{\"@id\":\"https:\/\/inco-rep.com\/producto\/sello-cabezal-solido\/#primaryimage\"},\"image\":{\"@id\":\"https:\/\/inco-rep.com\/producto\/sello-cabezal-solido\/#primaryimage\"},\"thumbnailUrl\":\"https:\/\/inco-rep.com\/wp-content\/uploads\/2024\/02\/sello-cabezal-solido.jpg\",\"datePublished\":\"2024-02-15T18:11:27+00:00\",\"dateModified\":\"2024-04-17T02:14:14+00:00\",\"breadcrumb\":{\"@id\":\"https:\/\/inco-rep.com\/producto\/sello-cabezal-solido\/#breadcrumb\"},\"inLanguage\":\"en-US\",\"potentialAction\":[{\"@type\":\"ReadAction\",\"target\":[\"https:\/\/inco-rep.com\/producto\/sello-cabezal-solido\/\"]}]},{\"@type\":\"ImageObject\",\"inLanguage\":\"en-US\",\"@id\":\"https:\/\/inco-rep.com\/producto\/sello-cabezal-solido\/#primaryimage\",\"url\":\"https:\/\/inco-rep.com\/wp-content\/uploads\/2024\/02\/sello-cabezal-solido.jpg\",\"contentUrl\":\"https:\/\/inco-rep.com\/wp-content\/uploads\/2024\/02\/sello-cabezal-solido.jpg\",\"width\":600,\"height\":600,\"caption\":\"Sello Cabezal Solido\"},{\"@type\":\"BreadcrumbList\",\"@id\":\"https:\/\/inco-rep.com\/producto\/sello-cabezal-solido\/#breadcrumb\",\"itemListElement\":[{\"@type\":\"ListItem\",\"position\":1,\"name\":\"Inicio\",\"item\":\"https:\/\/inco-rep.com\/\"},{\"@type\":\"ListItem\",\"position\":2,\"name\":\"Productos\",\"item\":\"https:\/\/inco-rep.com\/shop\/\"},{\"@type\":\"ListItem\",\"position\":3,\"name\":\"Sello Cabezal S\u00f3lido\"}]},{\"@type\":\"WebSite\",\"@id\":\"https:\/\/inco-rep.com\/#website\",\"url\":\"https:\/\/inco-rep.com\/\",\"name\":\"Inco Suministros Ambientales\",\"description\":\"\",\"publisher\":{\"@id\":\"https:\/\/inco-rep.com\/#organization\"},\"potentialAction\":[{\"@type\":\"SearchAction\",\"target\":{\"@type\":\"EntryPoint\",\"urlTemplate\":\"https:\/\/inco-rep.com\/?s={search_term_string}\"},\"query-input\":\"required name=search_term_string\"}],\"inLanguage\":\"en-US\"},{\"@type\":\"Organization\",\"@id\":\"https:\/\/inco-rep.com\/#organization\",\"name\":\"Inco Suministros Ambientales\",\"url\":\"https:\/\/inco-rep.com\/\",\"logo\":{\"@type\":\"ImageObject\",\"inLanguage\":\"en-US\",\"@id\":\"https:\/\/inco-rep.com\/#\/schema\/logo\/image\/\",\"url\":\"https:\/\/inco-rep.com\/wp-content\/uploads\/2024\/02\/logo-2.png\",\"contentUrl\":\"https:\/\/inco-rep.com\/wp-content\/uploads\/2024\/02\/logo-2.png\",\"width\":180,\"height\":59,\"caption\":\"Inco Suministros Ambientales\"},\"image\":{\"@id\":\"https:\/\/inco-rep.com\/#\/schema\/logo\/image\/\"}}]}<\/script>\n<!-- \/ Yoast SEO plugin. -->","yoast_head_json":{"title":"Sello Cabezal S\u00f3lido | Inco Suministros Ambientales","robots":{"index":"index","follow":"follow","max-snippet":"max-snippet:-1","max-image-preview":"max-image-preview:large","max-video-preview":"max-video-preview:-1"},"canonical":"https:\/\/inco-rep.com\/en\/product\/sello-cabezal-solido\/","og_locale":"en_US","og_type":"article","og_title":"Sello Cabezal S\u00f3lido | Inco Suministros Ambientales","og_description":"Sello para acceso de and\u00e9n de carga series CS (Cabezal S\u00f3lido Fijo) que consta de:   2 piernas laterales con base s\u00f3lida, alma de espuma de poliuretano de alta densidad y forrado don lona de PVC industrial.  1 cabezal fijo con base s\u00f3lida, alma de espuma de poliuretano de alta densidad y forrado con lona de PVC industrial.  &nbsp;  &nbsp;","og_url":"https:\/\/inco-rep.com\/en\/product\/sello-cabezal-solido\/","og_site_name":"Inco Suministros Ambientales","article_modified_time":"2024-04-17T02:14:14+00:00","og_image":[{"width":600,"height":600,"url":"http:\/\/inco-rep.com\/wp-content\/uploads\/2024\/02\/sello-cabezal-solido.jpg","type":"image\/jpeg"}],"twitter_card":"summary_large_image","twitter_misc":{"Est. reading time":"2 minutes"},"schema":{"@context":"https:\/\/schema.org","@graph":[{"@type":"WebPage","@id":"https:\/\/inco-rep.com\/producto\/sello-cabezal-solido\/","url":"https:\/\/inco-rep.com\/producto\/sello-cabezal-solido\/","name":"Sello Cabezal S\u00f3lido | Inco Suministros Ambientales","isPartOf":{"@id":"https:\/\/inco-rep.com\/#website"},"primaryImageOfPage":{"@id":"https:\/\/inco-rep.com\/producto\/sello-cabezal-solido\/#primaryimage"},"image":{"@id":"https:\/\/inco-rep.com\/producto\/sello-cabezal-solido\/#primaryimage"},"thumbnailUrl":"https:\/\/inco-rep.com\/wp-content\/uploads\/2024\/02\/sello-cabezal-solido.jpg","datePublished":"2024-02-15T18:11:27+00:00","dateModified":"2024-04-17T02:14:14+00:00","breadcrumb":{"@id":"https:\/\/inco-rep.com\/producto\/sello-cabezal-solido\/#breadcrumb"},"inLanguage":"en-US","potentialAction":[{"@type":"ReadAction","target":["https:\/\/inco-rep.com\/producto\/sello-cabezal-solido\/"]}]},{"@type":"ImageObject","inLanguage":"en-US","@id":"https:\/\/inco-rep.com\/producto\/sello-cabezal-solido\/#primaryimage","url":"https:\/\/inco-rep.com\/wp-content\/uploads\/2024\/02\/sello-cabezal-solido.jpg","contentUrl":"https:\/\/inco-rep.com\/wp-content\/uploads\/2024\/02\/sello-cabezal-solido.jpg","width":600,"height":600,"caption":"Sello Cabezal Solido"},{"@type":"BreadcrumbList","@id":"https:\/\/inco-rep.com\/producto\/sello-cabezal-solido\/#breadcrumb","itemListElement":[{"@type":"ListItem","position":1,"name":"Inicio","item":"https:\/\/inco-rep.com\/"},{"@type":"ListItem","position":2,"name":"Productos","item":"https:\/\/inco-rep.com\/shop\/"},{"@type":"ListItem","position":3,"name":"Sello Cabezal S\u00f3lido"}]},{"@type":"WebSite","@id":"https:\/\/inco-rep.com\/#website","url":"https:\/\/inco-rep.com\/","name":"Inco Suministros Ambientales","description":"","publisher":{"@id":"https:\/\/inco-rep.com\/#organization"},"potentialAction":[{"@type":"SearchAction","target":{"@type":"EntryPoint","urlTemplate":"https:\/\/inco-rep.com\/?s={search_term_string}"},"query-input":"required name=search_term_string"}],"inLanguage":"en-US"},{"@type":"Organization","@id":"https:\/\/inco-rep.com\/#organization","name":"Inco Suministros Ambientales","url":"https:\/\/inco-rep.com\/","logo":{"@type":"ImageObject","inLanguage":"en-US","@id":"https:\/\/inco-rep.com\/#\/schema\/logo\/image\/","url":"https:\/\/inco-rep.com\/wp-content\/uploads\/2024\/02\/logo-2.png","contentUrl":"https:\/\/inco-rep.com\/wp-content\/uploads\/2024\/02\/logo-2.png","width":180,"height":59,"caption":"Inco Suministros Ambientales"},"image":{"@id":"https:\/\/inco-rep.com\/#\/schema\/logo\/image\/"}}]}},"_links":{"self":[{"href":"https:\/\/inco-rep.com\/en\/wp-json\/wp\/v2\/product\/4689","targetHints":{"allow":["GET"]}}],"collection":[{"href":"https:\/\/inco-rep.com\/en\/wp-json\/wp\/v2\/product"}],"about":[{"href":"https:\/\/inco-rep.com\/en\/wp-json\/wp\/v2\/types\/product"}],"replies":[{"embeddable":true,"href":"https:\/\/inco-rep.com\/en\/wp-json\/wp\/v2\/comments?post=4689"}],"wp:featuredmedia":[{"embeddable":true,"href":"https:\/\/inco-rep.com\/en\/wp-json\/wp\/v2\/media\/4879"}],"wp:attachment":[{"href":"https:\/\/inco-rep.com\/en\/wp-json\/wp\/v2\/media?parent=4689"}],"wp:term":[{"taxonomy":"product_cat","embeddable":true,"href":"https:\/\/inco-rep.com\/en\/wp-json\/wp\/v2\/product_cat?post=4689"},{"taxonomy":"product_tag","embeddable":true,"href":"https:\/\/inco-rep.com\/en\/wp-json\/wp\/v2\/product_tag?post=4689"}],"curies":[{"name":"wp","href":"https:\/\/api.w.org\/{rel}","templated":true}]}}