{"id":4696,"date":"2024-02-15T18:17:30","date_gmt":"2024-02-15T18:17:30","guid":{"rendered":"https:\/\/inco-rep.com\/?post_type=product&#038;p=4696"},"modified":"2024-04-17T02:05:14","modified_gmt":"2024-04-17T02:05:14","slug":"semaforos","status":"publish","type":"product","link":"https:\/\/inco-rep.com\/en\/product\/semaforos\/","title":{"rendered":"Traffic Lights"},"content":{"rendered":"<h2>Caracter\u00edsticas<\/h2>\n<table border=\"0\" frame=\"VOID\" rules=\"NONE\" cellspacing=\"0\">\n<colgroup>\n<col width=\"82\" \/>\n<col width=\"65\" \/>\n<col width=\"65\" \/>\n<col width=\"94\" \/>\n<col width=\"89\" \/>\n<col width=\"65\" \/>\n<col width=\"65\" \/>\n<col width=\"65\" \/><\/colgroup>\n<tbody>\n<tr>\n<td colspan=\"8\" align=\"LEFT\" valign=\"TOP\" width=\"588\" height=\"20\">\n<ul>\n<li><span style=\"color: #000000; font-family: Calibri;\">Exclusive optical lens with Uniform Illumination.<\/span><\/li>\n<\/ul>\n<\/td>\n<\/tr>\n<tr>\n<td colspan=\"8\" align=\"LEFT\" valign=\"TOP\" height=\"20\">\n<ul>\n<li><span style=\"color: #000000; font-family: Calibri;\">Lighting Intensity 400-600cd.<\/span><\/li>\n<\/ul>\n<\/td>\n<\/tr>\n<tr>\n<td colspan=\"8\" align=\"LEFT\" valign=\"TOP\" height=\"20\">\n<ul>\n<li><span style=\"color: #000000; font-family: Calibri;\">Hermetically Sealed<\/span><\/li>\n<\/ul>\n<\/td>\n<\/tr>\n<tr>\n<td colspan=\"8\" align=\"LEFT\" valign=\"TOP\" height=\"20\">\n<ul>\n<li><span style=\"color: #000000; font-family: Calibri;\">Viewing angle: 30\u00b0<\/span><\/li>\n<\/ul>\n<\/td>\n<\/tr>\n<tr>\n<td colspan=\"8\" align=\"LEFT\" valign=\"TOP\" height=\"20\">\n<ul>\n<li><span style=\"color: #000000; font-family: Calibri;\">Made of ABS plastic<\/span><\/li>\n<\/ul>\n<\/td>\n<\/tr>\n<tr>\n<td colspan=\"8\" align=\"LEFT\" valign=\"TOP\" height=\"20\">\n<ul>\n<li><span style=\"color: #000000; font-family: Calibri;\">Activated with Pulse dry contact<\/span><\/li>\n<\/ul>\n<\/td>\n<\/tr>\n<tr>\n<td colspan=\"8\" align=\"LEFT\" valign=\"TOP\" height=\"20\">\n<ul>\n<li><span style=\"color: #000000; font-family: Calibri;\">Complies with CE, GB14887-2007, ITE, EN12368<\/span><\/li>\n<\/ul>\n<\/td>\n<\/tr>\n<tr>\n<td colspan=\"8\" align=\"LEFT\" valign=\"TOP\" height=\"20\">\n<ul>\n<li><span style=\"color: #000000; font-family: Calibri;\">LED life time greater than 80,000 Hr<\/span><\/li>\n<\/ul>\n<\/td>\n<\/tr>\n<\/tbody>\n<\/table>","protected":false},"excerpt":{"rendered":"<p>Innovation &amp; design with elegant appearance for vehicular traffic control.<\/p>\n<p>Electrical consumption providing a truly wide viewing angle, in addition to a lifespan of up to 80,000 hours, its multi-layer Optical Lens is completely sealed, protecting the equipment against water ingress, and provides well-defined colors that increase the motorist's range of vision even in adverse operating conditions.<\/p>","protected":false},"featured_media":4882,"comment_status":"closed","ping_status":"closed","template":"","meta":[],"product_cat":[195,215],"product_tag":[218],"class_list":{"0":"post-4696","1":"product","2":"type-product","3":"status-publish","4":"has-post-thumbnail","6":"product_cat-equipo-para-anden","7":"product_cat-accesorios-equipo-para-anden","8":"product_tag-accesorios","10":"first","11":"instock","12":"shipping-taxable","13":"product-type-simple"},"yoast_head":"<!-- This site is optimized with the Yoast SEO plugin v23.3 - https:\/\/yoast.com\/wordpress\/plugins\/seo\/ -->\n<title>Sem\u00e1foros | Inco Suministros Ambientales<\/title>\n<meta name=\"robots\" content=\"index, follow, max-snippet:-1, max-image-preview:large, max-video-preview:-1\" \/>\n<link rel=\"canonical\" href=\"https:\/\/inco-rep.com\/en\/product\/semaforos\/\" \/>\n<meta property=\"og:locale\" content=\"en_US\" \/>\n<meta property=\"og:type\" content=\"article\" \/>\n<meta property=\"og:title\" content=\"Sem\u00e1foros | Inco Suministros Ambientales\" \/>\n<meta property=\"og:description\" content=\"Novedoso dise\u00f1o con elegante apariencia para el control de trafico vehicular.  Consumo el\u00e9ctrico proporcionando un \u00e1ngulo de visi\u00f3n verdaderamente amplio, adem\u00e1s de una duraci\u00f3n de hasta 80,000 horas, su Lente \u00d3ptico multicapa es completamente sellado, protegiendo el equipo contra ingreso de agua, y proporciona colores bien definidos que incrementan el rango de visi\u00f3n del automovilista aun en condiciones adversas de operaci\u00f3n.\" \/>\n<meta property=\"og:url\" content=\"https:\/\/inco-rep.com\/en\/product\/semaforos\/\" \/>\n<meta property=\"og:site_name\" content=\"Inco Suministros Ambientales\" \/>\n<meta property=\"article:modified_time\" content=\"2024-04-17T02:05:14+00:00\" \/>\n<meta property=\"og:image\" content=\"http:\/\/inco-rep.com\/wp-content\/uploads\/2024\/02\/semaforo-industrial.jpg\" \/>\n\t<meta property=\"og:image:width\" content=\"600\" \/>\n\t<meta property=\"og:image:height\" content=\"600\" \/>\n\t<meta property=\"og:image:type\" content=\"image\/jpeg\" \/>\n<meta name=\"twitter:card\" content=\"summary_large_image\" \/>\n<meta name=\"twitter:label1\" content=\"Est. reading time\" \/>\n\t<meta name=\"twitter:data1\" content=\"1 minute\" \/>\n<script type=\"application\/ld+json\" class=\"yoast-schema-graph\">{\"@context\":\"https:\/\/schema.org\",\"@graph\":[{\"@type\":\"WebPage\",\"@id\":\"https:\/\/inco-rep.com\/producto\/semaforos\/\",\"url\":\"https:\/\/inco-rep.com\/producto\/semaforos\/\",\"name\":\"Sem\u00e1foros | Inco Suministros Ambientales\",\"isPartOf\":{\"@id\":\"https:\/\/inco-rep.com\/#website\"},\"primaryImageOfPage\":{\"@id\":\"https:\/\/inco-rep.com\/producto\/semaforos\/#primaryimage\"},\"image\":{\"@id\":\"https:\/\/inco-rep.com\/producto\/semaforos\/#primaryimage\"},\"thumbnailUrl\":\"https:\/\/inco-rep.com\/wp-content\/uploads\/2024\/02\/semaforo-industrial.jpg\",\"datePublished\":\"2024-02-15T18:17:30+00:00\",\"dateModified\":\"2024-04-17T02:05:14+00:00\",\"breadcrumb\":{\"@id\":\"https:\/\/inco-rep.com\/producto\/semaforos\/#breadcrumb\"},\"inLanguage\":\"en-US\",\"potentialAction\":[{\"@type\":\"ReadAction\",\"target\":[\"https:\/\/inco-rep.com\/producto\/semaforos\/\"]}]},{\"@type\":\"ImageObject\",\"inLanguage\":\"en-US\",\"@id\":\"https:\/\/inco-rep.com\/producto\/semaforos\/#primaryimage\",\"url\":\"https:\/\/inco-rep.com\/wp-content\/uploads\/2024\/02\/semaforo-industrial.jpg\",\"contentUrl\":\"https:\/\/inco-rep.com\/wp-content\/uploads\/2024\/02\/semaforo-industrial.jpg\",\"width\":600,\"height\":600,\"caption\":\"sem\u00e1foro industrial\"},{\"@type\":\"BreadcrumbList\",\"@id\":\"https:\/\/inco-rep.com\/producto\/semaforos\/#breadcrumb\",\"itemListElement\":[{\"@type\":\"ListItem\",\"position\":1,\"name\":\"Inicio\",\"item\":\"https:\/\/inco-rep.com\/\"},{\"@type\":\"ListItem\",\"position\":2,\"name\":\"Productos\",\"item\":\"https:\/\/inco-rep.com\/shop\/\"},{\"@type\":\"ListItem\",\"position\":3,\"name\":\"Sem\u00e1foros\"}]},{\"@type\":\"WebSite\",\"@id\":\"https:\/\/inco-rep.com\/#website\",\"url\":\"https:\/\/inco-rep.com\/\",\"name\":\"Inco Suministros Ambientales\",\"description\":\"\",\"publisher\":{\"@id\":\"https:\/\/inco-rep.com\/#organization\"},\"potentialAction\":[{\"@type\":\"SearchAction\",\"target\":{\"@type\":\"EntryPoint\",\"urlTemplate\":\"https:\/\/inco-rep.com\/?s={search_term_string}\"},\"query-input\":\"required name=search_term_string\"}],\"inLanguage\":\"en-US\"},{\"@type\":\"Organization\",\"@id\":\"https:\/\/inco-rep.com\/#organization\",\"name\":\"Inco Suministros Ambientales\",\"url\":\"https:\/\/inco-rep.com\/\",\"logo\":{\"@type\":\"ImageObject\",\"inLanguage\":\"en-US\",\"@id\":\"https:\/\/inco-rep.com\/#\/schema\/logo\/image\/\",\"url\":\"https:\/\/inco-rep.com\/wp-content\/uploads\/2024\/02\/logo-2.png\",\"contentUrl\":\"https:\/\/inco-rep.com\/wp-content\/uploads\/2024\/02\/logo-2.png\",\"width\":180,\"height\":59,\"caption\":\"Inco Suministros Ambientales\"},\"image\":{\"@id\":\"https:\/\/inco-rep.com\/#\/schema\/logo\/image\/\"}}]}<\/script>\n<!-- \/ Yoast SEO plugin. -->","yoast_head_json":{"title":"Sem\u00e1foros | Inco Suministros Ambientales","robots":{"index":"index","follow":"follow","max-snippet":"max-snippet:-1","max-image-preview":"max-image-preview:large","max-video-preview":"max-video-preview:-1"},"canonical":"https:\/\/inco-rep.com\/en\/product\/semaforos\/","og_locale":"en_US","og_type":"article","og_title":"Sem\u00e1foros | Inco Suministros Ambientales","og_description":"Novedoso dise\u00f1o con elegante apariencia para el control de trafico vehicular.  Consumo el\u00e9ctrico proporcionando un \u00e1ngulo de visi\u00f3n verdaderamente amplio, adem\u00e1s de una duraci\u00f3n de hasta 80,000 horas, su Lente \u00d3ptico multicapa es completamente sellado, protegiendo el equipo contra ingreso de agua, y proporciona colores bien definidos que incrementan el rango de visi\u00f3n del automovilista aun en condiciones adversas de operaci\u00f3n.","og_url":"https:\/\/inco-rep.com\/en\/product\/semaforos\/","og_site_name":"Inco Suministros Ambientales","article_modified_time":"2024-04-17T02:05:14+00:00","og_image":[{"width":600,"height":600,"url":"http:\/\/inco-rep.com\/wp-content\/uploads\/2024\/02\/semaforo-industrial.jpg","type":"image\/jpeg"}],"twitter_card":"summary_large_image","twitter_misc":{"Est. reading time":"1 minute"},"schema":{"@context":"https:\/\/schema.org","@graph":[{"@type":"WebPage","@id":"https:\/\/inco-rep.com\/producto\/semaforos\/","url":"https:\/\/inco-rep.com\/producto\/semaforos\/","name":"Sem\u00e1foros | Inco Suministros Ambientales","isPartOf":{"@id":"https:\/\/inco-rep.com\/#website"},"primaryImageOfPage":{"@id":"https:\/\/inco-rep.com\/producto\/semaforos\/#primaryimage"},"image":{"@id":"https:\/\/inco-rep.com\/producto\/semaforos\/#primaryimage"},"thumbnailUrl":"https:\/\/inco-rep.com\/wp-content\/uploads\/2024\/02\/semaforo-industrial.jpg","datePublished":"2024-02-15T18:17:30+00:00","dateModified":"2024-04-17T02:05:14+00:00","breadcrumb":{"@id":"https:\/\/inco-rep.com\/producto\/semaforos\/#breadcrumb"},"inLanguage":"en-US","potentialAction":[{"@type":"ReadAction","target":["https:\/\/inco-rep.com\/producto\/semaforos\/"]}]},{"@type":"ImageObject","inLanguage":"en-US","@id":"https:\/\/inco-rep.com\/producto\/semaforos\/#primaryimage","url":"https:\/\/inco-rep.com\/wp-content\/uploads\/2024\/02\/semaforo-industrial.jpg","contentUrl":"https:\/\/inco-rep.com\/wp-content\/uploads\/2024\/02\/semaforo-industrial.jpg","width":600,"height":600,"caption":"sem\u00e1foro industrial"},{"@type":"BreadcrumbList","@id":"https:\/\/inco-rep.com\/producto\/semaforos\/#breadcrumb","itemListElement":[{"@type":"ListItem","position":1,"name":"Inicio","item":"https:\/\/inco-rep.com\/"},{"@type":"ListItem","position":2,"name":"Productos","item":"https:\/\/inco-rep.com\/shop\/"},{"@type":"ListItem","position":3,"name":"Sem\u00e1foros"}]},{"@type":"WebSite","@id":"https:\/\/inco-rep.com\/#website","url":"https:\/\/inco-rep.com\/","name":"Inco Suministros Ambientales","description":"","publisher":{"@id":"https:\/\/inco-rep.com\/#organization"},"potentialAction":[{"@type":"SearchAction","target":{"@type":"EntryPoint","urlTemplate":"https:\/\/inco-rep.com\/?s={search_term_string}"},"query-input":"required name=search_term_string"}],"inLanguage":"en-US"},{"@type":"Organization","@id":"https:\/\/inco-rep.com\/#organization","name":"Inco Suministros Ambientales","url":"https:\/\/inco-rep.com\/","logo":{"@type":"ImageObject","inLanguage":"en-US","@id":"https:\/\/inco-rep.com\/#\/schema\/logo\/image\/","url":"https:\/\/inco-rep.com\/wp-content\/uploads\/2024\/02\/logo-2.png","contentUrl":"https:\/\/inco-rep.com\/wp-content\/uploads\/2024\/02\/logo-2.png","width":180,"height":59,"caption":"Inco Suministros Ambientales"},"image":{"@id":"https:\/\/inco-rep.com\/#\/schema\/logo\/image\/"}}]}},"_links":{"self":[{"href":"https:\/\/inco-rep.com\/en\/wp-json\/wp\/v2\/product\/4696","targetHints":{"allow":["GET"]}}],"collection":[{"href":"https:\/\/inco-rep.com\/en\/wp-json\/wp\/v2\/product"}],"about":[{"href":"https:\/\/inco-rep.com\/en\/wp-json\/wp\/v2\/types\/product"}],"replies":[{"embeddable":true,"href":"https:\/\/inco-rep.com\/en\/wp-json\/wp\/v2\/comments?post=4696"}],"wp:featuredmedia":[{"embeddable":true,"href":"https:\/\/inco-rep.com\/en\/wp-json\/wp\/v2\/media\/4882"}],"wp:attachment":[{"href":"https:\/\/inco-rep.com\/en\/wp-json\/wp\/v2\/media?parent=4696"}],"wp:term":[{"taxonomy":"product_cat","embeddable":true,"href":"https:\/\/inco-rep.com\/en\/wp-json\/wp\/v2\/product_cat?post=4696"},{"taxonomy":"product_tag","embeddable":true,"href":"https:\/\/inco-rep.com\/en\/wp-json\/wp\/v2\/product_tag?post=4696"}],"curies":[{"name":"wp","href":"https:\/\/api.w.org\/{rel}","templated":true}]}}