{"id":4697,"date":"2024-02-15T18:17:53","date_gmt":"2024-02-15T18:17:53","guid":{"rendered":"https:\/\/inco-rep.com\/?post_type=product&#038;p=4697"},"modified":"2024-04-17T02:03:29","modified_gmt":"2024-04-17T02:03:29","slug":"lamaparas","status":"publish","type":"product","link":"https:\/\/inco-rep.com\/en\/product\/lamaparas\/","title":{"rendered":"Spotlights"},"content":{"rendered":"<h3>Benefits<\/h3>\n<ul>\n<li>The design of the lamp allows easy and simple use for any operator<\/li>\n<li>Spotlights are a reflector that illuminates the entire trailer container without any problem.<\/li>\n<li>It provides the operator with a clear vision that helps him avoid complications and\/or possible accidents as he unloads the pallets.<\/li>\n<\/ul>\n<h3>Advantages<\/h3>\n<ul>\n<li>Replaces halogen lamps<\/li>\n<li>LED technology is more efficient and can save more than 80% energy<\/li>\n<li>The 18W LED lamp illuminates like 120W<\/li>\n<li>Illuminates the entire trailer container<\/li>\n<li>No transformer required \u2023 The lamp includes 1 18W bulb<\/li>\n<\/ul>","protected":false},"excerpt":{"rendered":"<p>Spotlights are one of the essential accessories to achieve safe loading and unloading maneuvers, both for the operators and for the product.<\/p>\n<p>The trailer container is always dark on the inside and the reach of natural light is impossible to the bottom of it, therefore, it is necessary to illuminate the container so that the operator can maneuver with light inside the trailer.<\/p>\n<p>Spotlights are a reflector that allows us to illuminate the trailer container in its entirety, the operator will no longer have complications when loading and\/or unloading the first or last pallets.<\/p>","protected":false},"featured_media":4886,"comment_status":"closed","ping_status":"closed","template":"","meta":[],"product_cat":[195,215],"product_tag":[218],"class_list":{"0":"post-4697","1":"product","2":"type-product","3":"status-publish","4":"has-post-thumbnail","6":"product_cat-equipo-para-anden","7":"product_cat-accesorios-equipo-para-anden","8":"product_tag-accesorios","10":"first","11":"instock","12":"shipping-taxable","13":"product-type-simple"},"yoast_head":"<!-- This site is optimized with the Yoast SEO plugin v23.3 - https:\/\/yoast.com\/wordpress\/plugins\/seo\/ -->\n<title>L\u00e1maparas | Inco Suministros Ambientales<\/title>\n<meta name=\"robots\" content=\"index, follow, max-snippet:-1, max-image-preview:large, max-video-preview:-1\" \/>\n<link rel=\"canonical\" href=\"https:\/\/inco-rep.com\/en\/product\/lamaparas\/\" \/>\n<meta property=\"og:locale\" content=\"en_US\" \/>\n<meta property=\"og:type\" content=\"article\" \/>\n<meta property=\"og:title\" content=\"L\u00e1maparas | Inco Suministros Ambientales\" \/>\n<meta property=\"og:description\" content=\"La l\u00e1mpara de and\u00e9n forma parte de los accesorios indispensables para conseguir maniobras de carga y descarga con seguridad, tanto para los operadores como para el producto.  La caja de tr\u00e1iler siempre es oscura en la parte interna y el alcance de la luz natural es imposible hasta el fondo de ella, por lo que, es necesario alumbrar la caja para que el operador pueda maniobrar con luz en la parte interior del tr\u00e1iler.  La l\u00e1mpara de and\u00e9n es un reflector que nos permite iluminar la caja del tr\u00e1iler en su totalidad, el operador ya no tendr\u00e1 complicaciones al momento de realizar la carga y\/o descarga los primeros o \u00faltimos pallets,\" \/>\n<meta property=\"og:url\" content=\"https:\/\/inco-rep.com\/en\/product\/lamaparas\/\" \/>\n<meta property=\"og:site_name\" content=\"Inco Suministros Ambientales\" \/>\n<meta property=\"article:modified_time\" content=\"2024-04-17T02:03:29+00:00\" \/>\n<meta property=\"og:image\" content=\"http:\/\/inco-rep.com\/wp-content\/uploads\/2024\/02\/lampara1.jpg\" \/>\n\t<meta property=\"og:image:width\" content=\"600\" \/>\n\t<meta property=\"og:image:height\" content=\"600\" \/>\n\t<meta property=\"og:image:type\" content=\"image\/jpeg\" \/>\n<meta name=\"twitter:card\" content=\"summary_large_image\" \/>\n<meta name=\"twitter:label1\" content=\"Est. reading time\" \/>\n\t<meta name=\"twitter:data1\" content=\"1 minute\" \/>\n<script type=\"application\/ld+json\" class=\"yoast-schema-graph\">{\"@context\":\"https:\/\/schema.org\",\"@graph\":[{\"@type\":\"WebPage\",\"@id\":\"https:\/\/inco-rep.com\/producto\/lamaparas\/\",\"url\":\"https:\/\/inco-rep.com\/producto\/lamaparas\/\",\"name\":\"L\u00e1maparas | Inco Suministros Ambientales\",\"isPartOf\":{\"@id\":\"https:\/\/inco-rep.com\/#website\"},\"primaryImageOfPage\":{\"@id\":\"https:\/\/inco-rep.com\/producto\/lamaparas\/#primaryimage\"},\"image\":{\"@id\":\"https:\/\/inco-rep.com\/producto\/lamaparas\/#primaryimage\"},\"thumbnailUrl\":\"https:\/\/inco-rep.com\/wp-content\/uploads\/2024\/02\/lampara1.jpg\",\"datePublished\":\"2024-02-15T18:17:53+00:00\",\"dateModified\":\"2024-04-17T02:03:29+00:00\",\"breadcrumb\":{\"@id\":\"https:\/\/inco-rep.com\/producto\/lamaparas\/#breadcrumb\"},\"inLanguage\":\"en-US\",\"potentialAction\":[{\"@type\":\"ReadAction\",\"target\":[\"https:\/\/inco-rep.com\/producto\/lamaparas\/\"]}]},{\"@type\":\"ImageObject\",\"inLanguage\":\"en-US\",\"@id\":\"https:\/\/inco-rep.com\/producto\/lamaparas\/#primaryimage\",\"url\":\"https:\/\/inco-rep.com\/wp-content\/uploads\/2024\/02\/lampara1.jpg\",\"contentUrl\":\"https:\/\/inco-rep.com\/wp-content\/uploads\/2024\/02\/lampara1.jpg\",\"width\":600,\"height\":600},{\"@type\":\"BreadcrumbList\",\"@id\":\"https:\/\/inco-rep.com\/producto\/lamaparas\/#breadcrumb\",\"itemListElement\":[{\"@type\":\"ListItem\",\"position\":1,\"name\":\"Inicio\",\"item\":\"https:\/\/inco-rep.com\/\"},{\"@type\":\"ListItem\",\"position\":2,\"name\":\"Productos\",\"item\":\"https:\/\/inco-rep.com\/shop\/\"},{\"@type\":\"ListItem\",\"position\":3,\"name\":\"L\u00e1maparas\"}]},{\"@type\":\"WebSite\",\"@id\":\"https:\/\/inco-rep.com\/#website\",\"url\":\"https:\/\/inco-rep.com\/\",\"name\":\"Inco Suministros Ambientales\",\"description\":\"\",\"publisher\":{\"@id\":\"https:\/\/inco-rep.com\/#organization\"},\"potentialAction\":[{\"@type\":\"SearchAction\",\"target\":{\"@type\":\"EntryPoint\",\"urlTemplate\":\"https:\/\/inco-rep.com\/?s={search_term_string}\"},\"query-input\":\"required name=search_term_string\"}],\"inLanguage\":\"en-US\"},{\"@type\":\"Organization\",\"@id\":\"https:\/\/inco-rep.com\/#organization\",\"name\":\"Inco Suministros Ambientales\",\"url\":\"https:\/\/inco-rep.com\/\",\"logo\":{\"@type\":\"ImageObject\",\"inLanguage\":\"en-US\",\"@id\":\"https:\/\/inco-rep.com\/#\/schema\/logo\/image\/\",\"url\":\"https:\/\/inco-rep.com\/wp-content\/uploads\/2024\/02\/logo-2.png\",\"contentUrl\":\"https:\/\/inco-rep.com\/wp-content\/uploads\/2024\/02\/logo-2.png\",\"width\":180,\"height\":59,\"caption\":\"Inco Suministros Ambientales\"},\"image\":{\"@id\":\"https:\/\/inco-rep.com\/#\/schema\/logo\/image\/\"}}]}<\/script>\n<!-- \/ Yoast SEO plugin. -->","yoast_head_json":{"title":"L\u00e1maparas | Inco Suministros Ambientales","robots":{"index":"index","follow":"follow","max-snippet":"max-snippet:-1","max-image-preview":"max-image-preview:large","max-video-preview":"max-video-preview:-1"},"canonical":"https:\/\/inco-rep.com\/en\/product\/lamaparas\/","og_locale":"en_US","og_type":"article","og_title":"L\u00e1maparas | Inco Suministros Ambientales","og_description":"La l\u00e1mpara de and\u00e9n forma parte de los accesorios indispensables para conseguir maniobras de carga y descarga con seguridad, tanto para los operadores como para el producto.  La caja de tr\u00e1iler siempre es oscura en la parte interna y el alcance de la luz natural es imposible hasta el fondo de ella, por lo que, es necesario alumbrar la caja para que el operador pueda maniobrar con luz en la parte interior del tr\u00e1iler.  La l\u00e1mpara de and\u00e9n es un reflector que nos permite iluminar la caja del tr\u00e1iler en su totalidad, el operador ya no tendr\u00e1 complicaciones al momento de realizar la carga y\/o descarga los primeros o \u00faltimos pallets,","og_url":"https:\/\/inco-rep.com\/en\/product\/lamaparas\/","og_site_name":"Inco Suministros Ambientales","article_modified_time":"2024-04-17T02:03:29+00:00","og_image":[{"width":600,"height":600,"url":"http:\/\/inco-rep.com\/wp-content\/uploads\/2024\/02\/lampara1.jpg","type":"image\/jpeg"}],"twitter_card":"summary_large_image","twitter_misc":{"Est. reading time":"1 minute"},"schema":{"@context":"https:\/\/schema.org","@graph":[{"@type":"WebPage","@id":"https:\/\/inco-rep.com\/producto\/lamaparas\/","url":"https:\/\/inco-rep.com\/producto\/lamaparas\/","name":"L\u00e1maparas | Inco Suministros Ambientales","isPartOf":{"@id":"https:\/\/inco-rep.com\/#website"},"primaryImageOfPage":{"@id":"https:\/\/inco-rep.com\/producto\/lamaparas\/#primaryimage"},"image":{"@id":"https:\/\/inco-rep.com\/producto\/lamaparas\/#primaryimage"},"thumbnailUrl":"https:\/\/inco-rep.com\/wp-content\/uploads\/2024\/02\/lampara1.jpg","datePublished":"2024-02-15T18:17:53+00:00","dateModified":"2024-04-17T02:03:29+00:00","breadcrumb":{"@id":"https:\/\/inco-rep.com\/producto\/lamaparas\/#breadcrumb"},"inLanguage":"en-US","potentialAction":[{"@type":"ReadAction","target":["https:\/\/inco-rep.com\/producto\/lamaparas\/"]}]},{"@type":"ImageObject","inLanguage":"en-US","@id":"https:\/\/inco-rep.com\/producto\/lamaparas\/#primaryimage","url":"https:\/\/inco-rep.com\/wp-content\/uploads\/2024\/02\/lampara1.jpg","contentUrl":"https:\/\/inco-rep.com\/wp-content\/uploads\/2024\/02\/lampara1.jpg","width":600,"height":600},{"@type":"BreadcrumbList","@id":"https:\/\/inco-rep.com\/producto\/lamaparas\/#breadcrumb","itemListElement":[{"@type":"ListItem","position":1,"name":"Inicio","item":"https:\/\/inco-rep.com\/"},{"@type":"ListItem","position":2,"name":"Productos","item":"https:\/\/inco-rep.com\/shop\/"},{"@type":"ListItem","position":3,"name":"L\u00e1maparas"}]},{"@type":"WebSite","@id":"https:\/\/inco-rep.com\/#website","url":"https:\/\/inco-rep.com\/","name":"Inco Suministros Ambientales","description":"","publisher":{"@id":"https:\/\/inco-rep.com\/#organization"},"potentialAction":[{"@type":"SearchAction","target":{"@type":"EntryPoint","urlTemplate":"https:\/\/inco-rep.com\/?s={search_term_string}"},"query-input":"required name=search_term_string"}],"inLanguage":"en-US"},{"@type":"Organization","@id":"https:\/\/inco-rep.com\/#organization","name":"Inco Suministros Ambientales","url":"https:\/\/inco-rep.com\/","logo":{"@type":"ImageObject","inLanguage":"en-US","@id":"https:\/\/inco-rep.com\/#\/schema\/logo\/image\/","url":"https:\/\/inco-rep.com\/wp-content\/uploads\/2024\/02\/logo-2.png","contentUrl":"https:\/\/inco-rep.com\/wp-content\/uploads\/2024\/02\/logo-2.png","width":180,"height":59,"caption":"Inco Suministros Ambientales"},"image":{"@id":"https:\/\/inco-rep.com\/#\/schema\/logo\/image\/"}}]}},"_links":{"self":[{"href":"https:\/\/inco-rep.com\/en\/wp-json\/wp\/v2\/product\/4697","targetHints":{"allow":["GET"]}}],"collection":[{"href":"https:\/\/inco-rep.com\/en\/wp-json\/wp\/v2\/product"}],"about":[{"href":"https:\/\/inco-rep.com\/en\/wp-json\/wp\/v2\/types\/product"}],"replies":[{"embeddable":true,"href":"https:\/\/inco-rep.com\/en\/wp-json\/wp\/v2\/comments?post=4697"}],"wp:featuredmedia":[{"embeddable":true,"href":"https:\/\/inco-rep.com\/en\/wp-json\/wp\/v2\/media\/4886"}],"wp:attachment":[{"href":"https:\/\/inco-rep.com\/en\/wp-json\/wp\/v2\/media?parent=4697"}],"wp:term":[{"taxonomy":"product_cat","embeddable":true,"href":"https:\/\/inco-rep.com\/en\/wp-json\/wp\/v2\/product_cat?post=4697"},{"taxonomy":"product_tag","embeddable":true,"href":"https:\/\/inco-rep.com\/en\/wp-json\/wp\/v2\/product_tag?post=4697"}],"curies":[{"name":"wp","href":"https:\/\/api.w.org\/{rel}","templated":true}]}}